{"id":34006,"date":"2025-05-06T09:32:23","date_gmt":"2025-05-06T07:32:23","guid":{"rendered":"https:\/\/www.dvc.video\/proizvod\/Bez%20kategorije\/dvc-dt851-s-2\/"},"modified":"2026-04-18T05:09:39","modified_gmt":"2026-04-18T03:09:39","slug":"dvc-dt851-s-2","status":"publish","type":"product","link":"https:\/\/www.dvc.video\/hu\/termek\/kaputelefon-es-video-kaputelefon\/kulteri-egysegek\/dvc-dt851-s-2\/","title":{"rendered":"DVC DT851\/S"},"content":{"rendered":"","protected":false},"excerpt":{"rendered":"<p>\u201eT\u00f6bb bej\u00e1rat\u00fa ajt\u00f3\u00e1llom\u00e1s 170\u00b0-os Star \u00e9jjell\u00e1t\u00f3 halszem kamer\u00e1val, billenty\u0171zettel, 2,8\u2033\u201d k\u00e9perny\u0151vel \u00e9s be\u00e9p\u00edtett k\u00e1rtyaolvas\u00f3val. Fel\u00fcleti telep\u00edt\u00e9s. DVC DMR18S csere\u201d<\/p>\n","protected":false},"featured_media":34312,"template":"","meta":{"_et_pb_use_builder":"","_et_pb_old_content":"","_et_gb_content_width":""},"product_brand":[],"product_cat":[10215,10222],"product_tag":[],"class_list":{"0":"post-34006","1":"product","2":"type-product","3":"status-publish","4":"has-post-thumbnail","6":"product_cat-kaputelefon-es-video-kaputelefon","7":"product_cat-kulteri-egysegek","9":"first","10":"instock","11":"shipping-taxable","12":"product-type-simple"},"_links":{"self":[{"href":"https:\/\/www.dvc.video\/hu\/wp-json\/wp\/v2\/product\/34006","targetHints":{"allow":["GET"]}}],"collection":[{"href":"https:\/\/www.dvc.video\/hu\/wp-json\/wp\/v2\/product"}],"about":[{"href":"https:\/\/www.dvc.video\/hu\/wp-json\/wp\/v2\/types\/product"}],"wp:featuredmedia":[{"embeddable":true,"href":"https:\/\/www.dvc.video\/hu\/wp-json\/wp\/v2\/media\/34312"}],"wp:attachment":[{"href":"https:\/\/www.dvc.video\/hu\/wp-json\/wp\/v2\/media?parent=34006"}],"wp:term":[{"taxonomy":"product_brand","embeddable":true,"href":"https:\/\/www.dvc.video\/hu\/wp-json\/wp\/v2\/product_brand?post=34006"},{"taxonomy":"product_cat","embeddable":true,"href":"https:\/\/www.dvc.video\/hu\/wp-json\/wp\/v2\/product_cat?post=34006"},{"taxonomy":"product_tag","embeddable":true,"href":"https:\/\/www.dvc.video\/hu\/wp-json\/wp\/v2\/product_tag?post=34006"}],"curies":[{"name":"wp","href":"https:\/\/api.w.org\/{rel}","templated":true}]}}