{"id":34002,"date":"2025-05-06T09:32:22","date_gmt":"2025-05-06T07:32:22","guid":{"rendered":"https:\/\/www.dvc.video\/proizvod\/Bez%20kategorije\/dvc-dh-rl1-2\/"},"modified":"2026-04-04T05:09:05","modified_gmt":"2026-04-04T03:09:05","slug":"dvc-dh-rl1-2","status":"publish","type":"product","link":"https:\/\/www.dvc.video\/hu\/termek\/kaputelefon-es-video-kaputelefon\/rendszer-osszetevok\/dvc-dh-rl1-2\/","title":{"rendered":"DVC DH-RL1"},"content":{"rendered":"","protected":false},"excerpt":{"rendered":"<p>Rel\u00e9 modul DH (hibrid) rendszerhez. Kieg\u00e9sz\u00edt\u0151 z\u00e1r nyit\u00e1s\u00e1ra vagy a l\u00e1mp\u00e1k vez\u00e9rl\u00e9s\u00e9re szolg\u00e1l.<\/p>\n","protected":false},"featured_media":34292,"template":"","meta":{"_et_pb_use_builder":"","_et_pb_old_content":"","_et_gb_content_width":""},"product_brand":[],"product_cat":[10215,10219],"product_tag":[],"class_list":{"0":"post-34002","1":"product","2":"type-product","3":"status-publish","4":"has-post-thumbnail","6":"product_cat-kaputelefon-es-video-kaputelefon","7":"product_cat-rendszer-osszetevok","9":"first","10":"instock","11":"shipping-taxable","12":"product-type-simple"},"_links":{"self":[{"href":"https:\/\/www.dvc.video\/hu\/wp-json\/wp\/v2\/product\/34002","targetHints":{"allow":["GET"]}}],"collection":[{"href":"https:\/\/www.dvc.video\/hu\/wp-json\/wp\/v2\/product"}],"about":[{"href":"https:\/\/www.dvc.video\/hu\/wp-json\/wp\/v2\/types\/product"}],"wp:featuredmedia":[{"embeddable":true,"href":"https:\/\/www.dvc.video\/hu\/wp-json\/wp\/v2\/media\/34292"}],"wp:attachment":[{"href":"https:\/\/www.dvc.video\/hu\/wp-json\/wp\/v2\/media?parent=34002"}],"wp:term":[{"taxonomy":"product_brand","embeddable":true,"href":"https:\/\/www.dvc.video\/hu\/wp-json\/wp\/v2\/product_brand?post=34002"},{"taxonomy":"product_cat","embeddable":true,"href":"https:\/\/www.dvc.video\/hu\/wp-json\/wp\/v2\/product_cat?post=34002"},{"taxonomy":"product_tag","embeddable":true,"href":"https:\/\/www.dvc.video\/hu\/wp-json\/wp\/v2\/product_tag?post=34002"}],"curies":[{"name":"wp","href":"https:\/\/api.w.org\/{rel}","templated":true}]}}