{"id":33993,"date":"2025-05-06T09:32:28","date_gmt":"2025-05-06T07:32:28","guid":{"rendered":"https:\/\/www.dvc.video\/proizvod\/Bez%20kategorije\/dvc-821-dh-vd-2\/"},"modified":"2026-04-11T05:09:49","modified_gmt":"2026-04-11T03:09:49","slug":"dvc-821-dh-vd-2","status":"publish","type":"product","link":"https:\/\/www.dvc.video\/hu\/termek\/kaputelefon-es-video-kaputelefon\/kulteri-egyseg-modulok\/dvc-821-dh-vd-2\/","title":{"rendered":"DVC 821-DH\/VD"},"content":{"rendered":"","protected":false},"excerpt":{"rendered":"<p>F\u0151 (vide\u00f3) modul 821-es sorozat\u00fa modul\u00e1ris egys\u00e9gekhez DH (hibrid) rendszerhez<\/p>\n","protected":false},"featured_media":34242,"template":"","meta":{"_et_pb_use_builder":"","_et_pb_old_content":"","_et_gb_content_width":""},"product_brand":[],"product_cat":[10215,10220],"product_tag":[],"class_list":{"0":"post-33993","1":"product","2":"type-product","3":"status-publish","4":"has-post-thumbnail","6":"product_cat-kaputelefon-es-video-kaputelefon","7":"product_cat-kulteri-egyseg-modulok","9":"first","10":"instock","11":"shipping-taxable","12":"product-type-simple"},"_links":{"self":[{"href":"https:\/\/www.dvc.video\/hu\/wp-json\/wp\/v2\/product\/33993","targetHints":{"allow":["GET"]}}],"collection":[{"href":"https:\/\/www.dvc.video\/hu\/wp-json\/wp\/v2\/product"}],"about":[{"href":"https:\/\/www.dvc.video\/hu\/wp-json\/wp\/v2\/types\/product"}],"wp:featuredmedia":[{"embeddable":true,"href":"https:\/\/www.dvc.video\/hu\/wp-json\/wp\/v2\/media\/34242"}],"wp:attachment":[{"href":"https:\/\/www.dvc.video\/hu\/wp-json\/wp\/v2\/media?parent=33993"}],"wp:term":[{"taxonomy":"product_brand","embeddable":true,"href":"https:\/\/www.dvc.video\/hu\/wp-json\/wp\/v2\/product_brand?post=33993"},{"taxonomy":"product_cat","embeddable":true,"href":"https:\/\/www.dvc.video\/hu\/wp-json\/wp\/v2\/product_cat?post=33993"},{"taxonomy":"product_tag","embeddable":true,"href":"https:\/\/www.dvc.video\/hu\/wp-json\/wp\/v2\/product_tag?post=33993"}],"curies":[{"name":"wp","href":"https:\/\/api.w.org\/{rel}","templated":true}]}}