{"id":33992,"date":"2025-05-06T09:32:20","date_gmt":"2025-05-06T07:32:20","guid":{"rendered":"https:\/\/www.dvc.video\/proizvod\/Bez%20kategorije\/dvn-f2230cwl-2\/"},"modified":"2026-04-18T05:10:27","modified_gmt":"2026-04-18T03:10:27","slug":"dvn-f2230cwl-2","status":"publish","type":"product","link":"https:\/\/www.dvc.video\/hu\/termek\/kaputelefon-es-video-kaputelefon\/kulteri-egysegek\/dvn-f2230cwl-2\/","title":{"rendered":"DVN-F2230CWL"},"content":{"rendered":"<p><a href=\"https:\/\/b2b.alarmautomatika.com\/documentation\/Video_nadzor\/7_IP_video_nadzor\/Korisni\u010dke_upute_i_softwari_za_panteon\/DVC data sheets\/DVN-F2230CWL.pdf?utm_source=dvc&amp;utm_medium=web&amp;utm_campaign=datasheet&amp;utm_term=DVN-F2230CWL\" target=\"_blank\" class=\"button-datasheet\" rel=\"noopener\">Datasheet<\/a><\/p>\n","protected":false},"excerpt":{"rendered":"<p>Video cseng\u0151, 2Mpx, k\u00e9tir\u00e1ny\u00fa hang mobil APP-val, ajt\u00f3nyit\u00e1s a k\u00e1rtya leh\u00faz\u00e1s\u00e1val, mobil APP, IR \u00e9s feh\u00e9r LED l\u00e1mp\u00e1k, szabot\u00e1zsriaszt\u00f3 \u00e9s ajt\u00f3 visszajelz\u0151 riaszt\u00e1s, 2,4G Wi-Fi, be\u00e9p\u00edtett hely micro SD k\u00e1rtya sz\u00e1m\u00e1ra, 256 GB-ig, arcfelismer\u00e9s, arcr\u00f6gz\u00edt\u00e9s<\/p>\n","protected":false},"featured_media":34432,"template":"","meta":{"_et_pb_use_builder":"","_et_pb_old_content":"","_et_gb_content_width":""},"product_brand":[],"product_cat":[10215,10222],"product_tag":[],"class_list":{"0":"post-33992","1":"product","2":"type-product","3":"status-publish","4":"has-post-thumbnail","6":"product_cat-kaputelefon-es-video-kaputelefon","7":"product_cat-kulteri-egysegek","9":"first","10":"instock","11":"shipping-taxable","12":"product-type-simple"},"_links":{"self":[{"href":"https:\/\/www.dvc.video\/hu\/wp-json\/wp\/v2\/product\/33992","targetHints":{"allow":["GET"]}}],"collection":[{"href":"https:\/\/www.dvc.video\/hu\/wp-json\/wp\/v2\/product"}],"about":[{"href":"https:\/\/www.dvc.video\/hu\/wp-json\/wp\/v2\/types\/product"}],"wp:featuredmedia":[{"embeddable":true,"href":"https:\/\/www.dvc.video\/hu\/wp-json\/wp\/v2\/media\/34432"}],"wp:attachment":[{"href":"https:\/\/www.dvc.video\/hu\/wp-json\/wp\/v2\/media?parent=33992"}],"wp:term":[{"taxonomy":"product_brand","embeddable":true,"href":"https:\/\/www.dvc.video\/hu\/wp-json\/wp\/v2\/product_brand?post=33992"},{"taxonomy":"product_cat","embeddable":true,"href":"https:\/\/www.dvc.video\/hu\/wp-json\/wp\/v2\/product_cat?post=33992"},{"taxonomy":"product_tag","embeddable":true,"href":"https:\/\/www.dvc.video\/hu\/wp-json\/wp\/v2\/product_tag?post=33992"}],"curies":[{"name":"wp","href":"https:\/\/api.w.org\/{rel}","templated":true}]}}