{"id":32642,"date":"2025-01-21T14:31:20","date_gmt":"2025-01-21T13:31:20","guid":{"rendered":"https:\/\/www.dvc.video\/proizvod\/Bez%20kategorije\/dtc-bf5073v2-2\/"},"modified":"2026-04-25T05:16:04","modified_gmt":"2026-04-25T03:16:04","slug":"dtc-bf5073v2-2","status":"publish","type":"product","link":"https:\/\/www.dvc.video\/hu\/termek\/video-megfigyeles\/kamerak\/dtc-bf5073v2-2\/","title":{"rendered":"DTC-BF5073V2"},"content":{"rendered":"","protected":false},"excerpt":{"rendered":"<p>Thermal Bullet IP videokamera, termikus felbont\u00e1s 256\u00d7192 termikus lencse 7mm@F1.0, m\u00e9r\u00e9si t\u00e1vols\u00e1g 1,1m, pontoss\u00e1g \u00b18\u00b0C, optikai felbont\u00e1s 5Mpx\/30fps, lencse 7mm, H.265, IR 20-30m, True WDR 120dB, 12VDC\/PoE, SD k\u00e1rtya, audio in+hangsz\u00f3r\u00f3, feh\u00e9r f\u00e9ny.<\/p>\n","protected":false},"featured_media":32942,"template":"","meta":{"_et_pb_use_builder":"","_et_pb_old_content":"","_et_gb_content_width":""},"product_brand":[],"product_cat":[10228,10223],"product_tag":[],"class_list":{"0":"post-32642","1":"product","2":"type-product","3":"status-publish","4":"has-post-thumbnail","6":"product_cat-kamerak","7":"product_cat-video-megfigyeles","9":"first","10":"instock","11":"shipping-taxable","12":"product-type-simple"},"_links":{"self":[{"href":"https:\/\/www.dvc.video\/hu\/wp-json\/wp\/v2\/product\/32642","targetHints":{"allow":["GET"]}}],"collection":[{"href":"https:\/\/www.dvc.video\/hu\/wp-json\/wp\/v2\/product"}],"about":[{"href":"https:\/\/www.dvc.video\/hu\/wp-json\/wp\/v2\/types\/product"}],"wp:featuredmedia":[{"embeddable":true,"href":"https:\/\/www.dvc.video\/hu\/wp-json\/wp\/v2\/media\/32942"}],"wp:attachment":[{"href":"https:\/\/www.dvc.video\/hu\/wp-json\/wp\/v2\/media?parent=32642"}],"wp:term":[{"taxonomy":"product_brand","embeddable":true,"href":"https:\/\/www.dvc.video\/hu\/wp-json\/wp\/v2\/product_brand?post=32642"},{"taxonomy":"product_cat","embeddable":true,"href":"https:\/\/www.dvc.video\/hu\/wp-json\/wp\/v2\/product_cat?post=32642"},{"taxonomy":"product_tag","embeddable":true,"href":"https:\/\/www.dvc.video\/hu\/wp-json\/wp\/v2\/product_tag?post=32642"}],"curies":[{"name":"wp","href":"https:\/\/api.w.org\/{rel}","templated":true}]}}