{"id":32637,"date":"2025-01-21T14:31:22","date_gmt":"2025-01-21T13:31:22","guid":{"rendered":"https:\/\/www.dvc.video\/proizvod\/Bez%20kategorije\/dosn-78-2\/"},"modified":"2026-05-09T05:08:35","modified_gmt":"2026-05-09T03:08:35","slug":"dosn-78-2","status":"publish","type":"product","link":"https:\/\/www.dvc.video\/hu\/termek\/video-megfigyeles\/szerverek-es-berendezesek\/dosn-78-2\/","title":{"rendered":"DOSN-78"},"content":{"rendered":"","protected":false},"excerpt":{"rendered":"<p>DVC VMS  Szerver be\u00e9p\u00edtett NVMS2.0 STANDARD, 1024 csatorn\u00e1t, 128 r\u00f6gz\u00edt\u0151t \u00e9s direktben 300 IP kamer\u00e1t t\u00e1mogat, 4 x HDMI vide\u00f3 kimenettel, 8 x HDD t\u00e1rol\u00e1ssal.<\/p>\n","protected":false},"featured_media":32882,"template":"","meta":{"_et_pb_use_builder":"","_et_pb_old_content":"","_et_gb_content_width":""},"product_brand":[],"product_cat":[10236,10223],"product_tag":[],"class_list":{"0":"post-32637","1":"product","2":"type-product","3":"status-publish","4":"has-post-thumbnail","6":"product_cat-szerverek-es-berendezesek","7":"product_cat-video-megfigyeles","9":"first","10":"instock","11":"shipping-taxable","12":"product-type-simple"},"_links":{"self":[{"href":"https:\/\/www.dvc.video\/hu\/wp-json\/wp\/v2\/product\/32637","targetHints":{"allow":["GET"]}}],"collection":[{"href":"https:\/\/www.dvc.video\/hu\/wp-json\/wp\/v2\/product"}],"about":[{"href":"https:\/\/www.dvc.video\/hu\/wp-json\/wp\/v2\/types\/product"}],"wp:featuredmedia":[{"embeddable":true,"href":"https:\/\/www.dvc.video\/hu\/wp-json\/wp\/v2\/media\/32882"}],"wp:attachment":[{"href":"https:\/\/www.dvc.video\/hu\/wp-json\/wp\/v2\/media?parent=32637"}],"wp:term":[{"taxonomy":"product_brand","embeddable":true,"href":"https:\/\/www.dvc.video\/hu\/wp-json\/wp\/v2\/product_brand?post=32637"},{"taxonomy":"product_cat","embeddable":true,"href":"https:\/\/www.dvc.video\/hu\/wp-json\/wp\/v2\/product_cat?post=32637"},{"taxonomy":"product_tag","embeddable":true,"href":"https:\/\/www.dvc.video\/hu\/wp-json\/wp\/v2\/product_tag?post=32637"}],"curies":[{"name":"wp","href":"https:\/\/api.w.org\/{rel}","templated":true}]}}