{"id":32635,"date":"2025-01-21T14:31:09","date_gmt":"2025-01-21T13:31:09","guid":{"rendered":"https:\/\/www.dvc.video\/proizvod\/Bez%20kategorije\/ddn-74v2-2\/"},"modified":"2026-05-09T05:12:12","modified_gmt":"2026-05-09T03:12:12","slug":"ddn-74v2-2","status":"publish","type":"product","link":"https:\/\/www.dvc.video\/hu\/termek\/video-megfigyeles\/szerverek-es-berendezesek\/ddn-74v2-2\/","title":{"rendered":"DDN-74V2"},"content":{"rendered":"","protected":false},"excerpt":{"rendered":"<p>H.265 dek\u00f3der, 1.\/2.\/3. HDMI 4K\/, 4. HDMI 1080p videokimenet, max. dek\u00f3dol\u00e1si felbont\u00e1s 16Mpx, dek\u00f3dol\u00e1si k\u00e9pess\u00e9g: 44 csatorna 16Mpx, 8 csatorna 8Mpx, 12 csatorna 5Mpx, 20 csatorna 3Mpx, 32 csatorna 2Mpx, 255 csatorna CIF.<\/p>\n","protected":false},"featured_media":32892,"template":"","meta":{"_et_pb_use_builder":"","_et_pb_old_content":"","_et_gb_content_width":""},"product_brand":[],"product_cat":[10236,10223],"product_tag":[],"class_list":{"0":"post-32635","1":"product","2":"type-product","3":"status-publish","4":"has-post-thumbnail","6":"product_cat-szerverek-es-berendezesek","7":"product_cat-video-megfigyeles","9":"first","10":"instock","11":"shipping-taxable","12":"product-type-simple"},"_links":{"self":[{"href":"https:\/\/www.dvc.video\/hu\/wp-json\/wp\/v2\/product\/32635","targetHints":{"allow":["GET"]}}],"collection":[{"href":"https:\/\/www.dvc.video\/hu\/wp-json\/wp\/v2\/product"}],"about":[{"href":"https:\/\/www.dvc.video\/hu\/wp-json\/wp\/v2\/types\/product"}],"wp:featuredmedia":[{"embeddable":true,"href":"https:\/\/www.dvc.video\/hu\/wp-json\/wp\/v2\/media\/32892"}],"wp:attachment":[{"href":"https:\/\/www.dvc.video\/hu\/wp-json\/wp\/v2\/media?parent=32635"}],"wp:term":[{"taxonomy":"product_brand","embeddable":true,"href":"https:\/\/www.dvc.video\/hu\/wp-json\/wp\/v2\/product_brand?post=32635"},{"taxonomy":"product_cat","embeddable":true,"href":"https:\/\/www.dvc.video\/hu\/wp-json\/wp\/v2\/product_cat?post=32635"},{"taxonomy":"product_tag","embeddable":true,"href":"https:\/\/www.dvc.video\/hu\/wp-json\/wp\/v2\/product_tag?post=32635"}],"curies":[{"name":"wp","href":"https:\/\/api.w.org\/{rel}","templated":true}]}}