{"id":32634,"date":"2025-01-21T14:31:19","date_gmt":"2025-01-21T13:31:19","guid":{"rendered":"https:\/\/www.dvc.video\/proizvod\/Bez%20kategorije\/dcn-tm8125ai-dl-2\/"},"modified":"2026-04-25T05:17:05","modified_gmt":"2026-04-25T03:17:05","slug":"dcn-tm8125ai-dl-2","status":"publish","type":"product","link":"https:\/\/www.dvc.video\/hu\/termek\/video-megfigyeles\/kamerak\/dcn-tm8125ai-dl-2\/","title":{"rendered":"DCN-TM8125AI-DL"},"content":{"rendered":"","protected":false},"excerpt":{"rendered":"<p>Turret IP videokamera, kett\u0151s f\u00e9ny, felbont\u00e1s 8Mpx\/20fps, 2,8-12 mm-es moto-zoom objekt\u00edv, True WDR 120dB, H.265+, 2 x Array Black glass IR LED tartom\u00e1ny 30-50m, 12VDC\/PoE, SD k\u00e1rtya, Onvif, IP67 v\u00e9delem, VCA vide\u00f3 analitika.<\/p>\n","protected":false},"featured_media":33162,"template":"","meta":{"_et_pb_use_builder":"","_et_pb_old_content":"","_et_gb_content_width":""},"product_brand":[],"product_cat":[10228,10223],"product_tag":[],"class_list":{"0":"post-32634","1":"product","2":"type-product","3":"status-publish","4":"has-post-thumbnail","6":"product_cat-kamerak","7":"product_cat-video-megfigyeles","9":"first","10":"instock","11":"shipping-taxable","12":"product-type-simple"},"_links":{"self":[{"href":"https:\/\/www.dvc.video\/hu\/wp-json\/wp\/v2\/product\/32634","targetHints":{"allow":["GET"]}}],"collection":[{"href":"https:\/\/www.dvc.video\/hu\/wp-json\/wp\/v2\/product"}],"about":[{"href":"https:\/\/www.dvc.video\/hu\/wp-json\/wp\/v2\/types\/product"}],"wp:featuredmedia":[{"embeddable":true,"href":"https:\/\/www.dvc.video\/hu\/wp-json\/wp\/v2\/media\/33162"}],"wp:attachment":[{"href":"https:\/\/www.dvc.video\/hu\/wp-json\/wp\/v2\/media?parent=32634"}],"wp:term":[{"taxonomy":"product_brand","embeddable":true,"href":"https:\/\/www.dvc.video\/hu\/wp-json\/wp\/v2\/product_brand?post=32634"},{"taxonomy":"product_cat","embeddable":true,"href":"https:\/\/www.dvc.video\/hu\/wp-json\/wp\/v2\/product_cat?post=32634"},{"taxonomy":"product_tag","embeddable":true,"href":"https:\/\/www.dvc.video\/hu\/wp-json\/wp\/v2\/product_tag?post=32634"}],"curies":[{"name":"wp","href":"https:\/\/api.w.org\/{rel}","templated":true}]}}