{"id":32622,"date":"2025-01-21T14:31:03","date_gmt":"2025-01-21T13:31:03","guid":{"rendered":"https:\/\/www.dvc.video\/proizvod\/Bez%20kategorije\/dcn-pc4211ai-2\/"},"modified":"2026-04-11T05:25:18","modified_gmt":"2026-04-11T03:25:18","slug":"dcn-pc4211ai-2","status":"publish","type":"product","link":"https:\/\/www.dvc.video\/hu\/termek\/video-megfigyeles\/kamerak\/dcn-pc4211ai-2\/","title":{"rendered":"DCN-PC4211AI"},"content":{"rendered":"","protected":false},"excerpt":{"rendered":"<p>Embersz\u00e1ml\u00e1l\u00f3 IP videokamera, felbont\u00e1s 4Mpx\/25fps, objekt\u00edv 2.1 mm, H.265, 1 x Array IR LED hat\u00f3t\u00e1vols\u00e1g 10 m, True WDR 120dB, 12VDC\/PoE, Onvif, IP66 v\u00e9delem.<\/p>\n","protected":false},"featured_media":32992,"template":"","meta":{"_et_pb_use_builder":"","_et_pb_old_content":"","_et_gb_content_width":""},"product_brand":[],"product_cat":[10228,10223],"product_tag":[],"class_list":{"0":"post-32622","1":"product","2":"type-product","3":"status-publish","4":"has-post-thumbnail","6":"product_cat-kamerak","7":"product_cat-video-megfigyeles","9":"first","10":"instock","11":"shipping-taxable","12":"product-type-simple"},"_links":{"self":[{"href":"https:\/\/www.dvc.video\/hu\/wp-json\/wp\/v2\/product\/32622","targetHints":{"allow":["GET"]}}],"collection":[{"href":"https:\/\/www.dvc.video\/hu\/wp-json\/wp\/v2\/product"}],"about":[{"href":"https:\/\/www.dvc.video\/hu\/wp-json\/wp\/v2\/types\/product"}],"wp:featuredmedia":[{"embeddable":true,"href":"https:\/\/www.dvc.video\/hu\/wp-json\/wp\/v2\/media\/32992"}],"wp:attachment":[{"href":"https:\/\/www.dvc.video\/hu\/wp-json\/wp\/v2\/media?parent=32622"}],"wp:term":[{"taxonomy":"product_brand","embeddable":true,"href":"https:\/\/www.dvc.video\/hu\/wp-json\/wp\/v2\/product_brand?post=32622"},{"taxonomy":"product_cat","embeddable":true,"href":"https:\/\/www.dvc.video\/hu\/wp-json\/wp\/v2\/product_cat?post=32622"},{"taxonomy":"product_tag","embeddable":true,"href":"https:\/\/www.dvc.video\/hu\/wp-json\/wp\/v2\/product_tag?post=32622"}],"curies":[{"name":"wp","href":"https:\/\/api.w.org\/{rel}","templated":true}]}}