{"id":32609,"date":"2025-01-21T14:31:17","date_gmt":"2025-01-21T13:31:17","guid":{"rendered":"https:\/\/www.dvc.video\/proizvod\/Bez%20kategorije\/dcn-bf2283ai-dl-2\/"},"modified":"2026-04-25T05:18:01","modified_gmt":"2026-04-25T03:18:01","slug":"dcn-bf2283ai-dl-2","status":"publish","type":"product","link":"https:\/\/www.dvc.video\/hu\/termek\/video-megfigyeles\/kamerak\/dcn-bf2283ai-dl-2\/","title":{"rendered":"DCN-BF2283AI-DL"},"content":{"rendered":"","protected":false},"excerpt":{"rendered":"<p>Bullet IP videokamera,Dual Light , felbont\u00e1s 2Mpx\/25fps, fix objekt\u00edv 2.8mm, H.265 t\u00f6m\u00f6r\u00edt\u00e9s, IR LED hat\u00f3t\u00e1vols\u00e1g 20-30m, t\u00e1pell\u00e1t\u00e1s 12VDC\/PoE, Onvif, SD-k\u00e1rtya, IP 67, AI VCA.<\/p>\n","protected":false},"featured_media":33152,"template":"","meta":{"_et_pb_use_builder":"","_et_pb_old_content":"","_et_gb_content_width":""},"product_brand":[],"product_cat":[10228,10223],"product_tag":[],"class_list":{"0":"post-32609","1":"product","2":"type-product","3":"status-publish","4":"has-post-thumbnail","6":"product_cat-kamerak","7":"product_cat-video-megfigyeles","9":"first","10":"instock","11":"shipping-taxable","12":"product-type-simple"},"_links":{"self":[{"href":"https:\/\/www.dvc.video\/hu\/wp-json\/wp\/v2\/product\/32609","targetHints":{"allow":["GET"]}}],"collection":[{"href":"https:\/\/www.dvc.video\/hu\/wp-json\/wp\/v2\/product"}],"about":[{"href":"https:\/\/www.dvc.video\/hu\/wp-json\/wp\/v2\/types\/product"}],"wp:featuredmedia":[{"embeddable":true,"href":"https:\/\/www.dvc.video\/hu\/wp-json\/wp\/v2\/media\/33152"}],"wp:attachment":[{"href":"https:\/\/www.dvc.video\/hu\/wp-json\/wp\/v2\/media?parent=32609"}],"wp:term":[{"taxonomy":"product_brand","embeddable":true,"href":"https:\/\/www.dvc.video\/hu\/wp-json\/wp\/v2\/product_brand?post=32609"},{"taxonomy":"product_cat","embeddable":true,"href":"https:\/\/www.dvc.video\/hu\/wp-json\/wp\/v2\/product_cat?post=32609"},{"taxonomy":"product_tag","embeddable":true,"href":"https:\/\/www.dvc.video\/hu\/wp-json\/wp\/v2\/product_tag?post=32609"}],"curies":[{"name":"wp","href":"https:\/\/api.w.org\/{rel}","templated":true}]}}