{"id":29313,"date":"2023-06-05T10:32:43","date_gmt":"2023-06-05T08:32:43","guid":{"rendered":"https:\/\/www.dvc.video\/proizvod\/Bez%20kategorije\/don-73v2-2\/"},"modified":"2026-04-27T08:52:47","modified_gmt":"2026-04-27T06:52:47","slug":"don-73v2-2","status":"publish","type":"product","link":"https:\/\/www.dvc.video\/hu\/termek\/video-megfigyeles\/szerverek-es-berendezesek\/don-73v2-2\/","title":{"rendered":"DON-73V2"},"content":{"rendered":"","protected":false},"excerpt":{"rendered":"<p>DVC All in one Szerver be\u00e9p\u00edtett NVMS2.0 STANDARD,  2048 csatorn\u00e1t (b\u0151v\u00edthet\u0151 ak\u00e1r 10000 csaton\u00e1val  transfer szerver seg\u00edts\u00e9g\u00e9vel), 300 r\u00f6gz\u00edt\u0151t \u00e9s direktben 500 IP kamer\u00e1t t\u00e1mogat.<\/p>\n","protected":false},"featured_media":20909,"template":"","meta":{"_et_pb_use_builder":"","_et_pb_old_content":"","_et_gb_content_width":""},"product_brand":[],"product_cat":[10236,10223],"product_tag":[],"class_list":{"0":"post-29313","1":"product","2":"type-product","3":"status-publish","4":"has-post-thumbnail","6":"product_cat-szerverek-es-berendezesek","7":"product_cat-video-megfigyeles","9":"first","10":"instock","11":"shipping-taxable","12":"product-type-simple"},"_links":{"self":[{"href":"https:\/\/www.dvc.video\/hu\/wp-json\/wp\/v2\/product\/29313","targetHints":{"allow":["GET"]}}],"collection":[{"href":"https:\/\/www.dvc.video\/hu\/wp-json\/wp\/v2\/product"}],"about":[{"href":"https:\/\/www.dvc.video\/hu\/wp-json\/wp\/v2\/types\/product"}],"wp:featuredmedia":[{"embeddable":true,"href":"https:\/\/www.dvc.video\/hu\/wp-json\/wp\/v2\/media\/20909"}],"wp:attachment":[{"href":"https:\/\/www.dvc.video\/hu\/wp-json\/wp\/v2\/media?parent=29313"}],"wp:term":[{"taxonomy":"product_brand","embeddable":true,"href":"https:\/\/www.dvc.video\/hu\/wp-json\/wp\/v2\/product_brand?post=29313"},{"taxonomy":"product_cat","embeddable":true,"href":"https:\/\/www.dvc.video\/hu\/wp-json\/wp\/v2\/product_cat?post=29313"},{"taxonomy":"product_tag","embeddable":true,"href":"https:\/\/www.dvc.video\/hu\/wp-json\/wp\/v2\/product_tag?post=29313"}],"curies":[{"name":"wp","href":"https:\/\/api.w.org\/{rel}","templated":true}]}}