{"id":29300,"date":"2023-06-05T10:33:18","date_gmt":"2023-06-05T08:33:18","guid":{"rendered":"https:\/\/www.dvc.video\/proizvod\/Bez%20kategorije\/dra-0421rn2-2\/"},"modified":"2026-05-09T05:23:55","modified_gmt":"2026-05-09T03:23:55","slug":"dra-0421rn2-2","status":"publish","type":"product","link":"https:\/\/www.dvc.video\/hu\/termek\/video-megfigyeles\/fasteners\/dra-0421rn2-2\/","title":{"rendered":"DRA-0421RN2"},"content":{"rendered":"<p><a href=\"https:\/\/b2b.alarmautomatika.com\/documentation\/Video_nadzor\/7_IP_video_nadzor\/Korisni\u010dke_upute_i_softwari_za_panteon\/DVC data sheets\/DRA-0421RN_DRA-0821HN.pdf?utm_source=dvc&amp;utm_medium=web&amp;utm_campaign=datasheet&amp;utm_term=DRA-0421RN2\" target=\"_blank\" class=\"button-datasheet\" rel=\"noopener\">Datasheet<\/a><\/p>\n","protected":false},"excerpt":{"rendered":"<p>\u00d6n\u00e1ll\u00f3 4 csatorn\u00e1s AHD 2.0 DVR, 4-in1 + IP, pentabrid(AHD,TVI, CVI, CVBS, IP): 4 anal\u00f3g \/ AHD kamera + 2 IP kamera, t\u00e1mogatja az 1080p DVC IP kamer\u00e1kat, 1 x HDD, quadpleks, H.265 t\u00f6m\u00f6r\u00edt\u00e9s, r\u00f6gz\u00edt\u00e9si sebess\u00e9g 1080p LITE, 720p, WD1@25fps HDMI \u00e9s VGA videokimenet.<\/p>\n","protected":false},"featured_media":21217,"template":"","meta":{"_et_pb_use_builder":"","_et_pb_old_content":"","_et_gb_content_width":""},"product_brand":[],"product_cat":[9097,10223],"product_tag":[],"class_list":{"0":"post-29300","1":"product","2":"type-product","3":"status-publish","4":"has-post-thumbnail","6":"product_cat-fasteners","7":"product_cat-video-megfigyeles","9":"first","10":"instock","11":"shipping-taxable","12":"product-type-simple"},"_links":{"self":[{"href":"https:\/\/www.dvc.video\/hu\/wp-json\/wp\/v2\/product\/29300","targetHints":{"allow":["GET"]}}],"collection":[{"href":"https:\/\/www.dvc.video\/hu\/wp-json\/wp\/v2\/product"}],"about":[{"href":"https:\/\/www.dvc.video\/hu\/wp-json\/wp\/v2\/types\/product"}],"wp:featuredmedia":[{"embeddable":true,"href":"https:\/\/www.dvc.video\/hu\/wp-json\/wp\/v2\/media\/21217"}],"wp:attachment":[{"href":"https:\/\/www.dvc.video\/hu\/wp-json\/wp\/v2\/media?parent=29300"}],"wp:term":[{"taxonomy":"product_brand","embeddable":true,"href":"https:\/\/www.dvc.video\/hu\/wp-json\/wp\/v2\/product_brand?post=29300"},{"taxonomy":"product_cat","embeddable":true,"href":"https:\/\/www.dvc.video\/hu\/wp-json\/wp\/v2\/product_cat?post=29300"},{"taxonomy":"product_tag","embeddable":true,"href":"https:\/\/www.dvc.video\/hu\/wp-json\/wp\/v2\/product_tag?post=29300"}],"curies":[{"name":"wp","href":"https:\/\/api.w.org\/{rel}","templated":true}]}}