{"id":29265,"date":"2023-06-05T10:34:08","date_gmt":"2023-06-05T08:34:08","guid":{"rendered":"https:\/\/www.dvc.video\/proizvod\/Bez%20kategorije\/dab-0182p-cable-pair\/"},"modified":"2026-04-11T05:41:11","modified_gmt":"2026-04-11T03:41:11","slug":"dab-0182p-cable-pair","status":"publish","type":"product","link":"https:\/\/www.dvc.video\/hu\/termek\/video-megfigyeles\/kiegeszitok\/dab-0182p-cable-pair\/","title":{"rendered":"DAB-0182P \/ cable (pair)"},"content":{"rendered":"","protected":false},"excerpt":{"rendered":"<p>1 p\u00e1r balun. csatlakoz\u00f3k 2 sodrott vezet\u00e9khez \/ BNC csatlakoz\u00f3 a k\u00e1belen. AHD, TVI, CVI kompatibilis. fesz\u00fclts\u00e9gv\u00e9delem 4KV-ig.<\/p>\n","protected":false},"featured_media":21624,"template":"","meta":{"_et_pb_use_builder":"","_et_pb_old_content":"","_et_gb_content_width":""},"product_brand":[],"product_cat":[9098,10223],"product_tag":[],"class_list":{"0":"post-29265","1":"product","2":"type-product","3":"status-publish","4":"has-post-thumbnail","6":"product_cat-kiegeszitok","7":"product_cat-video-megfigyeles","9":"first","10":"instock","11":"shipping-taxable","12":"product-type-simple"},"_links":{"self":[{"href":"https:\/\/www.dvc.video\/hu\/wp-json\/wp\/v2\/product\/29265","targetHints":{"allow":["GET"]}}],"collection":[{"href":"https:\/\/www.dvc.video\/hu\/wp-json\/wp\/v2\/product"}],"about":[{"href":"https:\/\/www.dvc.video\/hu\/wp-json\/wp\/v2\/types\/product"}],"wp:featuredmedia":[{"embeddable":true,"href":"https:\/\/www.dvc.video\/hu\/wp-json\/wp\/v2\/media\/21624"}],"wp:attachment":[{"href":"https:\/\/www.dvc.video\/hu\/wp-json\/wp\/v2\/media?parent=29265"}],"wp:term":[{"taxonomy":"product_brand","embeddable":true,"href":"https:\/\/www.dvc.video\/hu\/wp-json\/wp\/v2\/product_brand?post=29265"},{"taxonomy":"product_cat","embeddable":true,"href":"https:\/\/www.dvc.video\/hu\/wp-json\/wp\/v2\/product_cat?post=29265"},{"taxonomy":"product_tag","embeddable":true,"href":"https:\/\/www.dvc.video\/hu\/wp-json\/wp\/v2\/product_tag?post=29265"}],"curies":[{"name":"wp","href":"https:\/\/api.w.org\/{rel}","templated":true}]}}