{"id":27266,"date":"2024-02-20T09:45:32","date_gmt":"2024-02-20T08:45:32","guid":{"rendered":"https:\/\/www.dvc.video\/proizvod\/\u043d\u0435\u043a\u0430\u0442\u0435\u0433\u043e\u0440\u0438\u0437\u043e\u0432\u0430\u043d\u043e\/dvc-df4-bs\/"},"modified":"2026-04-25T05:24:58","modified_gmt":"2026-04-25T03:24:58","slug":"dvc-df4-bs","status":"publish","type":"product","link":"https:\/\/www.dvc.video\/hu\/termek\/kaputelefon-es-video-kaputelefon\/belteri-egyseg\/dvc-df4-bs\/","title":{"rendered":"DVC DF4-BS"},"content":{"rendered":"","protected":false},"excerpt":{"rendered":"<p>\u201e4,3\u201d\u201d TFT kihangos\u00edt\u00f3 monitor DVC kaputelefon rendszerhez. V\u00e9kony kialak\u00edt\u00e1s \u00e9rint\u00e9s\u00e9rz\u00e9kel\u0151 gombokkal. Angol, horv\u00e1t, szlov\u00e9n, maced\u00f3n men\u00fc. Fekete sz\u00edn.\u201d<\/p>\n","protected":false},"featured_media":29197,"template":"","meta":{"_et_pb_use_builder":"","_et_pb_old_content":"","_et_gb_content_width":""},"product_brand":[],"product_cat":[9096,10215],"product_tag":[],"class_list":{"0":"post-27266","1":"product","2":"type-product","3":"status-publish","4":"has-post-thumbnail","6":"product_cat-belteri-egyseg","7":"product_cat-kaputelefon-es-video-kaputelefon","9":"first","10":"instock","11":"shipping-taxable","12":"product-type-simple"},"_links":{"self":[{"href":"https:\/\/www.dvc.video\/hu\/wp-json\/wp\/v2\/product\/27266","targetHints":{"allow":["GET"]}}],"collection":[{"href":"https:\/\/www.dvc.video\/hu\/wp-json\/wp\/v2\/product"}],"about":[{"href":"https:\/\/www.dvc.video\/hu\/wp-json\/wp\/v2\/types\/product"}],"wp:featuredmedia":[{"embeddable":true,"href":"https:\/\/www.dvc.video\/hu\/wp-json\/wp\/v2\/media\/29197"}],"wp:attachment":[{"href":"https:\/\/www.dvc.video\/hu\/wp-json\/wp\/v2\/media?parent=27266"}],"wp:term":[{"taxonomy":"product_brand","embeddable":true,"href":"https:\/\/www.dvc.video\/hu\/wp-json\/wp\/v2\/product_brand?post=27266"},{"taxonomy":"product_cat","embeddable":true,"href":"https:\/\/www.dvc.video\/hu\/wp-json\/wp\/v2\/product_cat?post=27266"},{"taxonomy":"product_tag","embeddable":true,"href":"https:\/\/www.dvc.video\/hu\/wp-json\/wp\/v2\/product_tag?post=27266"}],"curies":[{"name":"wp","href":"https:\/\/api.w.org\/{rel}","templated":true}]}}