{"id":27265,"date":"2024-02-20T09:45:25","date_gmt":"2024-02-20T08:45:25","guid":{"rendered":"https:\/\/www.dvc.video\/proizvod\/\u043d\u0435\u043a\u0430\u0442\u0435\u0433\u043e\u0440\u0438\u0437\u043e\u0432\u0430\u043d\u043e\/dvc-821-m8-8\/"},"modified":"2026-04-27T08:36:57","modified_gmt":"2026-04-27T06:36:57","slug":"dvc-821-m8-8","status":"publish","type":"product","link":"https:\/\/www.dvc.video\/hu\/termek\/kaputelefon-es-video-kaputelefon\/kulteri-egyseg-modulok\/dvc-821-m8-8\/","title":{"rendered":"DVC 821\/M8-8"},"content":{"rendered":"","protected":false},"excerpt":{"rendered":"<p>Modul 8 mechanikus h\u00e1tt\u00e9rvil\u00e1g\u00edt\u00e1s\u00fa h\u00edv\u00f3gombbal a DVC 821 keretbe t\u00f6rt\u00e9n\u0151 be\u00e9p\u00edt\u00e9shez<\/p>\n","protected":false},"featured_media":29187,"template":"","meta":{"_et_pb_use_builder":"","_et_pb_old_content":"","_et_gb_content_width":""},"product_brand":[],"product_cat":[10215,10220],"product_tag":[],"class_list":{"0":"post-27265","1":"product","2":"type-product","3":"status-publish","4":"has-post-thumbnail","6":"product_cat-kaputelefon-es-video-kaputelefon","7":"product_cat-kulteri-egyseg-modulok","9":"first","10":"instock","11":"shipping-taxable","12":"product-type-simple"},"_links":{"self":[{"href":"https:\/\/www.dvc.video\/hu\/wp-json\/wp\/v2\/product\/27265","targetHints":{"allow":["GET"]}}],"collection":[{"href":"https:\/\/www.dvc.video\/hu\/wp-json\/wp\/v2\/product"}],"about":[{"href":"https:\/\/www.dvc.video\/hu\/wp-json\/wp\/v2\/types\/product"}],"wp:featuredmedia":[{"embeddable":true,"href":"https:\/\/www.dvc.video\/hu\/wp-json\/wp\/v2\/media\/29187"}],"wp:attachment":[{"href":"https:\/\/www.dvc.video\/hu\/wp-json\/wp\/v2\/media?parent=27265"}],"wp:term":[{"taxonomy":"product_brand","embeddable":true,"href":"https:\/\/www.dvc.video\/hu\/wp-json\/wp\/v2\/product_brand?post=27265"},{"taxonomy":"product_cat","embeddable":true,"href":"https:\/\/www.dvc.video\/hu\/wp-json\/wp\/v2\/product_cat?post=27265"},{"taxonomy":"product_tag","embeddable":true,"href":"https:\/\/www.dvc.video\/hu\/wp-json\/wp\/v2\/product_tag?post=27265"}],"curies":[{"name":"wp","href":"https:\/\/api.w.org\/{rel}","templated":true}]}}