{"id":17743,"date":"2021-05-18T12:40:49","date_gmt":"2021-05-18T10:40:49","guid":{"rendered":"https:\/\/www.dvc.video\/proizvod\/nem-kategorizalt\/dvc-ix850\/"},"modified":"2026-05-09T05:30:03","modified_gmt":"2026-05-09T03:30:03","slug":"dvc-ix850","status":"publish","type":"product","link":"https:\/\/www.dvc.video\/hu\/termek\/kaputelefon-es-video-kaputelefon\/kulteri-egysegek\/dvc-ix850\/","title":{"rendered":"DVC IX850"},"content":{"rendered":"","protected":false},"excerpt":{"rendered":"<p>\u201eIP ajt\u00f3\u00e1llom\u00e1s 720p halszem kamer\u00e1val \u00e9s 5\u2033\u201d-es TFT k\u00e9perny\u0151vel. Be\u00e9p\u00edtett billenty\u0171zet \u00e9s RFID olvas\u00f3 (125kHz \u00e9s 13,56MHz) IP65 v\u00e9delem. H\u00edv\u00e1sind\u00edt\u00e1s n\u00e9vlist\u00e1n kereszt\u00fcl TFT k\u00e9perny\u0151n vagy h\u00edv\u00f3k\u00f3d bemenettel. Fel\u00fcletre szerelhet\u0151.\u201d<\/p>\n","protected":false},"featured_media":13948,"template":"","meta":{"_et_pb_use_builder":"","_et_pb_old_content":"","_et_gb_content_width":""},"product_brand":[],"product_cat":[10215,10222],"product_tag":[],"class_list":{"0":"post-17743","1":"product","2":"type-product","3":"status-publish","4":"has-post-thumbnail","6":"product_cat-kaputelefon-es-video-kaputelefon","7":"product_cat-kulteri-egysegek","9":"first","10":"instock","11":"shipping-taxable","12":"product-type-simple"},"_links":{"self":[{"href":"https:\/\/www.dvc.video\/hu\/wp-json\/wp\/v2\/product\/17743","targetHints":{"allow":["GET"]}}],"collection":[{"href":"https:\/\/www.dvc.video\/hu\/wp-json\/wp\/v2\/product"}],"about":[{"href":"https:\/\/www.dvc.video\/hu\/wp-json\/wp\/v2\/types\/product"}],"wp:featuredmedia":[{"embeddable":true,"href":"https:\/\/www.dvc.video\/hu\/wp-json\/wp\/v2\/media\/13948"}],"wp:attachment":[{"href":"https:\/\/www.dvc.video\/hu\/wp-json\/wp\/v2\/media?parent=17743"}],"wp:term":[{"taxonomy":"product_brand","embeddable":true,"href":"https:\/\/www.dvc.video\/hu\/wp-json\/wp\/v2\/product_brand?post=17743"},{"taxonomy":"product_cat","embeddable":true,"href":"https:\/\/www.dvc.video\/hu\/wp-json\/wp\/v2\/product_cat?post=17743"},{"taxonomy":"product_tag","embeddable":true,"href":"https:\/\/www.dvc.video\/hu\/wp-json\/wp\/v2\/product_tag?post=17743"}],"curies":[{"name":"wp","href":"https:\/\/api.w.org\/{rel}","templated":true}]}}