{"id":17741,"date":"2021-05-18T12:32:52","date_gmt":"2021-05-18T10:32:52","guid":{"rendered":"https:\/\/www.dvc.video\/proizvod\/nem-kategorizalt\/dvc-pc7h\/"},"modified":"2026-04-11T05:58:09","modified_gmt":"2026-04-11T03:58:09","slug":"dvc-pc7h","status":"publish","type":"product","link":"https:\/\/www.dvc.video\/hu\/termek\/kaputelefon-es-video-kaputelefon\/tapegyseg\/dvc-pc7h\/","title":{"rendered":"DVC PC7H"},"content":{"rendered":"","protected":false},"excerpt":{"rendered":"<p>T\u00e1pell\u00e1t\u00e1s DVC kaputelefon rendszerekhez 28 VDC. \u00c1ram 2,5A. R\u00f6vidz\u00e1rlat, t\u00falfesz\u00fclts\u00e9g \u00e9s t\u00falterhel\u00e9s elleni v\u00e9delem. K\u00fcl\u00f6n t\u00e1pegys\u00e9g \u00e9s DPS. Modellt\u0151l f\u00fcgg\u0151en ak\u00e1r 32 monitort t\u00e1mogat.<\/p>\n","protected":false},"featured_media":13909,"template":"","meta":{"_et_pb_use_builder":"","_et_pb_old_content":"","_et_gb_content_width":""},"product_brand":[],"product_cat":[10215,9095],"product_tag":[],"class_list":{"0":"post-17741","1":"product","2":"type-product","3":"status-publish","4":"has-post-thumbnail","6":"product_cat-kaputelefon-es-video-kaputelefon","7":"product_cat-tapegyseg","9":"first","10":"instock","11":"shipping-taxable","12":"product-type-simple"},"_links":{"self":[{"href":"https:\/\/www.dvc.video\/hu\/wp-json\/wp\/v2\/product\/17741","targetHints":{"allow":["GET"]}}],"collection":[{"href":"https:\/\/www.dvc.video\/hu\/wp-json\/wp\/v2\/product"}],"about":[{"href":"https:\/\/www.dvc.video\/hu\/wp-json\/wp\/v2\/types\/product"}],"wp:featuredmedia":[{"embeddable":true,"href":"https:\/\/www.dvc.video\/hu\/wp-json\/wp\/v2\/media\/13909"}],"wp:attachment":[{"href":"https:\/\/www.dvc.video\/hu\/wp-json\/wp\/v2\/media?parent=17741"}],"wp:term":[{"taxonomy":"product_brand","embeddable":true,"href":"https:\/\/www.dvc.video\/hu\/wp-json\/wp\/v2\/product_brand?post=17741"},{"taxonomy":"product_cat","embeddable":true,"href":"https:\/\/www.dvc.video\/hu\/wp-json\/wp\/v2\/product_cat?post=17741"},{"taxonomy":"product_tag","embeddable":true,"href":"https:\/\/www.dvc.video\/hu\/wp-json\/wp\/v2\/product_tag?post=17741"}],"curies":[{"name":"wp","href":"https:\/\/api.w.org\/{rel}","templated":true}]}}