{"id":17718,"date":"2022-05-12T15:08:47","date_gmt":"2022-05-12T13:08:47","guid":{"rendered":"https:\/\/www.dvc.video\/proizvod\/nem-kategorizalt\/intercom-cable-2x1mm-100-m\/"},"modified":"2026-04-25T05:47:42","modified_gmt":"2026-04-25T03:47:42","slug":"intercom-cable-2x1mm-100-m","status":"publish","type":"product","link":"https:\/\/www.dvc.video\/hu\/termek\/kaputelefon-es-video-kaputelefon\/intercom-kabelek\/intercom-cable-2x1mm-100-m\/","title":{"rendered":"Intercom cable 2x1mm (100 m)"},"content":{"rendered":"","protected":false},"excerpt":{"rendered":"<p>K\u00e9tvezet\u00e9kes kaputelefon k\u00e1bel 2x1mm, csavart, \u00e1rny\u00e9kolatlan<\/p>\n","protected":false},"featured_media":15359,"template":"","meta":{"_et_pb_use_builder":"","_et_pb_old_content":"","_et_gb_content_width":""},"product_brand":[],"product_cat":[10218,10215],"product_tag":[],"class_list":{"0":"post-17718","1":"product","2":"type-product","3":"status-publish","4":"has-post-thumbnail","6":"product_cat-intercom-kabelek","7":"product_cat-kaputelefon-es-video-kaputelefon","9":"first","10":"instock","11":"shipping-taxable","12":"product-type-simple"},"_links":{"self":[{"href":"https:\/\/www.dvc.video\/hu\/wp-json\/wp\/v2\/product\/17718","targetHints":{"allow":["GET"]}}],"collection":[{"href":"https:\/\/www.dvc.video\/hu\/wp-json\/wp\/v2\/product"}],"about":[{"href":"https:\/\/www.dvc.video\/hu\/wp-json\/wp\/v2\/types\/product"}],"wp:featuredmedia":[{"embeddable":true,"href":"https:\/\/www.dvc.video\/hu\/wp-json\/wp\/v2\/media\/15359"}],"wp:attachment":[{"href":"https:\/\/www.dvc.video\/hu\/wp-json\/wp\/v2\/media?parent=17718"}],"wp:term":[{"taxonomy":"product_brand","embeddable":true,"href":"https:\/\/www.dvc.video\/hu\/wp-json\/wp\/v2\/product_brand?post=17718"},{"taxonomy":"product_cat","embeddable":true,"href":"https:\/\/www.dvc.video\/hu\/wp-json\/wp\/v2\/product_cat?post=17718"},{"taxonomy":"product_tag","embeddable":true,"href":"https:\/\/www.dvc.video\/hu\/wp-json\/wp\/v2\/product_tag?post=17718"}],"curies":[{"name":"wp","href":"https:\/\/api.w.org\/{rel}","templated":true}]}}