{"id":17716,"date":"2022-05-12T15:08:45","date_gmt":"2022-05-12T13:08:45","guid":{"rendered":"https:\/\/www.dvc.video\/proizvod\/nem-kategorizalt\/rg59-b-u-e-100-m\/"},"modified":"2026-03-28T05:36:13","modified_gmt":"2026-03-28T04:36:13","slug":"rg59-b-u-e-100-m","status":"publish","type":"product","link":"https:\/\/www.dvc.video\/hu\/termek\/video-megfigyeles\/video-megfigyelo-kabelek\/rg59-b-u-e-100-m\/","title":{"rendered":"RG59 B\/U E (100 m)"},"content":{"rendered":"","protected":false},"excerpt":{"rendered":"<p>Koaxi\u00e1lis k\u00e1bel 75 Ohm, PVC k\u00fcls\u0151 \u00e1rny\u00e9kol\u00e1s 6,2 mm \u00e1tm\u00e9r\u0151j\u0171, ors\u00f3 100 m. \u00c1r\/m<\/p>\n","protected":false},"featured_media":15314,"template":"","meta":{"_et_pb_use_builder":"","_et_pb_old_content":"","_et_gb_content_width":""},"product_brand":[],"product_cat":[10223,10227],"product_tag":[],"class_list":{"0":"post-17716","1":"product","2":"type-product","3":"status-publish","4":"has-post-thumbnail","6":"product_cat-video-megfigyeles","7":"product_cat-video-megfigyelo-kabelek","9":"first","10":"instock","11":"shipping-taxable","12":"product-type-simple"},"_links":{"self":[{"href":"https:\/\/www.dvc.video\/hu\/wp-json\/wp\/v2\/product\/17716","targetHints":{"allow":["GET"]}}],"collection":[{"href":"https:\/\/www.dvc.video\/hu\/wp-json\/wp\/v2\/product"}],"about":[{"href":"https:\/\/www.dvc.video\/hu\/wp-json\/wp\/v2\/types\/product"}],"wp:featuredmedia":[{"embeddable":true,"href":"https:\/\/www.dvc.video\/hu\/wp-json\/wp\/v2\/media\/15314"}],"wp:attachment":[{"href":"https:\/\/www.dvc.video\/hu\/wp-json\/wp\/v2\/media?parent=17716"}],"wp:term":[{"taxonomy":"product_brand","embeddable":true,"href":"https:\/\/www.dvc.video\/hu\/wp-json\/wp\/v2\/product_brand?post=17716"},{"taxonomy":"product_cat","embeddable":true,"href":"https:\/\/www.dvc.video\/hu\/wp-json\/wp\/v2\/product_cat?post=17716"},{"taxonomy":"product_tag","embeddable":true,"href":"https:\/\/www.dvc.video\/hu\/wp-json\/wp\/v2\/product_tag?post=17716"}],"curies":[{"name":"wp","href":"https:\/\/api.w.org\/{rel}","templated":true}]}}