{"id":17709,"date":"2021-05-18T12:25:59","date_gmt":"2021-05-18T10:25:59","guid":{"rendered":"https:\/\/www.dvc.video\/proizvod\/nem-kategorizalt\/dvc-ix-dj401\/"},"modified":"2026-04-11T06:00:54","modified_gmt":"2026-04-11T04:00:54","slug":"dvc-ix-dj401","status":"publish","type":"product","link":"https:\/\/www.dvc.video\/hu\/termek\/kaputelefon-es-video-kaputelefon\/tartozekok-belteri-egysegekhez\/dvc-ix-dj401\/","title":{"rendered":"DVC IX-DJ401"},"content":{"rendered":"","protected":false},"excerpt":{"rendered":"<p>Audio k\u00e9zibesz\u00e9l\u0151 DVC IP kaputelefon rendszerekhez. A DVC IX471 kihangos\u00edt\u00f3 monitor k\u00e9zibesz\u00e9l\u0151s monitorr\u00e1 alak\u00edt\u00e1s\u00e1ra szolg\u00e1l. Kieg\u00e9sz\u00edt\u0151 DVC IX-Bracket konzollal aj\u00e1nlott haszn\u00e1lni.<\/p>\n","protected":false},"featured_media":13880,"template":"","meta":{"_et_pb_use_builder":"","_et_pb_old_content":"","_et_gb_content_width":""},"product_brand":[],"product_cat":[10215,10216],"product_tag":[],"class_list":{"0":"post-17709","1":"product","2":"type-product","3":"status-publish","4":"has-post-thumbnail","6":"product_cat-kaputelefon-es-video-kaputelefon","7":"product_cat-tartozekok-belteri-egysegekhez","9":"first","10":"instock","11":"shipping-taxable","12":"product-type-simple"},"_links":{"self":[{"href":"https:\/\/www.dvc.video\/hu\/wp-json\/wp\/v2\/product\/17709","targetHints":{"allow":["GET"]}}],"collection":[{"href":"https:\/\/www.dvc.video\/hu\/wp-json\/wp\/v2\/product"}],"about":[{"href":"https:\/\/www.dvc.video\/hu\/wp-json\/wp\/v2\/types\/product"}],"wp:featuredmedia":[{"embeddable":true,"href":"https:\/\/www.dvc.video\/hu\/wp-json\/wp\/v2\/media\/13880"}],"wp:attachment":[{"href":"https:\/\/www.dvc.video\/hu\/wp-json\/wp\/v2\/media?parent=17709"}],"wp:term":[{"taxonomy":"product_brand","embeddable":true,"href":"https:\/\/www.dvc.video\/hu\/wp-json\/wp\/v2\/product_brand?post=17709"},{"taxonomy":"product_cat","embeddable":true,"href":"https:\/\/www.dvc.video\/hu\/wp-json\/wp\/v2\/product_cat?post=17709"},{"taxonomy":"product_tag","embeddable":true,"href":"https:\/\/www.dvc.video\/hu\/wp-json\/wp\/v2\/product_tag?post=17709"}],"curies":[{"name":"wp","href":"https:\/\/api.w.org\/{rel}","templated":true}]}}