{"id":17703,"date":"2021-05-18T12:40:05","date_gmt":"2021-05-18T10:40:05","guid":{"rendered":"https:\/\/www.dvc.video\/proizvod\/nem-kategorizalt\/dvc-dt611-mk\/"},"modified":"2026-04-11T05:54:45","modified_gmt":"2026-04-11T03:54:45","slug":"dvc-dt611-mk","status":"publish","type":"product","link":"https:\/\/www.dvc.video\/hu\/termek\/kaputelefon-es-video-kaputelefon\/kulteri-egysegek\/dvc-dt611-mk\/","title":{"rendered":"DVC DT611\/MK"},"content":{"rendered":"","protected":false},"excerpt":{"rendered":"<p>Ajt\u00f3\u00e1llom\u00e1s sz\u00ednes halszem kamer\u00e1val \u00e9s 1 h\u00edv\u00f3gombbal. Rozsdamentes ac\u00e9lb\u00f3l k\u00e9sz\u00fclt. IP54 v\u00e9detts\u00e9g. Be\u00e9p\u00edtett mechanikus billenty\u0171zet a bel\u00e9ptet\u00e9shez. Fel\u00fcletre szerelhet\u0151 (a burkolat mell\u00e9kelve).<\/p>\n","protected":false},"featured_media":13945,"template":"","meta":{"_et_pb_use_builder":"","_et_pb_old_content":"","_et_gb_content_width":""},"product_brand":[],"product_cat":[10215,10222],"product_tag":[],"class_list":{"0":"post-17703","1":"product","2":"type-product","3":"status-publish","4":"has-post-thumbnail","6":"product_cat-kaputelefon-es-video-kaputelefon","7":"product_cat-kulteri-egysegek","9":"first","10":"instock","11":"shipping-taxable","12":"product-type-simple"},"_links":{"self":[{"href":"https:\/\/www.dvc.video\/hu\/wp-json\/wp\/v2\/product\/17703","targetHints":{"allow":["GET"]}}],"collection":[{"href":"https:\/\/www.dvc.video\/hu\/wp-json\/wp\/v2\/product"}],"about":[{"href":"https:\/\/www.dvc.video\/hu\/wp-json\/wp\/v2\/types\/product"}],"wp:featuredmedia":[{"embeddable":true,"href":"https:\/\/www.dvc.video\/hu\/wp-json\/wp\/v2\/media\/13945"}],"wp:attachment":[{"href":"https:\/\/www.dvc.video\/hu\/wp-json\/wp\/v2\/media?parent=17703"}],"wp:term":[{"taxonomy":"product_brand","embeddable":true,"href":"https:\/\/www.dvc.video\/hu\/wp-json\/wp\/v2\/product_brand?post=17703"},{"taxonomy":"product_cat","embeddable":true,"href":"https:\/\/www.dvc.video\/hu\/wp-json\/wp\/v2\/product_cat?post=17703"},{"taxonomy":"product_tag","embeddable":true,"href":"https:\/\/www.dvc.video\/hu\/wp-json\/wp\/v2\/product_tag?post=17703"}],"curies":[{"name":"wp","href":"https:\/\/api.w.org\/{rel}","templated":true}]}}