{"id":17694,"date":"2021-05-18T12:38:14","date_gmt":"2021-05-18T10:38:14","guid":{"rendered":"https:\/\/www.dvc.video\/proizvod\/nem-kategorizalt\/dvc-dt607-fe-id-s3-rh\/"},"modified":"2026-04-11T05:55:40","modified_gmt":"2026-04-11T03:55:40","slug":"dvc-dt607-fe-id-s3-rh","status":"publish","type":"product","link":"https:\/\/www.dvc.video\/hu\/termek\/kaputelefon-es-video-kaputelefon\/kulteri-egysegek\/dvc-dt607-fe-id-s3-rh\/","title":{"rendered":"DVC DT607\/FE\/ID\/S3\/RH"},"content":{"rendered":"","protected":false},"excerpt":{"rendered":"<p>K\u00fcls\u0151 h\u00edv\u00f3egys\u00e9g halszem sz\u00ednes kamer\u00e1val (170\u00b0) \u00e9s 3 h\u00edv\u00f3gombbal. Rozsdamentes ac\u00e9lb\u00f3l k\u00e9sz\u00fclt. IP54 v\u00e9detts\u00e9g. Be\u00e9p\u00edtett RFID olvas\u00f3 (125 kHz). Fel\u00fcleti szerel\u00e9s. T\u00e1pell\u00e1t\u00e1s 24 VDC.<\/p>\n","protected":false},"featured_media":13936,"template":"","meta":{"_et_pb_use_builder":"","_et_pb_old_content":"","_et_gb_content_width":""},"product_brand":[],"product_cat":[10215,10222],"product_tag":[],"class_list":{"0":"post-17694","1":"product","2":"type-product","3":"status-publish","4":"has-post-thumbnail","6":"product_cat-kaputelefon-es-video-kaputelefon","7":"product_cat-kulteri-egysegek","9":"first","10":"instock","11":"shipping-taxable","12":"product-type-simple"},"_links":{"self":[{"href":"https:\/\/www.dvc.video\/hu\/wp-json\/wp\/v2\/product\/17694","targetHints":{"allow":["GET"]}}],"collection":[{"href":"https:\/\/www.dvc.video\/hu\/wp-json\/wp\/v2\/product"}],"about":[{"href":"https:\/\/www.dvc.video\/hu\/wp-json\/wp\/v2\/types\/product"}],"wp:featuredmedia":[{"embeddable":true,"href":"https:\/\/www.dvc.video\/hu\/wp-json\/wp\/v2\/media\/13936"}],"wp:attachment":[{"href":"https:\/\/www.dvc.video\/hu\/wp-json\/wp\/v2\/media?parent=17694"}],"wp:term":[{"taxonomy":"product_brand","embeddable":true,"href":"https:\/\/www.dvc.video\/hu\/wp-json\/wp\/v2\/product_brand?post=17694"},{"taxonomy":"product_cat","embeddable":true,"href":"https:\/\/www.dvc.video\/hu\/wp-json\/wp\/v2\/product_cat?post=17694"},{"taxonomy":"product_tag","embeddable":true,"href":"https:\/\/www.dvc.video\/hu\/wp-json\/wp\/v2\/product_tag?post=17694"}],"curies":[{"name":"wp","href":"https:\/\/api.w.org\/{rel}","templated":true}]}}