{"id":17691,"date":"2021-05-18T12:35:48","date_gmt":"2021-05-18T10:35:48","guid":{"rendered":"https:\/\/www.dvc.video\/proizvod\/nem-kategorizalt\/dvc-dt47mg\/"},"modified":"2026-04-11T05:56:27","modified_gmt":"2026-04-11T03:56:27","slug":"dvc-dt47mg","status":"publish","type":"product","link":"https:\/\/www.dvc.video\/hu\/termek\/kaputelefon-es-video-kaputelefon\/belteri-egyseg\/dvc-dt47mg\/","title":{"rendered":"DVC DT47MG"},"content":{"rendered":"","protected":false},"excerpt":{"rendered":"<p>\u201e7\u201d\u201d TFT kihangos\u00edt\u00f3 monitor DVC DT rendszerekhez. V\u00e9kony h\u00e1z, \u00e9rint\u00e9s\u00e9rz\u00e9kel\u0151 gombok, sz\u00ednes ikon men\u00fc, 12 cseng\u0151hang. Videomem\u00f3ria\u201d<\/p>\n","protected":false},"featured_media":13923,"template":"","meta":{"_et_pb_use_builder":"","_et_pb_old_content":"","_et_gb_content_width":""},"product_brand":[],"product_cat":[9096,10215],"product_tag":[],"class_list":{"0":"post-17691","1":"product","2":"type-product","3":"status-publish","4":"has-post-thumbnail","6":"product_cat-belteri-egyseg","7":"product_cat-kaputelefon-es-video-kaputelefon","9":"first","10":"instock","11":"shipping-taxable","12":"product-type-simple"},"_links":{"self":[{"href":"https:\/\/www.dvc.video\/hu\/wp-json\/wp\/v2\/product\/17691","targetHints":{"allow":["GET"]}}],"collection":[{"href":"https:\/\/www.dvc.video\/hu\/wp-json\/wp\/v2\/product"}],"about":[{"href":"https:\/\/www.dvc.video\/hu\/wp-json\/wp\/v2\/types\/product"}],"wp:featuredmedia":[{"embeddable":true,"href":"https:\/\/www.dvc.video\/hu\/wp-json\/wp\/v2\/media\/13923"}],"wp:attachment":[{"href":"https:\/\/www.dvc.video\/hu\/wp-json\/wp\/v2\/media?parent=17691"}],"wp:term":[{"taxonomy":"product_brand","embeddable":true,"href":"https:\/\/www.dvc.video\/hu\/wp-json\/wp\/v2\/product_brand?post=17691"},{"taxonomy":"product_cat","embeddable":true,"href":"https:\/\/www.dvc.video\/hu\/wp-json\/wp\/v2\/product_cat?post=17691"},{"taxonomy":"product_tag","embeddable":true,"href":"https:\/\/www.dvc.video\/hu\/wp-json\/wp\/v2\/product_tag?post=17691"}],"curies":[{"name":"wp","href":"https:\/\/api.w.org\/{rel}","templated":true}]}}