{"id":17668,"date":"2021-05-18T12:31:03","date_gmt":"2021-05-18T10:31:03","guid":{"rendered":"https:\/\/www.dvc.video\/proizvod\/nem-kategorizalt\/dvc-821-m4-4\/"},"modified":"2026-04-11T05:59:04","modified_gmt":"2026-04-11T03:59:04","slug":"dvc-821-m4-4","status":"publish","type":"product","link":"https:\/\/www.dvc.video\/hu\/termek\/kaputelefon-es-video-kaputelefon\/kulteri-egyseg-modulok\/dvc-821-m4-4\/","title":{"rendered":"DVC 821\/M4-4"},"content":{"rendered":"","protected":false},"excerpt":{"rendered":"<p>Modul 4 mechanikus h\u00e1tt\u00e9rvil\u00e1g\u00edt\u00e1s\u00fa h\u00edv\u00f3gombbal a DVC 821 keretbe t\u00f6rt\u00e9n\u0151 be\u00e9p\u00edt\u00e9shez<\/p>\n","protected":false},"featured_media":13902,"template":"","meta":{"_et_pb_use_builder":"","_et_pb_old_content":"","_et_gb_content_width":""},"product_brand":[],"product_cat":[10215,10220],"product_tag":[],"class_list":{"0":"post-17668","1":"product","2":"type-product","3":"status-publish","4":"has-post-thumbnail","6":"product_cat-kaputelefon-es-video-kaputelefon","7":"product_cat-kulteri-egyseg-modulok","9":"first","10":"instock","11":"shipping-taxable","12":"product-type-simple"},"_links":{"self":[{"href":"https:\/\/www.dvc.video\/hu\/wp-json\/wp\/v2\/product\/17668","targetHints":{"allow":["GET"]}}],"collection":[{"href":"https:\/\/www.dvc.video\/hu\/wp-json\/wp\/v2\/product"}],"about":[{"href":"https:\/\/www.dvc.video\/hu\/wp-json\/wp\/v2\/types\/product"}],"wp:featuredmedia":[{"embeddable":true,"href":"https:\/\/www.dvc.video\/hu\/wp-json\/wp\/v2\/media\/13902"}],"wp:attachment":[{"href":"https:\/\/www.dvc.video\/hu\/wp-json\/wp\/v2\/media?parent=17668"}],"wp:term":[{"taxonomy":"product_brand","embeddable":true,"href":"https:\/\/www.dvc.video\/hu\/wp-json\/wp\/v2\/product_brand?post=17668"},{"taxonomy":"product_cat","embeddable":true,"href":"https:\/\/www.dvc.video\/hu\/wp-json\/wp\/v2\/product_cat?post=17668"},{"taxonomy":"product_tag","embeddable":true,"href":"https:\/\/www.dvc.video\/hu\/wp-json\/wp\/v2\/product_tag?post=17668"}],"curies":[{"name":"wp","href":"https:\/\/api.w.org\/{rel}","templated":true}]}}