{"id":17664,"date":"2021-05-18T12:30:16","date_gmt":"2021-05-18T10:30:16","guid":{"rendered":"https:\/\/www.dvc.video\/proizvod\/nem-kategorizalt\/dvc-821-lb\/"},"modified":"2026-04-11T05:59:37","modified_gmt":"2026-04-11T03:59:37","slug":"dvc-821-lb","status":"publish","type":"product","link":"https:\/\/www.dvc.video\/hu\/termek\/kaputelefon-es-video-kaputelefon\/kulteri-egyseg-modulok\/dvc-821-lb\/","title":{"rendered":"DVC 821\/LB"},"content":{"rendered":"","protected":false},"excerpt":{"rendered":"<p>Inform\u00e1ci\u00f3s panel a DMR11S\/F1 vagy DMR11S\/F2 sorozat\u00fa \u00fcres modulokba helyez\u00e9shez<\/p>\n","protected":false},"featured_media":13898,"template":"","meta":{"_et_pb_use_builder":"","_et_pb_old_content":"","_et_gb_content_width":""},"product_brand":[],"product_cat":[10215,10220],"product_tag":[],"class_list":{"0":"post-17664","1":"product","2":"type-product","3":"status-publish","4":"has-post-thumbnail","6":"product_cat-kaputelefon-es-video-kaputelefon","7":"product_cat-kulteri-egyseg-modulok","9":"first","10":"instock","11":"shipping-taxable","12":"product-type-simple"},"_links":{"self":[{"href":"https:\/\/www.dvc.video\/hu\/wp-json\/wp\/v2\/product\/17664","targetHints":{"allow":["GET"]}}],"collection":[{"href":"https:\/\/www.dvc.video\/hu\/wp-json\/wp\/v2\/product"}],"about":[{"href":"https:\/\/www.dvc.video\/hu\/wp-json\/wp\/v2\/types\/product"}],"wp:featuredmedia":[{"embeddable":true,"href":"https:\/\/www.dvc.video\/hu\/wp-json\/wp\/v2\/media\/13898"}],"wp:attachment":[{"href":"https:\/\/www.dvc.video\/hu\/wp-json\/wp\/v2\/media?parent=17664"}],"wp:term":[{"taxonomy":"product_brand","embeddable":true,"href":"https:\/\/www.dvc.video\/hu\/wp-json\/wp\/v2\/product_brand?post=17664"},{"taxonomy":"product_cat","embeddable":true,"href":"https:\/\/www.dvc.video\/hu\/wp-json\/wp\/v2\/product_cat?post=17664"},{"taxonomy":"product_tag","embeddable":true,"href":"https:\/\/www.dvc.video\/hu\/wp-json\/wp\/v2\/product_tag?post=17664"}],"curies":[{"name":"wp","href":"https:\/\/api.w.org\/{rel}","templated":true}]}}