{"id":17646,"date":"2021-05-18T13:52:27","date_gmt":"2021-05-18T11:52:27","guid":{"rendered":"https:\/\/www.dvc.video\/proizvod\/nem-kategorizalt\/dsn-7424\/"},"modified":"2026-05-09T05:27:51","modified_gmt":"2026-05-09T03:27:51","slug":"dsn-7424","status":"publish","type":"product","link":"https:\/\/www.dvc.video\/hu\/termek\/video-megfigyeles\/szerverek-es-berendezesek\/dsn-7424\/","title":{"rendered":"DSN-7424"},"content":{"rendered":"<p><a href=\"https:\/\/b2b.alarmautomatika.com\/documentation\/Video_nadzor\/7_IP_video_nadzor\/Korisni\u010dke_upute_i_softwari_za_panteon\/DVC data sheets\/DSN-7424.pdf?utm_source=dvc&amp;utm_medium=web&amp;utm_campaign=datasheet&amp;utm_term=DSN-7424\" target=\"_blank\" class=\"button-datasheet\" rel=\"noopener\">Datasheet<\/a><\/p>\n","protected":false},"excerpt":{"rendered":"<p>H\u00e1l\u00f3zati t\u00e1rol\u00f3szerver, 24 x HDD legfeljebb 192 TB, RAID 0\/1\/5\/6, NVMS2.0 CMS vez\u00e9rl\u00e9ssel, ak\u00e1r 900 Mbps hozz\u00e1f\u00e9r\u00e9s \u00e9s t\u00e1rol\u00e1s.<\/p>\n","protected":false},"featured_media":14107,"template":"","meta":{"_et_pb_use_builder":"","_et_pb_old_content":"","_et_gb_content_width":""},"product_brand":[],"product_cat":[10236,10223],"product_tag":[],"class_list":{"0":"post-17646","1":"product","2":"type-product","3":"status-publish","4":"has-post-thumbnail","6":"product_cat-szerverek-es-berendezesek","7":"product_cat-video-megfigyeles","9":"first","10":"instock","11":"shipping-taxable","12":"product-type-simple"},"_links":{"self":[{"href":"https:\/\/www.dvc.video\/hu\/wp-json\/wp\/v2\/product\/17646","targetHints":{"allow":["GET"]}}],"collection":[{"href":"https:\/\/www.dvc.video\/hu\/wp-json\/wp\/v2\/product"}],"about":[{"href":"https:\/\/www.dvc.video\/hu\/wp-json\/wp\/v2\/types\/product"}],"wp:featuredmedia":[{"embeddable":true,"href":"https:\/\/www.dvc.video\/hu\/wp-json\/wp\/v2\/media\/14107"}],"wp:attachment":[{"href":"https:\/\/www.dvc.video\/hu\/wp-json\/wp\/v2\/media?parent=17646"}],"wp:term":[{"taxonomy":"product_brand","embeddable":true,"href":"https:\/\/www.dvc.video\/hu\/wp-json\/wp\/v2\/product_brand?post=17646"},{"taxonomy":"product_cat","embeddable":true,"href":"https:\/\/www.dvc.video\/hu\/wp-json\/wp\/v2\/product_cat?post=17646"},{"taxonomy":"product_tag","embeddable":true,"href":"https:\/\/www.dvc.video\/hu\/wp-json\/wp\/v2\/product_tag?post=17646"}],"curies":[{"name":"wp","href":"https:\/\/api.w.org\/{rel}","templated":true}]}}