{"id":17617,"date":"2021-05-18T13:45:44","date_gmt":"2021-05-18T11:45:44","guid":{"rendered":"https:\/\/www.dvc.video\/proizvod\/nem-kategorizalt\/dpn-716\/"},"modified":"2026-05-09T05:28:44","modified_gmt":"2026-05-09T03:28:44","slug":"dpn-716","status":"publish","type":"product","link":"https:\/\/www.dvc.video\/hu\/termek\/video-megfigyeles\/szerverek-es-berendezesek\/dpn-716\/","title":{"rendered":"DPN-716"},"content":{"rendered":"<p><a href=\"https:\/\/b2b.alarmautomatika.com\/documentation\/Video_nadzor\/7_IP_video_nadzor\/Korisni\u010dke_upute_i_softwari_za_panteon\/DVC data sheets\/DPN-716.pdf?utm_source=dvc&amp;utm_medium=web&amp;utm_campaign=datasheet&amp;utm_term=DPN-716\" target=\"_blank\" class=\"button-datasheet\" rel=\"noopener\">Datasheet<\/a><\/p>\n","protected":false},"excerpt":{"rendered":"<p>All in one platform, 16 x HDD ak\u00e1r 128TB-ig, RAID 0\/1\/5\/6, NVMS2.0 CMS vez\u00e9rl\u00e9ssel, ak\u00e1r740Mbps hozz\u00e1f\u00e9r\u00e9s \u00e9s t\u00e1rol\u00e1s, ak\u00e1r 540Mbps hozz\u00e1f\u00e9r\u00e9s\/540Mbps t\u00e1rol\u00e1s\/100Mbps visszaj\u00e1tsz\u00e1s.<\/p>\n","protected":false},"featured_media":18759,"template":"","meta":{"_et_pb_use_builder":"","_et_pb_old_content":"","_et_gb_content_width":""},"product_brand":[],"product_cat":[10236,10223],"product_tag":[],"class_list":{"0":"post-17617","1":"product","2":"type-product","3":"status-publish","4":"has-post-thumbnail","6":"product_cat-szerverek-es-berendezesek","7":"product_cat-video-megfigyeles","9":"first","10":"instock","11":"shipping-taxable","12":"product-type-simple"},"_links":{"self":[{"href":"https:\/\/www.dvc.video\/hu\/wp-json\/wp\/v2\/product\/17617","targetHints":{"allow":["GET"]}}],"collection":[{"href":"https:\/\/www.dvc.video\/hu\/wp-json\/wp\/v2\/product"}],"about":[{"href":"https:\/\/www.dvc.video\/hu\/wp-json\/wp\/v2\/types\/product"}],"wp:featuredmedia":[{"embeddable":true,"href":"https:\/\/www.dvc.video\/hu\/wp-json\/wp\/v2\/media\/18759"}],"wp:attachment":[{"href":"https:\/\/www.dvc.video\/hu\/wp-json\/wp\/v2\/media?parent=17617"}],"wp:term":[{"taxonomy":"product_brand","embeddable":true,"href":"https:\/\/www.dvc.video\/hu\/wp-json\/wp\/v2\/product_brand?post=17617"},{"taxonomy":"product_cat","embeddable":true,"href":"https:\/\/www.dvc.video\/hu\/wp-json\/wp\/v2\/product_cat?post=17617"},{"taxonomy":"product_tag","embeddable":true,"href":"https:\/\/www.dvc.video\/hu\/wp-json\/wp\/v2\/product_tag?post=17617"}],"curies":[{"name":"wp","href":"https:\/\/api.w.org\/{rel}","templated":true}]}}