{"id":17476,"date":"2021-05-18T13:46:12","date_gmt":"2021-05-18T11:46:12","guid":{"rendered":"https:\/\/www.dvc.video\/proizvod\/nem-kategorizalt\/dan-71\/"},"modified":"2026-04-27T08:56:53","modified_gmt":"2026-04-27T06:56:53","slug":"dan-71","status":"publish","type":"product","link":"https:\/\/www.dvc.video\/hu\/termek\/video-megfigyeles\/szerverek-es-berendezesek\/dan-71\/","title":{"rendered":"DAN-71"},"content":{"rendered":"<p><a href=\"https:\/\/b2b.alarmautomatika.com\/documentation\/Video_nadzor\/7_IP_video_nadzor\/Korisni\u010dke_upute_i_softwari_za_panteon\/DVC data sheets\/DAN-71.pdf?utm_source=dvc&amp;utm_medium=web&amp;utm_campaign=datasheet&amp;utm_term=DAN-71\" target=\"_blank\" class=\"button-datasheet\" rel=\"noopener\">Datasheet<\/a><\/p>\n","protected":false},"excerpt":{"rendered":"<p>Autentifik\u00e1ci\u00f3  szerver DVC vide\u00f3 megfigyel\u0151 k\u00f6zpontokhoz, ak\u00e1r 30.000 kamera, ak\u00e1r 1024 r\u00f6gz\u00edt\u0151, ak\u00e1r 256 felhaszn\u00e1l\u00f3, ak\u00e1r 256 csatorna dek\u00f3dol\u00e1sa, VGA x 1, telep\u00edtett \u00e9s be\u00e1ll\u00edtott szoftver.<\/p>\n","protected":false},"featured_media":14079,"template":"","meta":{"_et_pb_use_builder":"","_et_pb_old_content":"","_et_gb_content_width":""},"product_brand":[],"product_cat":[10236,10223],"product_tag":[],"class_list":{"0":"post-17476","1":"product","2":"type-product","3":"status-publish","4":"has-post-thumbnail","6":"product_cat-szerverek-es-berendezesek","7":"product_cat-video-megfigyeles","9":"first","10":"instock","11":"shipping-taxable","12":"product-type-simple"},"_links":{"self":[{"href":"https:\/\/www.dvc.video\/hu\/wp-json\/wp\/v2\/product\/17476","targetHints":{"allow":["GET"]}}],"collection":[{"href":"https:\/\/www.dvc.video\/hu\/wp-json\/wp\/v2\/product"}],"about":[{"href":"https:\/\/www.dvc.video\/hu\/wp-json\/wp\/v2\/types\/product"}],"wp:featuredmedia":[{"embeddable":true,"href":"https:\/\/www.dvc.video\/hu\/wp-json\/wp\/v2\/media\/14079"}],"wp:attachment":[{"href":"https:\/\/www.dvc.video\/hu\/wp-json\/wp\/v2\/media?parent=17476"}],"wp:term":[{"taxonomy":"product_brand","embeddable":true,"href":"https:\/\/www.dvc.video\/hu\/wp-json\/wp\/v2\/product_brand?post=17476"},{"taxonomy":"product_cat","embeddable":true,"href":"https:\/\/www.dvc.video\/hu\/wp-json\/wp\/v2\/product_cat?post=17476"},{"taxonomy":"product_tag","embeddable":true,"href":"https:\/\/www.dvc.video\/hu\/wp-json\/wp\/v2\/product_tag?post=17476"}],"curies":[{"name":"wp","href":"https:\/\/api.w.org\/{rel}","templated":true}]}}