{"id":20509,"date":"2023-04-04T13:08:54","date_gmt":"2023-04-04T11:08:54","guid":{"rendered":"https:\/\/www.dvc.video\/extreme-dark-technologia\/"},"modified":"2023-04-05T14:43:08","modified_gmt":"2023-04-05T12:43:08","slug":"extreme-dark-technologia","status":"publish","type":"page","link":"https:\/\/www.dvc.video\/hu\/extreme-dark-technologia\/","title":{"rendered":"Extreme Dark Technol\u00f3gia"},"content":{"rendered":"<p>[et_pb_section fb_built=&#8221;1&#8243; _builder_version=&#8221;4.20.2&#8243; _module_preset=&#8221;default&#8221; background_enable_color=&#8221;off&#8221; background_image=&#8221;https:\/\/www.dvc.video\/wp-content\/uploads\/2021\/03\/bcg-red-triangle.jpg&#8221; height_last_edited=&#8221;off|desktop&#8221; custom_padding=&#8221;34px||34px||true|false&#8221; global_module=&#8221;793&#8243; saved_tabs=&#8221;all&#8221; global_colors_info=&#8221;{}&#8221;][et_pb_row _builder_version=&#8221;4.16&#8243; _module_preset=&#8221;default&#8221; global_colors_info=&#8221;{}&#8221;][et_pb_column type=&#8221;4_4&#8243; _builder_version=&#8221;4.16&#8243; _module_preset=&#8221;default&#8221; global_colors_info=&#8221;{}&#8221;][et_pb_text _builder_version=&#8221;4.20.0&#8243; _dynamic_attributes=&#8221;content&#8221; _module_preset=&#8221;default&#8221; header_text_color=&#8221;#FFFFFF&#8221; header_line_height=&#8221;1.3em&#8221; header_font_size_tablet=&#8221;&#8221; header_font_size_phone=&#8221;&#8221; header_font_size_last_edited=&#8221;on|desktop&#8221; global_colors_info=&#8221;{}&#8221;]@ET-DC@eyJkeW5hbWljIjp0cnVlLCJjb250ZW50IjoicG9zdF90aXRsZSIsInNldHRpbmdzIjp7ImJlZm9yZSI6IjxoMT4iLCJhZnRlciI6IjxcL2gxPiJ9fQ==@[\/et_pb_text][\/et_pb_column][\/et_pb_row][\/et_pb_section][et_pb_section fb_built=&#8221;1&#8243; _builder_version=&#8221;4.20.2&#8243; _module_preset=&#8221;default&#8221; vertical_offset=&#8221;0px&#8221; global_colors_info=&#8221;{}&#8221;][et_pb_row _builder_version=&#8221;4.20.2&#8243; _module_preset=&#8221;default&#8221; vertical_offset=&#8221;-80px&#8221; horizontal_offset=&#8221;0px&#8221; hover_enabled=&#8221;0&#8243; global_colors_info=&#8221;{}&#8221; sticky_enabled=&#8221;0&#8243;][et_pb_column type=&#8221;4_4&#8243; _builder_version=&#8221;4.20.2&#8243; _module_preset=&#8221;default&#8221; global_colors_info=&#8221;{}&#8221;][et_pb_image src=&#8221;https:\/\/www.dvc.video\/wp-content\/uploads\/2023\/04\/2023_04_dvc_extremedark_header.png&#8221; align=&#8221;center&#8221; _builder_version=&#8221;4.20.2&#8243; _module_preset=&#8221;default&#8221; global_colors_info=&#8221;{}&#8221;][\/et_pb_image][et_pb_text _builder_version=&#8221;4.20.2&#8243; _module_preset=&#8221;default&#8221; global_colors_info=&#8221;{}&#8221;]<\/p>\n<h2>T\u00f6k\u00e9letes k\u00e9p teljes s\u00f6t\u00e9ts\u00e9gben is!<\/h2>\n<p>A DVC Extreme Dark technol\u00f3gi\u00e1t az\u00e9rt hozt\u00e1k l\u00e9tre, hogy lehet\u0151v\u00e9 tegye a kamer\u00e1k m\u0171k\u00f6d\u00e9s\u00e9t \u00e9s a videofel\u00fcgyelet k\u00e9pmin\u0151s\u00e9g\u00e9nek jav\u00edt\u00e1s\u00e1t m\u00e9g sz\u00e9ls\u0151s\u00e9ges k\u00f6r\u00fclm\u00e9nyek k\u00f6z\u00f6tt is, p\u00e9ld\u00e1ul teljes s\u00f6t\u00e9ts\u00e9gben.<\/p>\n<p>A kieg\u00e9sz\u00edt\u0151 LED-f\u00e9nynek k\u00f6sz\u00f6nhet\u0151en az Extreme Dark kamer\u00e1k tiszta, sz\u00ednes k\u00e9peket garant\u00e1lnak m\u00e9g akkor is, ha egy\u00e1ltal\u00e1n nincs f\u00e9nyforr\u00e1s, p\u00e9ld\u00e1ul csillagok vagy utcai l\u00e1mp\u00e1k.<\/p>\n<p>[\/et_pb_text][et_pb_text _builder_version=&#8221;4.20.2&#8243; _module_preset=&#8221;default&#8221; global_colors_info=&#8221;{}&#8221;]<\/p>\n<h2>Vide\u00f3elemz\u00e9s \u00e9jszaka<\/h2>\n<p>Az Extreme Dark technol\u00f3gia hat\u00e9kony k\u00e9pess\u00e9ge a r\u00e9szletek meg\u00f6r\u00f6k\u00edt\u00e9s\u00e9re gyenge f\u00e9nyviszonyok k\u00f6z\u00f6tt a fejlett lencsetechnol\u00f3gi\u00e1nak \u00e9s a nagy \u00e9rz\u00e9kenys\u00e9g\u0171 \u00e9rz\u00e9kel\u0151knek k\u00f6sz\u00f6nhet\u0151. A hagyom\u00e1nyos objekt\u00edvekkel ellent\u00e9tben az F1.0-t el\u00e9r\u0151 szuper rekesznek k\u00f6sz\u00f6nhet\u0151en az Extreme Dark technol\u00f3gia t\u00f6bb f\u00e9nyt enged be az objekt\u00edvbe, \u00edgy n\u00f6velve a k\u00e9p f\u00e9nyerej\u00e9t \u00e9s tisztas\u00e1g\u00e1t. A DVC berendez\u00e9sek \u00e1ltal t\u00e1mogatott vide\u00f3elemz\u0151 funkci\u00f3k a k\u00f6vetkez\u0151k: vonal\u00e1tl\u00e9p\u00e9s, t\u00e1rgyk\u00f6vet\u00e9s, ter\u00fcletre behatol\u00e1s, emberek \u00e9s\/vagy j\u00e1rm\u0171vek sz\u00e1ml\u00e1l\u00e1sa, embers\u0171r\u0171s\u00e9g, arcfelismer\u00e9s, szem\u00e9ly- \u00e9s j\u00e1rm\u0171felismer\u00e9s, automatikus k\u00f6vet\u00e9s, j\u00e1rm\u0171 rendsz\u00e1mfelismer\u00e9se.<\/p>\n<p>[\/et_pb_text][et_pb_text _builder_version=&#8221;4.20.2&#8243; _module_preset=&#8221;default&#8221; global_colors_info=&#8221;{}&#8221;]<\/p>\n<h2>N\u00c9l\u00e9nk sz\u00edn\u0171 k\u00e9pek a h\u00e9t minden napj\u00e1n, 24 \u00f3r\u00e1ban<\/h2>\n<p>A nagy \u00e9rz\u00e9kenys\u00e9g\u0171 Extreme Dark kamer\u00e1kat olyan megfigyel\u0151rendszerekhez tervezt\u00e9k, ahol m\u00e9g nagyon gyenge f\u00e9nyviszonyok k\u00f6z\u00f6tt is nagy felbont\u00e1s\u00fa k\u00e9pekre van sz\u00fcks\u00e9g. Az Extreme Dark kamera\u00e9rz\u00e9kel\u0151k kiemelked\u0151 fotovoltaikus \u00e1talak\u00edt\u00e1si hat\u00e9konys\u00e1got mutatnak. Fejlett \u00e9rz\u00e9kel\u0151technol\u00f3gi\u00e1t alkalmaznak \u2013 egy \u00faj f\u00e9nygy\u0171jt\u0151 szerkezetet, amely nagym\u00e9rt\u00e9kben jav\u00edtja a f\u00e9nyhasznos\u00edt\u00e1st. A tesztek azt mutatj\u00e1k, hogy az Extreme Dark kamer\u00e1k folyamatosan \u00e9l\u00e9nk, \u00e9les k\u00e9peket biztos\u00edtanak eg\u00e9szen a legalacsonyabb f\u00e9nyszintig. Ugyanakkor \u00f6nadapt\u00edv 3D DNR algoritmusuk az ISP-n garant\u00e1lja a kiv\u00e1l\u00f3 k\u00e9pmin\u0151s\u00e9get.<\/p>\n<p>[\/et_pb_text][et_pb_text _builder_version=&#8221;4.20.2&#8243; _module_preset=&#8221;default&#8221; global_colors_info=&#8221;{}&#8221;]<\/p>\n<h2>Alkalmaz\u00e1s<\/h2>\n<p>Az extr\u00e9m s\u00f6t\u00e9t kamer\u00e1k zavartalan \u00e9jszakai megfigyel\u00e9st tesznek lehet\u0151v\u00e9, \u00e9s \u00edgy v\u00e9dik a gy\u00e1r, villa vagy kert ker\u00fclet\u00e9t. Az Extreme Dark kamer\u00e1k kiv\u00e1l\u00f3, \u00e9l\u00e9nk k\u00e9pek k\u00e9sz\u00edt\u00e9s\u00e9re val\u00f3 k\u00e9pess\u00e9g\u00fcknek k\u00f6sz\u00f6nhet\u0151en m\u00e9g gyeng\u00e9n megvil\u00e1g\u00edtott nyilv\u00e1nos helyeken is biztons\u00e1got ny\u00fajtanak. Megb\u00edzhat\u00f3 \u00e9jszakai biztons\u00e1got ny\u00fajtanak minden gyeng\u00e9n megvil\u00e1g\u00edtott ter\u00fcleten, \u00e9s minden olyan helyen, ahol a k\u00e9p d\u00f6nt\u0151 fontoss\u00e1g\u00fa lehet, p\u00e9ld\u00e1ul k\u00f6zleked\u00e9si keresztez\u0151d\u00e9sekben vagy parkokban, valamint minden olyan rosszul megvil\u00e1g\u00edtott helyen, ahol a LED-kamera kieg\u00e9sz\u00edt\u0151 vil\u00e1g\u00edt\u00e1sa l\u00e9tfontoss\u00e1g\u00fa \u00e9jszakai \u00fczemm\u00f3dban.<\/p>\n<p>[\/et_pb_text][et_pb_video src=&#8221;https:\/\/youtu.be\/DOQ5SwP8mP4&#8243; _builder_version=&#8221;4.20.2&#8243; _module_preset=&#8221;default&#8221; global_colors_info=&#8221;{}&#8221;][\/et_pb_video][\/et_pb_column][\/et_pb_row][\/et_pb_section]<\/p>\n","protected":false},"excerpt":{"rendered":"<p>T\u00f6k\u00e9letes k\u00e9p teljes s\u00f6t\u00e9ts\u00e9gben is! A DVC Extreme Dark technol\u00f3gi\u00e1t az\u00e9rt hozt\u00e1k l\u00e9tre, hogy lehet\u0151v\u00e9 tegye a kamer\u00e1k m\u0171k\u00f6d\u00e9s\u00e9t \u00e9s a videofel\u00fcgyelet k\u00e9pmin\u0151s\u00e9g\u00e9nek jav\u00edt\u00e1s\u00e1t m\u00e9g sz\u00e9ls\u0151s\u00e9ges k\u00f6r\u00fclm\u00e9nyek k\u00f6z\u00f6tt is, p\u00e9ld\u00e1ul teljes s\u00f6t\u00e9ts\u00e9gben. A kieg\u00e9sz\u00edt\u0151 LED-f\u00e9nynek k\u00f6sz\u00f6nhet\u0151en az Extreme Dark kamer\u00e1k tiszta, sz\u00ednes k\u00e9peket garant\u00e1lnak m\u00e9g akkor is, ha egy\u00e1ltal\u00e1n nincs f\u00e9nyforr\u00e1s, p\u00e9ld\u00e1ul csillagok vagy utcai [&hellip;]<\/p>\n","protected":false},"author":9,"featured_media":0,"parent":0,"menu_order":0,"comment_status":"closed","ping_status":"closed","template":"","meta":{"_et_pb_use_builder":"on","_et_pb_old_content":"","_et_gb_content_width":"","footnotes":""},"class_list":["post-20509","page","type-page","status-publish","hentry"],"_links":{"self":[{"href":"https:\/\/www.dvc.video\/hu\/wp-json\/wp\/v2\/pages\/20509","targetHints":{"allow":["GET"]}}],"collection":[{"href":"https:\/\/www.dvc.video\/hu\/wp-json\/wp\/v2\/pages"}],"about":[{"href":"https:\/\/www.dvc.video\/hu\/wp-json\/wp\/v2\/types\/page"}],"author":[{"embeddable":true,"href":"https:\/\/www.dvc.video\/hu\/wp-json\/wp\/v2\/users\/9"}],"replies":[{"embeddable":true,"href":"https:\/\/www.dvc.video\/hu\/wp-json\/wp\/v2\/comments?post=20509"}],"version-history":[{"count":0,"href":"https:\/\/www.dvc.video\/hu\/wp-json\/wp\/v2\/pages\/20509\/revisions"}],"wp:attachment":[{"href":"https:\/\/www.dvc.video\/hu\/wp-json\/wp\/v2\/media?parent=20509"}],"curies":[{"name":"wp","href":"https:\/\/api.w.org\/{rel}","templated":true}]}}