{"id":18538,"date":"2022-11-29T14:08:28","date_gmt":"2022-11-29T13:08:28","guid":{"rendered":"https:\/\/www.dvc.video\/hivatkozasok\/"},"modified":"2022-12-01T13:52:46","modified_gmt":"2022-12-01T12:52:46","slug":"hivatkozasok","status":"publish","type":"page","link":"https:\/\/www.dvc.video\/hu\/hivatkozasok\/","title":{"rendered":"Hivatkoz\u00e1sok"},"content":{"rendered":"<p>[et_pb_section fb_built=&#8221;1&#8243; _builder_version=&#8221;4.9.2&#8243; _module_preset=&#8221;default&#8221; background_enable_color=&#8221;off&#8221; background_image=&#8221;https:\/\/www.dvc.video\/wp-content\/uploads\/2021\/03\/bcg-red-triangle.jpg&#8221; height=&#8221;150px&#8221; height_last_edited=&#8221;off|desktop&#8221; custom_padding=&#8221;0px||0px||true|false&#8221; global_module=&#8221;793&#8243; global_colors_info=&#8221;{}&#8221;][et_pb_row _builder_version=&#8221;4.16&#8243; _module_preset=&#8221;default&#8221; global_colors_info=&#8221;{}&#8221;][et_pb_column type=&#8221;4_4&#8243; _builder_version=&#8221;4.16&#8243; _module_preset=&#8221;default&#8221; global_colors_info=&#8221;{}&#8221;][et_pb_text _builder_version=&#8221;4.16&#8243; _dynamic_attributes=&#8221;content&#8221; _module_preset=&#8221;default&#8221; header_text_color=&#8221;#FFFFFF&#8221; header_line_height=&#8221;1.3em&#8221; header_font_size_tablet=&#8221;&#8221; header_font_size_phone=&#8221;&#8221; header_font_size_last_edited=&#8221;on|desktop&#8221; global_colors_info=&#8221;{}&#8221;]@ET-DC@eyJkeW5hbWljIjp0cnVlLCJjb250ZW50IjoicG9zdF90aXRsZSIsInNldHRpbmdzIjp7ImJlZm9yZSI6IjxoMT4iLCJhZnRlciI6IjxcL2gxPiJ9fQ==@[\/et_pb_text][\/et_pb_column][\/et_pb_row][\/et_pb_section][et_pb_section fb_built=&#8221;1&#8243; _builder_version=&#8221;4.16&#8243; _module_preset=&#8221;default&#8221; global_colors_info=&#8221;{}&#8221;][et_pb_row _builder_version=&#8221;4.16&#8243; _module_preset=&#8221;default&#8221; global_colors_info=&#8221;{}&#8221;][et_pb_column type=&#8221;4_4&#8243; _builder_version=&#8221;4.16&#8243; _module_preset=&#8221;default&#8221; global_colors_info=&#8221;{}&#8221;][et_pb_text _builder_version=&#8221;4.19.1&#8243; _module_preset=&#8221;default&#8221; global_colors_info=&#8221;{}&#8221;]<\/p>\n<h2>A DVC megold\u00e1sok K\u00f6z\u00e9p \u00e9s D\u00e9l Eur\u00f3pa szerte sz\u00e1mos felhaszn\u00e1l\u00f3 sz\u00fcks\u00e9gleteit el\u00e9g\u00edtik ki.<\/h2>\n<h3>T\u00f6bb, mint <strong>100.000<\/strong> telep\u00edt\u00e9s <strong>lak\u00f3<\/strong> \u00e9s <strong>\u00fczleti<\/strong> felhaszn\u00e1l\u00e1s\u00fa \u00e9p\u00fcleteken<\/h3>\n<p>[\/et_pb_text][\/et_pb_column][\/et_pb_row][et_pb_row _builder_version=&#8221;4.19.1&#8243; _module_preset=&#8221;default&#8221; custom_padding=&#8221;0px||0px||true|false&#8221; global_colors_info=&#8221;{}&#8221;][et_pb_column type=&#8221;4_4&#8243; _builder_version=&#8221;4.19.1&#8243; _module_preset=&#8221;default&#8221; global_colors_info=&#8221;{}&#8221;][et_pb_text _builder_version=&#8221;4.19.1&#8243; _module_preset=&#8221;default&#8221; header_2_text_color=&#8221;#ED1C24&#8243; custom_padding=&#8221;0px||0px||true|false&#8221; global_colors_info=&#8221;{}&#8221;]<\/p>\n<h2>Kiskereskedelmi szektor<\/h2>\n<p>[\/et_pb_text][\/et_pb_column][\/et_pb_row][et_pb_row column_structure=&#8221;1_3,1_3,1_3&#8243; _builder_version=&#8221;4.19.2&#8243; _module_preset=&#8221;default&#8221; custom_padding=&#8221;0px||35px||false|false&#8221; hover_enabled=&#8221;0&#8243; border_width_bottom=&#8221;1px&#8221; border_color_bottom=&#8221;#ED1C24&#8243; global_colors_info=&#8221;{}&#8221; sticky_enabled=&#8221;0&#8243;][et_pb_column type=&#8221;1_3&#8243; _builder_version=&#8221;4.19.1&#8243; _module_preset=&#8221;default&#8221; global_colors_info=&#8221;{}&#8221;][et_pb_text _builder_version=&#8221;4.19.1&#8243; _module_preset=&#8221;default&#8221; global_colors_info=&#8221;{}&#8221;]<\/p>\n<p><strong>Aviv park<\/strong>, Szerbia<br \/><strong>Crodux plin d.o.o.<\/strong>, Horv\u00e1torsz\u00e1g<br \/><strong>DB Schenker d.o.o.<\/strong>, Horv\u00e1torsz\u00e1g<br \/><strong>DM drogerie markt d.o.o.<\/strong>, Szerbia<br \/><strong>JYSK d.o.o.<\/strong>, Bosznia \u00e9s hercegovina<\/p>\n<p>[\/et_pb_text][\/et_pb_column][et_pb_column type=&#8221;1_3&#8243; _builder_version=&#8221;4.19.1&#8243; _module_preset=&#8221;default&#8221; global_colors_info=&#8221;{}&#8221;][et_pb_text _builder_version=&#8221;4.19.1&#8243; _module_preset=&#8221;default&#8221; global_colors_info=&#8221;{}&#8221;]<\/p>\n<p><strong>JYSK d.o.o.<\/strong>, Horv\u00e1torsz\u00e1g<br \/><strong>Mall of Plovdiv<\/strong>, Bulg\u00e1ria<br \/><strong>Mlinar, pekarska industrija d.o.o.<\/strong>, Horv\u00e1torsz\u00e1g<br \/><strong>OMV Petrom<\/strong>, Rom\u00e1nia<br \/><strong>Plodine d.o.o.<\/strong>, Horv\u00e1torsz\u00e1g<\/p>\n<p>[\/et_pb_text][\/et_pb_column][et_pb_column type=&#8221;1_3&#8243; _builder_version=&#8221;4.19.1&#8243; _module_preset=&#8221;default&#8221; global_colors_info=&#8221;{}&#8221;][et_pb_text _builder_version=&#8221;4.19.1&#8243; _module_preset=&#8221;default&#8221; global_colors_info=&#8221;{}&#8221;]<\/p>\n<p><strong>Pepco d.o.o.<\/strong>, Szerbia<br \/><strong>Studenac d.o.o.<\/strong>, Horv\u00e1torsz\u00e1g<br \/><strong>Sport vision d.o.o.<\/strong>, Horv\u00e1torsz\u00e1g<br \/><strong>Zegin pharmacy<\/strong>, North Macedonia<\/p>\n<p>[\/et_pb_text][\/et_pb_column][\/et_pb_row][et_pb_row _builder_version=&#8221;4.19.1&#8243; _module_preset=&#8221;default&#8221; custom_padding=&#8221;||0px||false|false&#8221; global_colors_info=&#8221;{}&#8221;][et_pb_column type=&#8221;4_4&#8243; _builder_version=&#8221;4.19.1&#8243; _module_preset=&#8221;default&#8221; global_colors_info=&#8221;{}&#8221;][et_pb_text _builder_version=&#8221;4.19.1&#8243; _module_preset=&#8221;default&#8221; header_2_text_color=&#8221;#ED1C24&#8243; custom_padding=&#8221;0px||0px||true|false&#8221; global_colors_info=&#8221;{}&#8221;]<\/p>\n<h2>K\u00f6zszf\u00e9ra<\/h2>\n<p>[\/et_pb_text][\/et_pb_column][\/et_pb_row][et_pb_row column_structure=&#8221;1_3,1_3,1_3&#8243; _builder_version=&#8221;4.19.1&#8243; _module_preset=&#8221;default&#8221; custom_padding=&#8221;0px||35px||false|false&#8221; border_width_bottom=&#8221;1px&#8221; border_color_bottom=&#8221;#ED1C24&#8243; global_colors_info=&#8221;{}&#8221;][et_pb_column type=&#8221;1_3&#8243; _builder_version=&#8221;4.19.1&#8243; _module_preset=&#8221;default&#8221; global_colors_info=&#8221;{}&#8221;][et_pb_text _builder_version=&#8221;4.19.1&#8243; _module_preset=&#8221;default&#8221; global_colors_info=&#8221;{}&#8221;]<\/p>\n<p><strong>BH Telecom<\/strong>, Bosznia \u00e9s hercegovina<br \/><strong>Lacul Morri Promenade<\/strong>, Rom\u00e1nia<br \/><strong>Lyulin Metro<\/strong>, Bulg\u00e1ria<br \/><strong>Ministarstvo unutarnjih poslova<\/strong>, Horv\u00e1torsz\u00e1g<br \/><strong>Po\u017eega katedrala<\/strong>, Horv\u00e1torsz\u00e1g<\/p>\n<p>[\/et_pb_text][\/et_pb_column][et_pb_column type=&#8221;1_3&#8243; _builder_version=&#8221;4.19.1&#8243; _module_preset=&#8221;default&#8221; global_colors_info=&#8221;{}&#8221;][et_pb_text _builder_version=&#8221;4.19.1&#8243; _module_preset=&#8221;default&#8221; global_colors_info=&#8221;{}&#8221;]<\/p>\n<p><strong>Specijalna bolnica vara\u017edinske toplice<\/strong>, Horv\u00e1torsz\u00e1g<br \/><strong>Studentski dom K.J. Pitu<\/strong>, North Macedonia<\/p>\n<p>[\/et_pb_text][\/et_pb_column][et_pb_column type=&#8221;1_3&#8243; _builder_version=&#8221;4.19.1&#8243; _module_preset=&#8221;default&#8221; global_colors_info=&#8221;{}&#8221;][\/et_pb_column][\/et_pb_row][et_pb_row _builder_version=&#8221;4.19.1&#8243; _module_preset=&#8221;default&#8221; custom_padding=&#8221;||0px||false|false&#8221; global_colors_info=&#8221;{}&#8221;][et_pb_column type=&#8221;4_4&#8243; _builder_version=&#8221;4.19.1&#8243; _module_preset=&#8221;default&#8221; global_colors_info=&#8221;{}&#8221;][et_pb_text _builder_version=&#8221;4.19.1&#8243; _module_preset=&#8221;default&#8221; header_2_text_color=&#8221;#ED1C24&#8243; custom_padding=&#8221;0px||0px||true|false&#8221; global_colors_info=&#8221;{}&#8221;]<\/p>\n<h2>Ipar<\/h2>\n<p>[\/et_pb_text][\/et_pb_column][\/et_pb_row][et_pb_row _builder_version=&#8221;4.19.1&#8243; _module_preset=&#8221;default&#8221; custom_padding=&#8221;0px||35px||false|false&#8221; border_width_bottom=&#8221;1px&#8221; border_color_bottom=&#8221;#ED1C24&#8243; global_colors_info=&#8221;{}&#8221;][et_pb_column type=&#8221;4_4&#8243; _builder_version=&#8221;4.19.1&#8243; _module_preset=&#8221;default&#8221; global_colors_info=&#8221;{}&#8221;][et_pb_text _builder_version=&#8221;4.19.1&#8243; _module_preset=&#8221;default&#8221; global_colors_info=&#8221;{}&#8221;]<\/p>\n<p><strong>PIK Vrbovec d.o.o.<\/strong>, Horv\u00e1torsz\u00e1g<br \/><strong>Prilepska Pivarnica A.D.<\/strong>, North Macedonia<br \/><strong>Tutunskoi Kombinat A.D.<\/strong>, North Macedonia<br \/><strong>\u017dito Polog<\/strong>, North Macedonia<\/p>\n<p>[\/et_pb_text][\/et_pb_column][\/et_pb_row][et_pb_row _builder_version=&#8221;4.19.1&#8243; _module_preset=&#8221;default&#8221; custom_padding=&#8221;||0px||false|false&#8221; global_colors_info=&#8221;{}&#8221;][et_pb_column type=&#8221;4_4&#8243; _builder_version=&#8221;4.19.1&#8243; _module_preset=&#8221;default&#8221; global_colors_info=&#8221;{}&#8221;][et_pb_text _builder_version=&#8221;4.19.1&#8243; _module_preset=&#8221;default&#8221; header_2_text_color=&#8221;#ED1C24&#8243; custom_padding=&#8221;0px||0px||true|false&#8221; global_colors_info=&#8221;{}&#8221;]<\/p>\n<h2>Hotelek \u00e9s lak\u00f3\u00e9p\u00fcletegy\u00fcttesek<\/h2>\n<p>[\/et_pb_text][\/et_pb_column][\/et_pb_row][et_pb_row _builder_version=&#8221;4.19.1&#8243; _module_preset=&#8221;default&#8221; custom_padding=&#8221;0px||35px||false|false&#8221; border_width_bottom=&#8221;1px&#8221; border_color_bottom=&#8221;#ED1C24&#8243; global_colors_info=&#8221;{}&#8221;][et_pb_column type=&#8221;4_4&#8243; _builder_version=&#8221;4.19.1&#8243; _module_preset=&#8221;default&#8221; global_colors_info=&#8221;{}&#8221;][et_pb_text _builder_version=&#8221;4.19.1&#8243; _module_preset=&#8221;default&#8221; global_colors_info=&#8221;{}&#8221;]<\/p>\n<p><strong>Cloud 9 Residence<\/strong>, Rom\u00e1nia<br \/><strong>Hotel Bastion<\/strong>, Horv\u00e1torsz\u00e1g<br \/><strong>Maistra d.d.<\/strong>, Horv\u00e1torsz\u00e1g<br \/><strong>Nusco Residence<\/strong>, Rom\u00e1nia<br \/><strong>Stambene zgrade Lagera i Mladost 4<\/strong>, Bulg\u00e1ria<\/p>\n<p>[\/et_pb_text][\/et_pb_column][\/et_pb_row][et_pb_row _builder_version=&#8221;4.19.1&#8243; _module_preset=&#8221;default&#8221; custom_padding=&#8221;||0px||false|false&#8221; global_colors_info=&#8221;{}&#8221;][et_pb_column type=&#8221;4_4&#8243; _builder_version=&#8221;4.19.1&#8243; _module_preset=&#8221;default&#8221; global_colors_info=&#8221;{}&#8221;][et_pb_text _builder_version=&#8221;4.19.1&#8243; _module_preset=&#8221;default&#8221; header_2_text_color=&#8221;#ED1C24&#8243; custom_padding=&#8221;0px||0px||true|false&#8221; global_colors_info=&#8221;{}&#8221;]<\/p>\n<h2>P\u00e9nzint\u00e9zetek<\/h2>\n<p>[\/et_pb_text][\/et_pb_column][\/et_pb_row][et_pb_row _builder_version=&#8221;4.19.1&#8243; _module_preset=&#8221;default&#8221; custom_padding=&#8221;0px||35px||false|false&#8221; border_width_bottom=&#8221;1px&#8221; border_color_bottom=&#8221;#ED1C24&#8243; global_colors_info=&#8221;{}&#8221;][et_pb_column type=&#8221;4_4&#8243; _builder_version=&#8221;4.19.1&#8243; _module_preset=&#8221;default&#8221; global_colors_info=&#8221;{}&#8221;][et_pb_text _builder_version=&#8221;4.19.1&#8243; _module_preset=&#8221;default&#8221; global_colors_info=&#8221;{}&#8221;]<\/p>\n<p><strong>Banca Intesa a.d.<\/strong>, Szerbia<br \/><strong>Croatia osiguranje d.d.<\/strong>, Horv\u00e1torsz\u00e1g<br \/><strong>NLB Bank<\/strong>, Kosovo<br \/><strong>Sparkasse bank dd<\/strong>, Bosznia \u00e9s hercegovina<br \/><strong>Union Banka d.d.<\/strong>, Bosznia \u00e9s hercegovina<\/p>\n<p>[\/et_pb_text][\/et_pb_column][\/et_pb_row][\/et_pb_section]<\/p>\n","protected":false},"excerpt":{"rendered":"<p>A DVC megold\u00e1sok K\u00f6z\u00e9p \u00e9s D\u00e9l Eur\u00f3pa szerte sz\u00e1mos felhaszn\u00e1l\u00f3 sz\u00fcks\u00e9gleteit el\u00e9g\u00edtik ki. T\u00f6bb, mint 100.000 telep\u00edt\u00e9s lak\u00f3 \u00e9s \u00fczleti felhaszn\u00e1l\u00e1s\u00fa \u00e9p\u00fcletekenKiskereskedelmi szektorAviv park, SzerbiaCrodux plin d.o.o., Horv\u00e1torsz\u00e1gDB Schenker d.o.o., Horv\u00e1torsz\u00e1gDM drogerie markt d.o.o., SzerbiaJYSK d.o.o., Bosznia \u00e9s hercegovinaJYSK d.o.o., Horv\u00e1torsz\u00e1gMall of Plovdiv, Bulg\u00e1riaMlinar, pekarska industrija d.o.o., Horv\u00e1torsz\u00e1gOMV Petrom, Rom\u00e1niaPlodine d.o.o., Horv\u00e1torsz\u00e1gPepco d.o.o., SzerbiaStudenac d.o.o., [&hellip;]<\/p>\n","protected":false},"author":9,"featured_media":0,"parent":0,"menu_order":0,"comment_status":"closed","ping_status":"closed","template":"","meta":{"_et_pb_use_builder":"on","_et_pb_old_content":"","_et_gb_content_width":"","footnotes":""},"class_list":["post-18538","page","type-page","status-publish","hentry"],"_links":{"self":[{"href":"https:\/\/www.dvc.video\/hu\/wp-json\/wp\/v2\/pages\/18538","targetHints":{"allow":["GET"]}}],"collection":[{"href":"https:\/\/www.dvc.video\/hu\/wp-json\/wp\/v2\/pages"}],"about":[{"href":"https:\/\/www.dvc.video\/hu\/wp-json\/wp\/v2\/types\/page"}],"author":[{"embeddable":true,"href":"https:\/\/www.dvc.video\/hu\/wp-json\/wp\/v2\/users\/9"}],"replies":[{"embeddable":true,"href":"https:\/\/www.dvc.video\/hu\/wp-json\/wp\/v2\/comments?post=18538"}],"version-history":[{"count":0,"href":"https:\/\/www.dvc.video\/hu\/wp-json\/wp\/v2\/pages\/18538\/revisions"}],"wp:attachment":[{"href":"https:\/\/www.dvc.video\/hu\/wp-json\/wp\/v2\/media?parent=18538"}],"curies":[{"name":"wp","href":"https:\/\/api.w.org\/{rel}","templated":true}]}}