{"id":16118,"date":"2021-03-15T09:52:21","date_gmt":"2021-03-15T08:52:21","guid":{"rendered":"https:\/\/www.dvc.video\/promocios-anyagok\/"},"modified":"2025-09-16T12:30:59","modified_gmt":"2025-09-16T10:30:59","slug":"promocios-anyagok","status":"publish","type":"page","link":"https:\/\/www.dvc.video\/hu\/promocios-anyagok\/","title":{"rendered":"Prom\u00f3ci\u00f3s anyagok"},"content":{"rendered":"<p>[et_pb_section fb_built=&#8221;1&#8243; _builder_version=&#8221;4.20.2&#8243; _module_preset=&#8221;default&#8221; background_enable_color=&#8221;off&#8221; background_image=&#8221;https:\/\/www.dvc.video\/wp-content\/uploads\/2021\/03\/bcg-red-triangle.jpg&#8221; height_last_edited=&#8221;off|desktop&#8221; custom_padding=&#8221;34px||34px||true|false&#8221; global_module=&#8221;793&#8243; saved_tabs=&#8221;all&#8221; global_colors_info=&#8221;{}&#8221;][et_pb_row _builder_version=&#8221;4.16&#8243; _module_preset=&#8221;default&#8221; global_colors_info=&#8221;{}&#8221;][et_pb_column type=&#8221;4_4&#8243; _builder_version=&#8221;4.16&#8243; _module_preset=&#8221;default&#8221; global_colors_info=&#8221;{}&#8221;][et_pb_text _builder_version=&#8221;4.20.0&#8243; _dynamic_attributes=&#8221;content&#8221; _module_preset=&#8221;default&#8221; header_text_color=&#8221;#FFFFFF&#8221; header_line_height=&#8221;1.3em&#8221; header_font_size_tablet=&#8221;&#8221; header_font_size_phone=&#8221;&#8221; header_font_size_last_edited=&#8221;on|desktop&#8221; global_colors_info=&#8221;{}&#8221;]@ET-DC@eyJkeW5hbWljIjp0cnVlLCJjb250ZW50IjoicG9zdF90aXRsZSIsInNldHRpbmdzIjp7ImJlZm9yZSI6IjxoMT4iLCJhZnRlciI6IjxcL2gxPiJ9fQ==@[\/et_pb_text][\/et_pb_column][\/et_pb_row][\/et_pb_section][et_pb_section fb_built=&#8221;1&#8243; _builder_version=&#8221;4.16&#8243; _module_preset=&#8221;default&#8221; custom_padding=&#8221;70px||0px||false|false&#8221; global_colors_info=&#8221;{}&#8221;][et_pb_row column_structure=&#8221;1_4,1_4,1_4,1_4&#8243; _builder_version=&#8221;4.16&#8243; _module_preset=&#8221;default&#8221; custom_padding=&#8221;0px||70px||false|false&#8221; collapsed=&#8221;off&#8221; global_colors_info=&#8221;{}&#8221;][et_pb_column type=&#8221;1_4&#8243; _builder_version=&#8221;4.16&#8243; _module_preset=&#8221;default&#8221; background_enable_color=&#8221;off&#8221; global_colors_info=&#8221;{}&#8221;][et_pb_blurb title=&#8221;DVC &#8211; Digital Video Communications&#8221; image=&#8221;https:\/\/www.dvc.video\/wp-content\/uploads\/2023\/06\/dvc_brosura_ENG-3.jpg&#8221; alt=&#8221;DVC &#8211; Digital Video Communications&#8221; _builder_version=&#8221;4.23.1&#8243; _module_preset=&#8221;default&#8221; header_level=&#8221;h2&#8243; header_text_align=&#8221;center&#8221; header_text_color=&#8221;#ED1C24&#8243; header_font_size=&#8221;16px&#8221; header_line_height=&#8221;1.3em&#8221; background_enable_color=&#8221;off&#8221; custom_margin=&#8221;||15px||false|false&#8221; animation=&#8221;off&#8221; global_colors_info=&#8221;{}&#8221;][\/et_pb_blurb][et_pb_button button_url=&#8221;https:\/\/drive.google.com\/file\/d\/1TAk8RWAdwWVnUxIFD8ugsSOT4VEB1h7e\/view?usp=drive_link&#8221; url_new_window=&#8221;on&#8221; button_text=&#8221;Let\u00f6lt\u00e9s&#8221; button_alignment=&#8221;center&#8221; _builder_version=&#8221;4.23.1&#8243; _module_preset=&#8221;default&#8221; custom_button=&#8221;on&#8221; button_font=&#8221;|600|||||||&#8221; button_icon=&#8221;&#xe092;||divi||400&#8243; button_icon_color=&#8221;#FFFFFF&#8221; button_icon_placement=&#8221;left&#8221; button_on_hover=&#8221;off&#8221; custom_padding=&#8221;18px|40px|18px|60px|true|false&#8221; global_colors_info=&#8221;{}&#8221;][\/et_pb_button][\/et_pb_column][et_pb_column type=&#8221;1_4&#8243; _builder_version=&#8221;4.16&#8243; _module_preset=&#8221;default&#8221; background_enable_color=&#8221;off&#8221; global_colors_info=&#8221;{}&#8221;][et_pb_blurb title=&#8221;DVC video megfigyel\u00e9s&#8221; image=&#8221;https:\/\/www.dvc.video\/wp-content\/uploads\/2025\/09\/dvc-video-2025-hu.jpg&#8221; alt=&#8221;DVC video megfigyel\u00e9s&#8221; _builder_version=&#8221;4.27.4&#8243; _module_preset=&#8221;default&#8221; header_level=&#8221;h2&#8243; header_text_align=&#8221;center&#8221; header_text_color=&#8221;#ED1C24&#8243; header_font_size=&#8221;16px&#8221; header_line_height=&#8221;1.3em&#8221; background_enable_color=&#8221;off&#8221; custom_margin=&#8221;||15px||false|false&#8221; animation=&#8221;off&#8221; hover_enabled=&#8221;0&#8243; global_colors_info=&#8221;{}&#8221; sticky_enabled=&#8221;0&#8243;][\/et_pb_blurb][et_pb_button button_url=&#8221;https:\/\/drive.google.com\/file\/d\/17gzUXwfY32SlpuYOElOkmQXUVIjdRs9J\/view?usp=sharing&#8221; url_new_window=&#8221;on&#8221; button_text=&#8221;Let\u00f6lt\u00e9s&#8221; button_alignment=&#8221;center&#8221; _builder_version=&#8221;4.16&#8243; _module_preset=&#8221;default&#8221; custom_button=&#8221;on&#8221; button_font=&#8221;|600|||||||&#8221; button_icon=&#8221;&#xe092;||divi||400&#8243; button_icon_color=&#8221;#FFFFFF&#8221; button_icon_placement=&#8221;left&#8221; button_on_hover=&#8221;off&#8221; custom_padding=&#8221;18px|40px|18px|60px|true|false&#8221; global_colors_info=&#8221;{}&#8221;][\/et_pb_button][\/et_pb_column][et_pb_column type=&#8221;1_4&#8243; _builder_version=&#8221;4.16&#8243; _module_preset=&#8221;default&#8221; global_colors_info=&#8221;{}&#8221;][et_pb_blurb title=&#8221;DVC vide\u00f3kaputelefon rendszerek&#8221; image=&#8221;https:\/\/www.dvc.video\/wp-content\/uploads\/2025\/09\/dvc-interfoni-2025-hu.jpg&#8221; alt=&#8221;DVC vide\u00f3kaputelefon rendszerek&#8221; _builder_version=&#8221;4.27.4&#8243; _module_preset=&#8221;default&#8221; header_level=&#8221;h2&#8243; header_text_align=&#8221;center&#8221; header_text_color=&#8221;#ED1C24&#8243; header_font_size=&#8221;16px&#8221; header_line_height=&#8221;1.3em&#8221; background_enable_color=&#8221;off&#8221; custom_margin=&#8221;||15px||false|false&#8221; animation=&#8221;off&#8221; hover_enabled=&#8221;0&#8243; global_colors_info=&#8221;{}&#8221; sticky_enabled=&#8221;0&#8243;][\/et_pb_blurb][et_pb_button button_url=&#8221;https:\/\/drive.google.com\/file\/d\/1emVw68U65cp1PsQ7iU9YHoKI8nQW77zy\/view?usp=sharing&#8221; url_new_window=&#8221;on&#8221; button_text=&#8221;Let\u00f6lt\u00e9s&#8221; button_alignment=&#8221;center&#8221; _builder_version=&#8221;4.16&#8243; _module_preset=&#8221;default&#8221; custom_button=&#8221;on&#8221; button_font=&#8221;|600|||||||&#8221; button_icon=&#8221;&#xe092;||divi||400&#8243; button_icon_color=&#8221;#FFFFFF&#8221; button_icon_placement=&#8221;left&#8221; button_on_hover=&#8221;off&#8221; custom_padding=&#8221;18px|40px|18px|60px|true|false&#8221; global_colors_info=&#8221;{}&#8221;][\/et_pb_button][\/et_pb_column][et_pb_column type=&#8221;1_4&#8243; _builder_version=&#8221;4.16&#8243; _module_preset=&#8221;default&#8221; global_colors_info=&#8221;{}&#8221;][et_pb_blurb title=&#8221;DVC CCTV lineup&#8221; image=&#8221;https:\/\/www.dvc.video\/wp-content\/uploads\/2025\/09\/dvc-cctv-line-up-2025.jpg&#8221; alt=&#8221;DVC CCTV lineup&#8221; _builder_version=&#8221;4.27.4&#8243; _module_preset=&#8221;default&#8221; header_level=&#8221;h2&#8243; header_text_align=&#8221;center&#8221; header_text_color=&#8221;#ED1C24&#8243; header_font_size=&#8221;16px&#8221; header_line_height=&#8221;1.3em&#8221; background_enable_color=&#8221;off&#8221; custom_margin=&#8221;||15px||false|false&#8221; animation=&#8221;off&#8221; global_colors_info=&#8221;{}&#8221;][\/et_pb_blurb][et_pb_button button_url=&#8221;https:\/\/drive.google.com\/file\/d\/1sNL5hmCxRYLia__66ynSos12BSaRACdd\/view?usp=sharing&#8221; url_new_window=&#8221;on&#8221; button_text=&#8221;Let\u00f6lt\u00e9s&#8221; button_alignment=&#8221;center&#8221; _builder_version=&#8221;4.16&#8243; _module_preset=&#8221;default&#8221; custom_button=&#8221;on&#8221; button_font=&#8221;|600|||||||&#8221; button_icon=&#8221;&#xe092;||divi||400&#8243; button_icon_color=&#8221;#FFFFFF&#8221; button_icon_placement=&#8221;left&#8221; button_on_hover=&#8221;off&#8221; custom_padding=&#8221;18px|40px|18px|60px|true|false&#8221; global_colors_info=&#8221;{}&#8221;][\/et_pb_button][\/et_pb_column][\/et_pb_row][et_pb_row column_structure=&#8221;1_4,1_4,1_4,1_4&#8243; _builder_version=&#8221;4.16&#8243; _module_preset=&#8221;default&#8221; custom_padding=&#8221;0px||70px||false|false&#8221; collapsed=&#8221;off&#8221; global_colors_info=&#8221;{}&#8221;][et_pb_column type=&#8221;1_4&#8243; _builder_version=&#8221;4.16&#8243; _module_preset=&#8221;default&#8221; background_enable_color=&#8221;off&#8221; global_colors_info=&#8221;{}&#8221;][et_pb_blurb title=&#8221;DVC h\u0151m\u00e9rs\u00e9klet \u00e9rz\u00e9kel\u0151 megold\u00e1sok&#8221; image=&#8221;https:\/\/www.dvc.video\/wp-content\/uploads\/2022\/07\/dvc_2022_video_hun_dvc_thermal_solutions.jpg&#8221; alt=&#8221;DVC h\u0151m\u00e9rs\u00e9klet \u00e9rz\u00e9kel\u0151 megold\u00e1sok&#8221; _builder_version=&#8221;4.16&#8243; _module_preset=&#8221;default&#8221; header_level=&#8221;h2&#8243; header_text_align=&#8221;center&#8221; header_text_color=&#8221;#ED1C24&#8243; header_font_size=&#8221;16px&#8221; header_line_height=&#8221;1.3em&#8221; background_enable_color=&#8221;off&#8221; custom_margin=&#8221;||15px||false|false&#8221; animation=&#8221;off&#8221; global_colors_info=&#8221;{}&#8221;][\/et_pb_blurb][et_pb_button button_url=&#8221;https:\/\/drive.google.com\/file\/d\/1HRHFI0IECuqCwUtBsf6eHATlG9cOxMRe\/view?usp=sharing&#8221; url_new_window=&#8221;on&#8221; button_text=&#8221;Let\u00f6lt\u00e9s&#8221; button_alignment=&#8221;center&#8221; _builder_version=&#8221;4.16&#8243; _module_preset=&#8221;default&#8221; custom_button=&#8221;on&#8221; button_font=&#8221;|600|||||||&#8221; button_icon=&#8221;&#xe092;||divi||400&#8243; button_icon_color=&#8221;#FFFFFF&#8221; button_icon_placement=&#8221;left&#8221; button_on_hover=&#8221;off&#8221; custom_padding=&#8221;18px|40px|18px|60px|true|false&#8221; global_colors_info=&#8221;{}&#8221;][\/et_pb_button][\/et_pb_column][et_pb_column type=&#8221;1_4&#8243; _builder_version=&#8221;4.16&#8243; _module_preset=&#8221;default&#8221; background_enable_color=&#8221;off&#8221; global_colors_info=&#8221;{}&#8221;][et_pb_blurb title=&#8221;DVC terminal&#8221; image=&#8221;https:\/\/www.dvc.video\/wp-content\/uploads\/2024\/05\/dvc-terminal-promo-en.jpg&#8221; alt=&#8221;H\u0150M\u00c9RS\u00c9KLET \u00c9RZ\u00c9KEL\u0150 MEGOLD\u00c1SOK&#8221; _builder_version=&#8221;4.16&#8243; _module_preset=&#8221;default&#8221; header_level=&#8221;h2&#8243; header_text_align=&#8221;center&#8221; header_text_color=&#8221;#ED1C24&#8243; header_font_size=&#8221;16px&#8221; header_line_height=&#8221;1.3em&#8221; background_enable_color=&#8221;off&#8221; custom_margin=&#8221;||15px||false|false&#8221; animation=&#8221;off&#8221; global_colors_info=&#8221;{}&#8221;][\/et_pb_blurb][et_pb_button button_url=&#8221;https:\/\/drive.google.com\/file\/d\/1R3N-jwis9BOvDBJhn6mZSA30xZydKSdq\/view?usp=sharing&#8221; url_new_window=&#8221;on&#8221; button_text=&#8221;Let\u00f6lt\u00e9s&#8221; button_alignment=&#8221;center&#8221; _builder_version=&#8221;4.16&#8243; _module_preset=&#8221;default&#8221; custom_button=&#8221;on&#8221; button_font=&#8221;|600|||||||&#8221; button_icon=&#8221;&#xe092;||divi||400&#8243; button_icon_color=&#8221;#FFFFFF&#8221; button_icon_placement=&#8221;left&#8221; button_on_hover=&#8221;off&#8221; custom_padding=&#8221;18px|40px|18px|60px|true|false&#8221; global_colors_info=&#8221;{}&#8221;][\/et_pb_button][\/et_pb_column][et_pb_column type=&#8221;1_4&#8243; _builder_version=&#8221;4.16&#8243; _module_preset=&#8221;default&#8221; global_colors_info=&#8221;{}&#8221;][et_pb_blurb title=&#8221;Alarm automatika company profile&#8221; image=&#8221;https:\/\/www.dvc.video\/wp-content\/uploads\/2023\/11\/company-profile-promo-en.jpg&#8221; alt=&#8221;H\u0150M\u00c9RS\u00c9KLET \u00c9RZ\u00c9KEL\u0150 MEGOLD\u00c1SOK&#8221; _builder_version=&#8221;4.16&#8243; _module_preset=&#8221;default&#8221; header_level=&#8221;h2&#8243; header_text_align=&#8221;center&#8221; header_text_color=&#8221;#ED1C24&#8243; header_font_size=&#8221;16px&#8221; header_line_height=&#8221;1.3em&#8221; background_enable_color=&#8221;off&#8221; custom_margin=&#8221;||15px||false|false&#8221; animation=&#8221;off&#8221; global_colors_info=&#8221;{}&#8221;][\/et_pb_blurb][et_pb_button button_url=&#8221;https:\/\/drive.google.com\/file\/d\/1YmvMRydnvCxwiK8LTIpV4StZrhof2ldc\/view?usp=sharing&#8221; url_new_window=&#8221;on&#8221; button_text=&#8221;Let\u00f6lt\u00e9s&#8221; button_alignment=&#8221;center&#8221; _builder_version=&#8221;4.16&#8243; _module_preset=&#8221;default&#8221; custom_button=&#8221;on&#8221; button_font=&#8221;|600|||||||&#8221; button_icon=&#8221;&#xe092;||divi||400&#8243; button_icon_color=&#8221;#FFFFFF&#8221; button_icon_placement=&#8221;left&#8221; button_on_hover=&#8221;off&#8221; custom_padding=&#8221;18px|40px|18px|60px|true|false&#8221; global_colors_info=&#8221;{}&#8221;][\/et_pb_button][\/et_pb_column][et_pb_column type=&#8221;1_4&#8243; _builder_version=&#8221;4.16&#8243; _module_preset=&#8221;default&#8221; global_colors_info=&#8221;{}&#8221;][\/et_pb_column][\/et_pb_row][\/et_pb_section]<\/p>\n","protected":false},"excerpt":{"rendered":"","protected":false},"author":9,"featured_media":0,"parent":0,"menu_order":0,"comment_status":"closed","ping_status":"closed","template":"","meta":{"_et_pb_use_builder":"on","_et_pb_old_content":"","_et_gb_content_width":"","footnotes":""},"class_list":["post-16118","page","type-page","status-publish","hentry"],"_links":{"self":[{"href":"https:\/\/www.dvc.video\/hu\/wp-json\/wp\/v2\/pages\/16118","targetHints":{"allow":["GET"]}}],"collection":[{"href":"https:\/\/www.dvc.video\/hu\/wp-json\/wp\/v2\/pages"}],"about":[{"href":"https:\/\/www.dvc.video\/hu\/wp-json\/wp\/v2\/types\/page"}],"author":[{"embeddable":true,"href":"https:\/\/www.dvc.video\/hu\/wp-json\/wp\/v2\/users\/9"}],"replies":[{"embeddable":true,"href":"https:\/\/www.dvc.video\/hu\/wp-json\/wp\/v2\/comments?post=16118"}],"version-history":[{"count":2,"href":"https:\/\/www.dvc.video\/hu\/wp-json\/wp\/v2\/pages\/16118\/revisions"}],"predecessor-version":[{"id":36748,"href":"https:\/\/www.dvc.video\/hu\/wp-json\/wp\/v2\/pages\/16118\/revisions\/36748"}],"wp:attachment":[{"href":"https:\/\/www.dvc.video\/hu\/wp-json\/wp\/v2\/media?parent=16118"}],"curies":[{"name":"wp","href":"https:\/\/api.w.org\/{rel}","templated":true}]}}