{"id":16115,"date":"2021-03-09T11:26:44","date_gmt":"2021-03-09T10:26:44","guid":{"rendered":"https:\/\/www.dvc.video\/a-dvc-rol\/"},"modified":"2023-04-11T13:26:19","modified_gmt":"2023-04-11T11:26:19","slug":"a-dvc-rol","status":"publish","type":"page","link":"https:\/\/www.dvc.video\/hu\/a-dvc-rol\/","title":{"rendered":"A DVC-r\u0151l"},"content":{"rendered":"<p>[et_pb_section fb_built=&#8221;1&#8243; _builder_version=&#8221;4.20.2&#8243; _module_preset=&#8221;default&#8221; background_enable_color=&#8221;off&#8221; background_image=&#8221;https:\/\/www.dvc.video\/wp-content\/uploads\/2021\/03\/bcg-red-triangle.jpg&#8221; height=&#8221;150px&#8221; height_last_edited=&#8221;off|desktop&#8221; custom_padding=&#8221;34px||34px||true|false&#8221; global_module=&#8221;793&#8243; saved_tabs=&#8221;all&#8221; global_colors_info=&#8221;{}&#8221;][et_pb_row _builder_version=&#8221;4.16&#8243; _module_preset=&#8221;default&#8221; global_colors_info=&#8221;{}&#8221;][et_pb_column type=&#8221;4_4&#8243; _builder_version=&#8221;4.16&#8243; _module_preset=&#8221;default&#8221; global_colors_info=&#8221;{}&#8221;][et_pb_text _builder_version=&#8221;4.20.0&#8243; _dynamic_attributes=&#8221;content&#8221; _module_preset=&#8221;default&#8221; header_text_color=&#8221;#FFFFFF&#8221; header_line_height=&#8221;1.3em&#8221; header_font_size_tablet=&#8221;&#8221; header_font_size_phone=&#8221;&#8221; header_font_size_last_edited=&#8221;on|desktop&#8221; global_colors_info=&#8221;{}&#8221;]@ET-DC@eyJkeW5hbWljIjp0cnVlLCJjb250ZW50IjoicG9zdF90aXRsZSIsInNldHRpbmdzIjp7ImJlZm9yZSI6IjxoMT4iLCJhZnRlciI6IjxcL2gxPiJ9fQ==@[\/et_pb_text][\/et_pb_column][\/et_pb_row][\/et_pb_section][et_pb_section fb_built=&#8221;1&#8243; _builder_version=&#8221;4.16&#8243; _module_preset=&#8221;default&#8221; global_colors_info=&#8221;{}&#8221;][et_pb_row _builder_version=&#8221;4.16&#8243; _module_preset=&#8221;default&#8221; global_colors_info=&#8221;{}&#8221;][et_pb_column type=&#8221;4_4&#8243; _builder_version=&#8221;4.16&#8243; _module_preset=&#8221;default&#8221; global_colors_info=&#8221;{}&#8221;][et_pb_text _builder_version=&#8221;4.20.2&#8243; _module_preset=&#8221;default&#8221; hover_enabled=&#8221;0&#8243; global_colors_info=&#8221;{}&#8221; sticky_enabled=&#8221;0&#8243;]<\/p>\n<h2>Intelligens technol\u00f3gia, ami t\u00f6bbet \u00e9r!<\/h2>\n<p>A DVC Digital Video Communication az egyetlen region\u00e1lis videomegfigyel\u0151 \u00e9s vide\u00f3 kaputelefon m\u00e1rka, amelyet az Alarm automatika c\u00e9g fejleszt az elm\u00falt k\u00e9t \u00e9vtizedben. Az els\u0151 DVC rendszert 2003. m\u00e1jus 13-\u00e1n adt\u00e1k el, \u00e9s eddig t\u00f6bb mint f\u00e9lmilli\u00f3 DVC-eszk\u00f6zt \u00e9s berendez\u00e9st adtak el.<\/p>\n<p>[\/et_pb_text][et_pb_text _builder_version=&#8221;4.20.2&#8243; _module_preset=&#8221;default&#8221; hover_enabled=&#8221;0&#8243; global_colors_info=&#8221;{}&#8221; sticky_enabled=&#8221;0&#8243;]<\/p>\n<h3>Megb\u00edzhat\u00f3s\u00e1g \u00e9s bizalom<\/h3>\n<p>2003-as els\u0151 piaci megjelen\u00e9se \u00f3ta a DVC region\u00e1lis m\u00e1rk\u00e1v\u00e1 v\u00e1lt, amely ma a leg\u00fajabb technol\u00f3gi\u00e1k minden el\u0151ny\u00e9t k\u00edn\u00e1lja v\u00e1s\u00e1rl\u00f3inak; anal\u00f3g HD (2 megapixeles anal\u00f3g HD 2.0-t\u00f3l 8 megapixeles anal\u00f3g HD 4.0-ig) \u00e9s IP videofel\u00fcgyeleti technol\u00f3gia (kor\u00e1bban H.263-t\u00f3l a mai Smart H.265 videot\u00f6m\u00f6r\u00edt\u00e9sig), valamint 2 vezet\u00e9kes \u00e9s IP hibrid (vezet\u00e9k n\u00e9lk\u00fcli vagy Ethernet) vide\u00f3 kaputelefon megold\u00e1sok.<\/p>\n<p>[\/et_pb_text][et_pb_text _builder_version=&#8221;4.20.2&#8243; _module_preset=&#8221;default&#8221; hover_enabled=&#8221;0&#8243; global_colors_info=&#8221;{}&#8221; sticky_enabled=&#8221;0&#8243;]<\/p>\n<h3>A legfejlettebb technol\u00f3gi\u00e1k<\/h3>\n<p>Az eszk\u00f6zfejleszt\u00e9s \u00e9s -kiv\u00e1laszt\u00e1s sor\u00e1n a vil\u00e1g vezet\u0151 gy\u00e1rt\u00f3inak legmegb\u00edzhat\u00f3bb komponenseit v\u00e1lasztott\u00e1k ki, mint p\u00e9ld\u00e1ul a Sony CMOS szenzorokat, a Nextchip \u00e9s Techpoint digit\u00e1lis jelfeldolgoz\u00f3kat az anal\u00f3g HD-ben vagy a HiSilicont az IP videofel\u00fcgyeleti technol\u00f3gi\u00e1ban.<\/p>\n<p>[\/et_pb_text][et_pb_text _builder_version=&#8221;4.20.2&#8243; _module_preset=&#8221;default&#8221; hover_enabled=&#8221;0&#8243; global_colors_info=&#8221;{}&#8221; sticky_enabled=&#8221;0&#8243;]<\/p>\n<h3>\u00c9rt\u00e9ket a p\u00e9nz\u00e9rt<\/h3>\n<p>Mindez olyan DVC megold\u00e1sokat eredm\u00e9nyezett, amelyek a legfejlettebb teljes\u00edtm\u00e9nyt k\u00edn\u00e1lj\u00e1k, p\u00e9ld\u00e1ul 8 megapixeles felbont\u00e1st, ultra magas f\u00e9ny\u00e9rz\u00e9kenys\u00e9get, WDR-t, motozoom objekt\u00edveket vagy ak\u00e1r 80 m-es Smart-IR hat\u00f3t\u00e1vols\u00e1got a kamer\u00e1kn\u00e1l vagy r\u00f6gz\u00edt\u0151kn\u00e9l a 8 megapixeles felbont\u00e1st val\u00f3s id\u0151ben (RealTime), Multi-streaming videor\u00f6gz\u00edt\u00e9st (h\u00e1rom adatfolyammal), vide\u00f3elemz\u0151 funkci\u00f3kat, valamint mesters\u00e9ges intelligencia funkci\u00f3kat, p\u00e9ld\u00e1ul arcfelismer\u00e9st vagy rendsz\u00e1mfelismer\u00e9st.<\/p>\n<p>[\/et_pb_text][\/et_pb_column][\/et_pb_row][\/et_pb_section][et_pb_section fb_built=&#8221;1&#8243; fullwidth=&#8221;on&#8221; _builder_version=&#8221;4.10.8&#8243; _module_preset=&#8221;default&#8221; global_module=&#8221;722&#8243; saved_tabs=&#8221;all&#8221; global_colors_info=&#8221;{}&#8221;][et_pb_fullwidth_header title=&#8221;Szeretn\u00e9l DVC partner lenni?&#8221; subhead=&#8221;Legyen tagja a DVC vide\u00f3 megfigyel\u0151 \u00e9s vide\u00f3 kaputelefon megold\u00e1sok telep\u00edt\u0151i \u00e9s forgalmaz\u00f3i region\u00e1lis k\u00f6z\u00f6ss\u00e9g\u00e9nek!&#8221; button_one_text=&#8221;l\u00e9pjen kapcsolatba vel\u00fcnk&#8221; button_one_url=&#8221;@ET-DC@eyJkeW5hbWljIjp0cnVlLCJjb250ZW50IjoicG9zdF9saW5rX3VybF9wYWdlIiwic2V0dGluZ3MiOnsicG9zdF9pZCI6IjMwIn19@&#8221; button_two_text=&#8221;Hol lehet megvenni?&#8221; button_two_url=&#8221;@ET-DC@eyJkeW5hbWljIjp0cnVlLCJjb250ZW50IjoicG9zdF9saW5rX3VybF9wYWdlIiwic2V0dGluZ3MiOnsicG9zdF9pZCI6IjIzNiJ9fQ==@&#8221; header_image_url=&#8221;https:\/\/www.dvc.video\/wp-content\/uploads\/2021\/04\/instalater.png&#8221; image_orientation=&#8221;bottom&#8221; _builder_version=&#8221;4.16&#8243; _dynamic_attributes=&#8221;button_one_url,button_two_url&#8221; _module_preset=&#8221;default&#8221; title_level=&#8221;h2&#8243; title_font_size=&#8221;42px&#8221; title_line_height=&#8221;1.3em&#8221; content_font_size=&#8221;15px&#8221; subhead_font=&#8221;|700|||||||&#8221; subhead_font_size=&#8221;17px&#8221; background_enable_color=&#8221;off&#8221; background_image=&#8221;https:\/\/www.dvc.video\/wp-content\/uploads\/2021\/03\/bcg-red-triangle.jpg&#8221; custom_button_one=&#8221;on&#8221; button_one_text_color=&#8221;#242424&#8243; button_one_bg_color=&#8221;#FFFFFF&#8221; button_one_font=&#8221;|600|||||||&#8221; button_one_use_icon=&#8221;off&#8221; button_one_custom_padding=&#8221;18px|48px|18px|48px|true|true&#8221; custom_button_two=&#8221;on&#8221; button_two_bg_color=&#8221;#FBB040&#8243; button_two_font=&#8221;|600|||||||&#8221; button_two_use_icon=&#8221;off&#8221; button_two_custom_padding=&#8221;18px|48px|18px|48px|true|true&#8221; custom_padding=&#8221;||0px||false|false&#8221; custom_css_logo=&#8221;width: 200px;||padding-bottom: 20px;&#8221; custom_css_title=&#8221;padding-bottom: 20px;&#8221; custom_css_subtitle=&#8221;padding-bottom: 15px;&#8221; global_colors_info=&#8221;{}&#8221; button_one_text_color__hover_enabled=&#8221;on|desktop&#8221; button_one_text_color__hover=&#8221;#FFFFFF&#8221; button_one_bg_color__hover_enabled=&#8221;on|desktop&#8221; button_one_bg_color__hover=&#8221;#9E0B0F&#8221; button_one_bg_enable_color__hover=&#8221;on&#8221; button_two_text_color__hover_enabled=&#8221;on|hover&#8221; button_two_bg_color__hover_enabled=&#8221;on|desktop&#8221; button_two_bg_color__hover=&#8221;#9E0B0F&#8221; button_two_bg_enable_color__hover=&#8221;on&#8221;]<\/p>\n<p>A DVC term\u00e9kek a legmodernebb technol\u00f3gi\u00e1kon, megb\u00edzhat\u00f3 alkatr\u00e9szeken alapulnak \u00e9s a legmagasabb teljes\u00edtm\u00e9nyt ny\u00fajtj\u00e1k, alkalmasak k\u00fcl\u00f6nf\u00e9le m\u00e9ret\u0171 \u00e9s rendeltet\u00e9s\u0171 \u00e9p\u00fcletekben val\u00f3 haszn\u00e1latra.<\/p>\n<p>[\/et_pb_fullwidth_header][\/et_pb_section]<\/p>\n","protected":false},"excerpt":{"rendered":"<p>Intelligens technol\u00f3gia, ami t\u00f6bbet \u00e9r! A DVC Digital Video Communication az egyetlen region\u00e1lis videomegfigyel\u0151 \u00e9s vide\u00f3 kaputelefon m\u00e1rka, amelyet az Alarm automatika c\u00e9g fejleszt az elm\u00falt k\u00e9t \u00e9vtizedben. Az els\u0151 DVC rendszert 2003. m\u00e1jus 13-\u00e1n adt\u00e1k el, \u00e9s eddig t\u00f6bb mint f\u00e9lmilli\u00f3 DVC-eszk\u00f6zt \u00e9s berendez\u00e9st adtak el.Megb\u00edzhat\u00f3s\u00e1g \u00e9s bizalom 2003-as els\u0151 piaci megjelen\u00e9se \u00f3ta a [&hellip;]<\/p>\n","protected":false},"author":9,"featured_media":0,"parent":0,"menu_order":0,"comment_status":"closed","ping_status":"closed","template":"","meta":{"_et_pb_use_builder":"on","_et_pb_old_content":"","_et_gb_content_width":"","footnotes":""},"class_list":["post-16115","page","type-page","status-publish","hentry"],"_links":{"self":[{"href":"https:\/\/www.dvc.video\/hu\/wp-json\/wp\/v2\/pages\/16115","targetHints":{"allow":["GET"]}}],"collection":[{"href":"https:\/\/www.dvc.video\/hu\/wp-json\/wp\/v2\/pages"}],"about":[{"href":"https:\/\/www.dvc.video\/hu\/wp-json\/wp\/v2\/types\/page"}],"author":[{"embeddable":true,"href":"https:\/\/www.dvc.video\/hu\/wp-json\/wp\/v2\/users\/9"}],"replies":[{"embeddable":true,"href":"https:\/\/www.dvc.video\/hu\/wp-json\/wp\/v2\/comments?post=16115"}],"version-history":[{"count":0,"href":"https:\/\/www.dvc.video\/hu\/wp-json\/wp\/v2\/pages\/16115\/revisions"}],"wp:attachment":[{"href":"https:\/\/www.dvc.video\/hu\/wp-json\/wp\/v2\/media?parent=16115"}],"curies":[{"name":"wp","href":"https:\/\/api.w.org\/{rel}","templated":true}]}}