{"id":16066,"date":"2021-03-09T11:25:07","date_gmt":"2021-03-09T10:25:07","guid":{"rendered":"https:\/\/www.dvc.video\/emberszamlalas\/"},"modified":"2022-05-23T08:36:19","modified_gmt":"2022-05-23T06:36:19","slug":"emberszamlalas","status":"publish","type":"page","link":"https:\/\/www.dvc.video\/hu\/emberszamlalas\/","title":{"rendered":"Embersz\u00e1ml\u00e1l\u00e1s"},"content":{"rendered":"<p>[et_pb_section fb_built=&#8221;1&#8243; _builder_version=&#8221;4.9.2&#8243; _module_preset=&#8221;default&#8221; background_enable_color=&#8221;off&#8221; background_image=&#8221;https:\/\/www.dvc.video\/wp-content\/uploads\/2021\/03\/bcg-red-triangle.jpg&#8221; height=&#8221;150px&#8221; height_last_edited=&#8221;off|desktop&#8221; custom_padding=&#8221;0px||0px||true|false&#8221; global_module=&#8221;793&#8243;][et_pb_row _builder_version=&#8221;4.9.2&#8243; _module_preset=&#8221;default&#8221;][et_pb_column type=&#8221;4_4&#8243; _builder_version=&#8221;4.9.2&#8243; _module_preset=&#8221;default&#8221;][et_pb_text _builder_version=&#8221;4.9.7&#8243; _dynamic_attributes=&#8221;content&#8221; _module_preset=&#8221;default&#8221; header_text_color=&#8221;#FFFFFF&#8221; header_line_height=&#8221;1.3em&#8221; header_font_size_tablet=&#8221;&#8221; header_font_size_phone=&#8221;&#8221; header_font_size_last_edited=&#8221;on|desktop&#8221;]@ET-DC@eyJkeW5hbWljIjp0cnVlLCJjb250ZW50IjoicG9zdF90aXRsZSIsInNldHRpbmdzIjp7ImJlZm9yZSI6IjxoMT4iLCJhZnRlciI6IjxcL2gxPiJ9fQ==@[\/et_pb_text][\/et_pb_column][\/et_pb_row][\/et_pb_section][et_pb_section fb_built=&#8221;1&#8243; _builder_version=&#8221;4.9.2&#8243; _module_preset=&#8221;default&#8221;][et_pb_row _builder_version=&#8221;4.9.2&#8243; _module_preset=&#8221;default&#8221;][et_pb_column type=&#8221;4_4&#8243; _builder_version=&#8221;4.9.2&#8243; _module_preset=&#8221;default&#8221;][et_pb_text _builder_version=&#8221;4.9.4&#8243; _module_preset=&#8221;default&#8221;]A DVC Special \u00e9s Supreme IP sorozat\u00fa kamer\u00e1k a fejlett vide\u00f3elemz\u00e9snek k\u00f6sz\u00f6nhet\u0151en lehet\u0151v\u00e9 teszik az embersz\u00e1ml\u00e1l\u00e1st. Lehet\u0151s\u00e9g van a be- \u00e9s kil\u00e9p\u0151k sz\u00e1m\u00e1nak megsz\u00e1ml\u00e1l\u00e1s\u00e1ra, valamint a helyis\u00e9gben tart\u00f3zkod\u00f3 szem\u00e9lyek teljes sz\u00e1m\u00e1nak kisz\u00e1m\u00edt\u00e1s\u00e1ra. A l\u00e1togat\u00f3sz\u00e1ml\u00e1l\u00f3 k\u00e9pess\u00e9ggel rendelkez\u0151 kamer\u00e1kat t\u00f6bbnyire \u00fczletek, kongresszusi vagy sportk\u00f6zpontok bej\u00e1ratain\u00e1l helyezik el.<\/p>\n<p>Ezek az intelligens megold\u00e1sok lehet\u0151v\u00e9 teszik a bev\u00e1s\u00e1rl\u00f3k\u00f6zpont vagy \u00fczlet hat\u00e9konys\u00e1g\u00e1nak pontos elemz\u00e9s\u00e9t, valamint az alkalmazottak \u00e9s az \u00e9rt\u00e9kes\u00edt\u00e9si folyamatok jobb \u00e1ltal\u00e1nos szervez\u00e9s\u00e9t.<br \/>\nAm\u00edg az \u00fczletben tart\u00f3zkod\u00f3 szem\u00e9lyek sz\u00e1ma kisebb, mint a maxim\u00e1lisan meghat\u00e1rozott sz\u00e1m &#8211; a bel\u00e9p\u00e9s enged\u00e9lyezett. <\/p>\n<p>Amikor az emberek sz\u00e1ma el\u00e9ri a meghat\u00e1rozott maxim\u00e1lis l\u00e9tsz\u00e1mot, a bel\u00e9p\u00e9s nem enged\u00e9lyezett, \u00e9s csak akkor enged\u00e9lyezik \u00fajra a bel\u00e9p\u00e9st, amikor az els\u0151 szem\u00e9ly kil\u00e9p, \u00e9s a l\u00e9tsz\u00e1m az \u00fczletben megengedett maxim\u00e1lis l\u00e9tsz\u00e1m al\u00e1 cs\u00f6kken.<\/p>\n<ul>\n<li>\u00d6n\u00e1ll\u00f3 megold\u00e1s a DVC-kamer\u00e1n kereszt\u00fcl t\u00f6rt\u00e9n\u0151 szem\u00e9lysz\u00e1ml\u00e1l\u00e1shoz az \u00fczletben<\/li>\n<li>A megengedett szem\u00e9lyek sz\u00e1m\u00e1nak meghat\u00e1roz\u00e1sa k\u00f6zvetlen\u00fcl a kamer\u00e1n a helyi sz\u00e1m\u00edt\u00f3g\u00e9pen kereszt\u00fcl.<\/li>\n<li>Az ajt\u00f3 z\u00e1r\u00e1s\u00e1nak\/nyit\u00e1s\u00e1nak lehet\u0151s\u00e9ge a felvev\u0151 rel\u00e9s riaszt\u00e1s kimenet\u00e9n kereszt\u00fcl<\/li>\n<li>Lehet\u0151s\u00e9g a bel\u00e9ptet\u00e9si \u00e1llapot jelz\u00e9s\u00e9re<\/li>\n<\/ul>\n<p>[\/et_pb_text][et_pb_video src=&#8221;https:\/\/youtu.be\/2MqlieADuSI&#8221; _builder_version=&#8221;4.9.4&#8243; _module_preset=&#8221;default&#8221; width=&#8221;50%&#8221; width_tablet=&#8221;100%&#8221; width_phone=&#8221;&#8221; width_last_edited=&#8221;on|phone&#8221; module_alignment=&#8221;center&#8221;][\/et_pb_video][\/et_pb_column][\/et_pb_row][\/et_pb_section]<\/p>\n","protected":false},"excerpt":{"rendered":"<p>A DVC Special \u00e9s Supreme IP sorozat\u00fa kamer\u00e1k a fejlett vide\u00f3elemz\u00e9snek k\u00f6sz\u00f6nhet\u0151en lehet\u0151v\u00e9 teszik az embersz\u00e1ml\u00e1l\u00e1st. Lehet\u0151s\u00e9g van a be- \u00e9s kil\u00e9p\u0151k sz\u00e1m\u00e1nak megsz\u00e1ml\u00e1l\u00e1s\u00e1ra, valamint a helyis\u00e9gben tart\u00f3zkod\u00f3 szem\u00e9lyek teljes sz\u00e1m\u00e1nak kisz\u00e1m\u00edt\u00e1s\u00e1ra. A l\u00e1togat\u00f3sz\u00e1ml\u00e1l\u00f3 k\u00e9pess\u00e9ggel rendelkez\u0151 kamer\u00e1kat t\u00f6bbnyire \u00fczletek, kongresszusi vagy sportk\u00f6zpontok bej\u00e1ratain\u00e1l helyezik el. Ezek az intelligens megold\u00e1sok lehet\u0151v\u00e9 teszik a bev\u00e1s\u00e1rl\u00f3k\u00f6zpont vagy \u00fczlet [&hellip;]<\/p>\n","protected":false},"author":9,"featured_media":0,"parent":0,"menu_order":0,"comment_status":"closed","ping_status":"closed","template":"","meta":{"_et_pb_use_builder":"on","_et_pb_old_content":"","_et_gb_content_width":"","footnotes":""},"class_list":["post-16066","page","type-page","status-publish","hentry"],"_links":{"self":[{"href":"https:\/\/www.dvc.video\/hu\/wp-json\/wp\/v2\/pages\/16066","targetHints":{"allow":["GET"]}}],"collection":[{"href":"https:\/\/www.dvc.video\/hu\/wp-json\/wp\/v2\/pages"}],"about":[{"href":"https:\/\/www.dvc.video\/hu\/wp-json\/wp\/v2\/types\/page"}],"author":[{"embeddable":true,"href":"https:\/\/www.dvc.video\/hu\/wp-json\/wp\/v2\/users\/9"}],"replies":[{"embeddable":true,"href":"https:\/\/www.dvc.video\/hu\/wp-json\/wp\/v2\/comments?post=16066"}],"version-history":[{"count":0,"href":"https:\/\/www.dvc.video\/hu\/wp-json\/wp\/v2\/pages\/16066\/revisions"}],"wp:attachment":[{"href":"https:\/\/www.dvc.video\/hu\/wp-json\/wp\/v2\/media?parent=16066"}],"curies":[{"name":"wp","href":"https:\/\/api.w.org\/{rel}","templated":true}]}}