{"id":16039,"date":"2021-03-04T14:02:51","date_gmt":"2021-03-04T13:02:51","guid":{"rendered":"https:\/\/www.dvc.video\/privacy-policy\/"},"modified":"2022-09-19T15:06:24","modified_gmt":"2022-09-19T13:06:24","slug":"adatvedelmi-iranyelvek","status":"publish","type":"page","link":"https:\/\/www.dvc.video\/hu\/adatvedelmi-iranyelvek\/","title":{"rendered":"Adatv\u00e9delmi ir\u00e1nyelvek"},"content":{"rendered":"<p>[et_pb_section fb_built=&#8221;1&#8243; _builder_version=&#8221;4.9.2&#8243; _module_preset=&#8221;default&#8221; background_enable_color=&#8221;off&#8221; background_image=&#8221;https:\/\/www.dvc.video\/wp-content\/uploads\/2021\/03\/bcg-red-triangle.jpg&#8221; height=&#8221;150px&#8221; height_last_edited=&#8221;off|desktop&#8221; custom_padding=&#8221;0px||0px||true|false&#8221; global_module=&#8221;793&#8243;][et_pb_row _builder_version=&#8221;4.9.2&#8243; _module_preset=&#8221;default&#8221;][et_pb_column type=&#8221;4_4&#8243; _builder_version=&#8221;4.9.2&#8243; _module_preset=&#8221;default&#8221;][et_pb_text _builder_version=&#8221;4.9.7&#8243; _dynamic_attributes=&#8221;content&#8221; _module_preset=&#8221;default&#8221; header_text_color=&#8221;#FFFFFF&#8221; header_line_height=&#8221;1.3em&#8221; header_font_size_tablet=&#8221;&#8221; header_font_size_phone=&#8221;&#8221; header_font_size_last_edited=&#8221;on|desktop&#8221;]@ET-DC@eyJkeW5hbWljIjp0cnVlLCJjb250ZW50IjoicG9zdF90aXRsZSIsInNldHRpbmdzIjp7ImJlZm9yZSI6IjxoMT4iLCJhZnRlciI6IjxcL2gxPiJ9fQ==@[\/et_pb_text][\/et_pb_column][\/et_pb_row][\/et_pb_section][et_pb_section fb_built=&#8221;1&#8243; _builder_version=&#8221;4.9.4&#8243; _module_preset=&#8221;default&#8221;][et_pb_row _builder_version=&#8221;4.9.4&#8243; _module_preset=&#8221;default&#8221;][et_pb_column type=&#8221;4_4&#8243; _builder_version=&#8221;4.9.4&#8243; _module_preset=&#8221;default&#8221;][et_pb_text _builder_version=&#8221;4.9.4&#8243; _module_preset=&#8221;default&#8221; header_2_font_size=&#8221;30px&#8221; header_2_line_height=&#8221;1.3em&#8221;]<\/p>\n<h2>Az adatok bizalmas kezel\u00e9s\u00e9re vonatkoz\u00f3 k\u00f6telezetts\u00e9g<\/h2>\n<p>Az Alarm Automatika d.o.o. v\u00e1llalat sz\u00e1m\u00e1ra fontos a szem\u00e9lyes adatok biztons\u00e1g\u00e1nak \u00e9s bizalmass\u00e1g\u00e1nak v\u00e9delme, ez\u00e9rt tev\u00e9kenys\u00e9g\u00e9t a hat\u00e1lyos adatv\u00e9delmi \u00e9s biztons\u00e1gi t\u00f6rv\u00e9nyekkel \u00f6sszhangban v\u00e9gzi.<\/p>\n<p>Az al\u00e1bbiakban felsoroljuk, hogy az Alarm automatika d.o.o. milyen adatokat gy\u0171jthet, hogyan haszn\u00e1lja \u00e9s t\u00e1rolja ezeket az adatokat, \u00e9s kinek adhatja ki azokat.<\/p>\n<h2>Szem\u00e9lyes adatok<\/h2>\n<p>Az Alarm automatika d.o.o. nem gy\u0171jt szem\u00e9lyes adatokat a weboldalainkon kereszt\u00fcl (p\u00e9ld\u00e1ul az \u00d6n nev\u00e9t, c\u00edm\u00e9t, telefonsz\u00e1m\u00e1t vagy e-mail c\u00edm\u00e9t), kiv\u00e9ve, ha \u00d6n ezeket \u00f6nk\u00e9nt adja meg (p\u00e9ld\u00e1ul bejelentkez\u00e9ssel vagy egy k\u00e9rd\u0151\u00edv kit\u00f6lt\u00e9s\u00e9vel); ha \u00d6n ehhez hozz\u00e1j\u00e1rul, vagy ha az ilyen m\u0171veleteket a szem\u00e9lyes adatok v\u00e9delm\u00e9re vonatkoz\u00f3 hat\u00e1lyos t\u00f6rv\u00e9nyek \u00e9s rendeletek megengedik.<\/p>\n<h2>Szem\u00e9lyes adatok kezel\u00e9s\u00e9nek a c\u00e9lja<\/h2>\n<p>Szem\u00e9lyes adatainak megad\u00e1s\u00e1val beleegyezik, hogy azokat felhaszn\u00e1ljuk a megkeres\u00e9s\u00e9nek megv\u00e1laszol\u00e1s\u00e1ra, megrendel\u00e9s\u00e9nek feldolgoz\u00e1s\u00e1ra, illetve bizonyos inform\u00e1ci\u00f3khoz vagy aj\u00e1nlatokhoz val\u00f3 hozz\u00e1f\u00e9r\u00e9s biztos\u00edt\u00e1s\u00e1hoz. Tov\u00e1bb\u00e1 az \u00d6nnel, mint kedvezm\u00e9nyezettel val\u00f3 kapcsolat kialak\u00edt\u00e1s\u00e1ra:<\/p>\n<ul>\n<li>T\u00e1rolhatjuk \u00e9s feldolgozhatjuk a szem\u00e9lyes adatait az\u00e9rt, hogy jobban meg\u00e9rts\u00fck az \u00fczleti ig\u00e9nyeit, valamint term\u00e9keink \u00e9s szolg\u00e1ltat\u00e1saink sz\u00ednvonal\u00e1nak n\u00f6vel\u00e9s\u00e9nek \u00e9rdek\u00e9ben;<\/li>\n<li>Szem\u00e9lyes adatait felhaszn\u00e1lhatjuk arra, hogy kapcsolatba l\u00e9pj\u00fcnk \u00d6nnel az Alarm Automatika d.o.o. aj\u00e1nlataival illetve, hogy t\u00e1mogassuk az \u00d6n \u00fczleti ig\u00e9nyeit, vagy<\/li>\n<li>online felm\u00e9r\u00e9sek elv\u00e9gz\u00e9se v\u00e9gett, amelyek seg\u00edtenek jobban meg\u00e9rteni az \u00fcgyfeleink ig\u00e9nyeit.<\/li>\n<\/ul>\n<p>Ha nem szeretn\u00e9, hogy szem\u00e9lyes adatait az \u00fcgyf\u00e9lkapcsolati folyamatok t\u00e1mogat\u00e1s\u00e1ra (k\u00fcl\u00f6n\u00f6sen direkt marketing vagy piackutat\u00e1s c\u00e9lj\u00e1b\u00f3l) haszn\u00e1ljuk fel, tiszteletben tartjuk a d\u00f6nt\u00e9s\u00e9t. Ez esetben szem\u00e9lyes adatait nem adjuk el \u00e9s nem tov\u00e1bb\u00edtjuk harmadik f\u00e9lnek.<\/p>\n<h2>C\u00e9lok korl\u00e1toz\u00e1sa<\/h2>\n<p>Az Alarm automatika d.o.o. kiz\u00e1r\u00f3lag az \u00d6n \u00e1ltal megadott szem\u00e9lyes adatokat gy\u0171jti, haszn\u00e1lja vagy teszi k\u00f6zz\u00e9 az \u00d6n \u00e1ltal ismert c\u00e9lokra, kiv\u00e9ve, ha az ilyen k\u00f6zz\u00e9t\u00e9tel:<\/p>\n<ul>\n<li>a szem\u00e9lyes adatok egy\u00e9b olyan c\u00e9lokra t\u00f6rt\u00e9n\u0151 felhaszn\u00e1l\u00e1sa, amelyek k\u00f6zvetlen\u00fcl kapcsol\u00f3dnak ahhoz az eredeti c\u00e9lhoz, amelyre a szem\u00e9lyes adatokat gy\u0171jt\u00f6tt\u00fck,<\/li>\n<li>az \u00d6nnel k\u00f6t\u00f6tt szerz\u0151d\u00e9s el\u0151k\u00e9sz\u00edt\u00e9s\u00e9hez, megt\u00e1rgyal\u00e1s\u00e1hoz \u00e9s teljes\u00edt\u00e9s\u00e9hez sz\u00fcks\u00e9ges adatok,<\/li>\n<li>t\u00f6rv\u00e9ny \u00e1ltal el\u0151 van \u00edrva illetve az illet\u00e9kes \u00e1llami vagy igazs\u00e1g\u00fcgyi szervek \u00e1ltal megk\u00f6vetelt,<\/li>\n<li>a b\u00edr\u00f3s\u00e1gi vagy egy\u00e9b elj\u00e1r\u00e1sokhoz sz\u00fcks\u00e9ges<\/li>\n<li>Az Alarm automatika d.o.o. informatikai (IT) rendszereit \u00e9rint\u0151 csal\u00e1s vagy egy\u00e9b jogellenes tev\u00e9kenys\u00e9gek megel\u0151z\u00e9se \u00e9rdek\u00e9ben sz\u00fcks\u00e9ges.<\/li>\n<\/ul>\n<h2>Kommunik\u00e1ci\u00f3s vagy felhaszn\u00e1l\u00e1si adatok<\/h2>\n<p>A telekommunik\u00e1ci\u00f3s szolg\u00e1ltat\u00e1sok haszn\u00e1lat\u00e1val a h\u00e1l\u00f3zati oldalaink el\u00e9r\u00e9s\u00e9hez a kommunik\u00e1ci\u00f3s adatai (pl. IP-c\u00edm) vagy haszn\u00e1lati adatai (pl. az egyes hozz\u00e1f\u00e9r\u00e9sek kezdet\u00e9re, v\u00e9g\u00e9re \u00e9s terjedelm\u00e9re vonatkoz\u00f3 inform\u00e1ci\u00f3k vagy az \u00d6n \u00e1ltal ig\u00e9nybe vett telekommunik\u00e1ci\u00f3s szolg\u00e1ltat\u00e1si inform\u00e1ci\u00f3k) technikailag gener\u00e1l\u00f3dnak, \u00e9s potenci\u00e1lisan szem\u00e9lyes adatokra utalhatnak. Amennyiben sz\u00fcks\u00e9ges, a kommunik\u00e1ci\u00f3s vagy haszn\u00e1lati adatait a hat\u00e1lyos adatv\u00e9delmi \u00e9s biztons\u00e1gi jogi keretnek megfelel\u0151en gy\u0171jtj\u00fck, dolgozzuk fel \u00e9s haszn\u00e1ljuk fel.<\/p>\n<h2>Nem szem\u00e9lyes adatok automatikus gy\u0171jt\u00e9se<\/h2>\n<p>Amikor \u00d6n bel\u00e9p a weboldalainkra, automatikusan (azaz nem bejelentkez\u00e9ssel) gy\u0171jthet\u00fcnk nem szem\u00e9lyes adatokat (p\u00e9ld\u00e1ul az \u00d6n \u00e1ltal haszn\u00e1lt internetb\u00f6ng\u00e9sz\u0151 \u00e9s oper\u00e1ci\u00f3s rendszer t\u00edpusa, a h\u00e1l\u00f3zat domainneve, ahonnan bel\u00e9pett, a l\u00e1togat\u00e1sok sz\u00e1ma, az oldalakon elt\u00f6lt\u00f6tt \u00e1tlagos id\u0151, a megtekintett oldalak list\u00e1ja, stb.) Ezek az adatok felhaszn\u00e1lhat\u00f3k \u00e9s \u00e1tv\u00e1lthat\u00f3ak weboldalaink forgalm\u00e1nak nyomon k\u00f6vet\u00e9s\u00e9re \u00e9s m\u0171k\u00f6d\u00e9s\u00fck vagy tartalmuk sz\u00ednvonal\u00e1nak n\u00f6vel\u00e9s\u00e9re.<\/p>\n<h2>S\u00fctik &#8211; az \u00d6n sz\u00e1m\u00edt\u00f3g\u00e9p\u00e9n automatikusan t\u00e1rolt inform\u00e1ci\u00f3k<\/h2>\n<p>Amikor megl\u00e1togatja weboldalainkat, s\u00fcti form\u00e1j\u00e1ban t\u00e1rolhatjuk az adatok egy bizonyos r\u00e9sz\u00e9t a sz\u00e1m\u00edt\u00f3g\u00e9p\u00e9n, hogy a k\u00f6vetkez\u0151 l\u00e1togat\u00e1skor automatikusan azonos\u00edtani tudjuk a sz\u00e1m\u00edt\u00f3g\u00e9p\u00e9t. A s\u00fctik sz\u00e1mos m\u00f3don seg\u00edthetnek nek\u00fcnk, p\u00e9ld\u00e1ul abban, hogy weboldalainkat jobban az \u00d6n \u00e9rdekl\u0151d\u00e9si k\u00f6r\u00e9hez igaz\u00edtsuk, vagy hogy jelszav\u00e1t t\u00e1roljuk, mivel azt nem kell minden alkalommal megadni. Ha nem szeretne s\u00fctiket kapni, akkor a b\u00f6ng\u00e9sz\u0151 be\u00e1ll\u00edt\u00e1saiban \u00fagy kell be\u00e1ll\u00edtania, hogy a s\u00fctiket t\u00f6r\u00f6lje a sz\u00e1m\u00edt\u00f3g\u00e9p merevlemez\u00e9r\u0151l, blokkolja az \u00f6sszes s\u00fctit, vagy a s\u00fcti elment\u00e9se el\u0151tt figyelmeztet\u00e9st kapjon.<\/p>\n<h2>Szem\u00e9lyes adatok biztons\u00e1ga<\/h2>\n<p>Az Alarm automatika d.o.o. a szem\u00e9lyes adatok v\u00e9letlen vagy jogellenes megsemmis\u00edt\u00e9se, elveszt\u00e9se vagy megv\u00e1ltoztat\u00e1sa, valamint a jogosulatlan nyilv\u00e1noss\u00e1gra hozatala vagy a szem\u00e9lyes adatokhoz val\u00f3 hozz\u00e1f\u00e9r\u00e9s ellen \u00e9s a szem\u00e9lyes adatok v\u00e9delme \u00e9rdek\u00e9ben technikai \u00e9s szervezeti biztons\u00e1gi int\u00e9zked\u00e9seket tesz.<\/p>\n<h2>M\u00e1s weboldalakra mutat\u00f3 linkek<\/h2>\n<p>Az Alarm automatika d.o.o. weboldalai m\u00e1s weboldalakra mutat\u00f3 linkeket tartalmaznak \u00e9s nem vagyunk felel\u0151sek m\u00e1s weboldalak adatv\u00e9delm\u00e9\u00e9rt vagy tartalm\u00e1\u00e9rt.<\/p>\n<h2>K\u00e9rd\u00e9sek \u00e9s megjegyz\u00e9sek<\/h2>\n<p>Az Alarm automatika d.o.o. v\u00e1laszol a szem\u00e9lyes adatok fel\u00fclvizsg\u00e1lat\u00e1ra \u00e9s a pontatlan adatok helyesb\u00edt\u00e9s\u00e9re, kieg\u00e9sz\u00edt\u00e9s\u00e9re vagy t\u00f6rl\u00e9s\u00e9re ir\u00e1nyul\u00f3 \u00e9sszer\u0171 k\u00e9r\u00e9sekre. Rendszeresen ellen\u0151rizze ezt az oldalt, hogy minden naprak\u00e9sz inform\u00e1ci\u00f3t megkapjon.<\/p>\n<h2>Felhaszn\u00e1l\u00f3i regisztr\u00e1ci\u00f3<\/h2>\n<p>A regisztr\u00e1ci\u00f3val a felhaszn\u00e1l\u00f3 szem\u00e9lyes hozz\u00e1j\u00e1rul\u00e1s\u00e1t adja szem\u00e9lyes adatainak gy\u0171jt\u00e9s\u00e9hez, felhaszn\u00e1l\u00e1s\u00e1hoz, feldolgoz\u00e1s\u00e1hoz \u00e9s tov\u00e1bb\u00edt\u00e1s\u00e1hoz. Csak nagykor\u00fa szem\u00e9ly regisztr\u00e1lhat.<\/p>\n<h2>Hozz\u00e1j\u00e1rul\u00e1s<\/h2>\n<p>A felhaszn\u00e1l\u00f3 a regisztr\u00e1ci\u00f3 sor\u00e1n az &#8222;Elfogadom a felhaszn\u00e1l\u00e1si felt\u00e9teleket&#8221; opci\u00f3 kiv\u00e1laszt\u00e1s\u00e1val szem\u00e9lyes hozz\u00e1j\u00e1rul\u00e1s\u00e1t adja a weboldalunk haszn\u00e1lat\u00e1hoz sz\u00fcks\u00e9ges szem\u00e9lyes adatok gy\u0171jt\u00e9s\u00e9hez, felhaszn\u00e1l\u00e1s\u00e1hoz, feldolgoz\u00e1s\u00e1hoz \u00e9s tov\u00e1bb\u00edt\u00e1s\u00e1hoz, bele\u00e9rtve (de nem kiz\u00e1r\u00f3lagosan):<\/p>\n<ul>\n<li>hozz\u00e1j\u00e1rul ahhoz, hogy az Elad\u00f3 a szem\u00e9lyes adatok v\u00e9delm\u00e9r\u0151l sz\u00f3l\u00f3 t\u00f6rv\u00e9ny rendelkez\u00e9seivel \u00f6sszhangban szem\u00e9lyes adatokat kezelhessen saj\u00e1t nyilv\u00e1ntart\u00e1sok \u00e9s statisztikai adatok l\u00e9trehoz\u00e1sa c\u00e9lj\u00e1b\u00f3l, az \u00fcgyf\u00e9ladatb\u00e1zisok, term\u00e9k- \u00e9s szolg\u00e1ltat\u00e1si inform\u00e1ci\u00f3k, a sz\u00e1ll\u00edt\u00e1ssal kapcsolatos inform\u00e1ci\u00f3k, prom\u00f3ci\u00f3s anyagok k\u00e9zbes\u00edt\u00e9se, az \u00fcgyf\u00e9lkapcsolatok fejleszt\u00e9se \u00e9s a szolg\u00e1ltat\u00e1sok jav\u00edt\u00e1sa c\u00e9lj\u00e1b\u00f3l. Az Elad\u00f3 ezeket az adatokat harmadik f\u00e9lnek is \u00e1tadhatja a szolg\u00e1ltat\u00e1sok ny\u00fajt\u00e1sa, a felhaszn\u00e1l\u00f3 \u00e9s az Elad\u00f3 \u00e9rdekeinek v\u00e9delme, valamint az esetleges vissza\u00e9l\u00e9sek megel\u0151z\u00e9se \u00e9rdek\u00e9ben;<\/li>\n<li>a felhaszn\u00e1l\u00f3k egy\u00e9ni ig\u00e9nyeinek \u00e9s sz\u00fcks\u00e9gleteinek jobb megismer\u00e9se \u00e9s meg\u00e9rt\u00e9se, valamint az Elad\u00f3i szolg\u00e1ltat\u00e1sok min\u0151s\u00e9g\u00e9nek lehet\u0151 legnagyobb m\u00e9rt\u00e9kben val\u00f3 fejleszt\u00e9se, ami az \u00fcgyfelek el\u00e9gedetts\u00e9g\u00e9nek n\u00f6veked\u00e9s\u00e9t eredm\u00e9nyezi; hozz\u00e1j\u00e1rul ahhoz, hogy az Elad\u00f3 \u00edr\u00e1sban, telefonon, SMS-ben \u00e9s\/vagy elektronikus lev\u00e9lben felveheti vele a kapcsolatot, \u00e9s az \u00faj aj\u00e1nlatokkal \u00e9s el\u0151ny\u00f6kkel kapcsolatos inform\u00e1ci\u00f3kat tartalmaz\u00f3 anyagokat eljuttathatja a lakc\u00edm\u00e9re; a fent eml\u00edtett c\u00e9lok megval\u00f3s\u00edt\u00e1s\u00e1hoz sz\u00fcks\u00e9ges adatokat harmadik f\u00e9lnek kiadhatja.<\/li>\n<\/ul>\n<p>Az \u00d6n szem\u00e9lyes adatainak gy\u0171jt\u0151je az Alarm automatika d.o.o. Dra\u017eice 123c (Zamet), Rijeka c\u00e9g.<\/p>\n<p>A szem\u00e9lyes adatok v\u00e9delm\u00e9r\u0151l sz\u00f3l\u00f3 t\u00f6rv\u00e9ny 7. cikke szerint az \u00e9rintettnek joga van ahhoz, hogy hozz\u00e1j\u00e1rul\u00e1s\u00e1t b\u00e1rmikor visszavonja. A hozz\u00e1j\u00e1rul\u00e1s visszavon\u00e1sa nem \u00e9rinti a visszavon\u00e1s el\u0151tti hozz\u00e1j\u00e1rul\u00e1son alapul\u00f3 adatkezel\u00e9s jogszer\u0171s\u00e9g\u00e9t. A hozz\u00e1j\u00e1rul\u00e1s megad\u00e1sa el\u0151tt az \u00e9rintettet err\u0151l t\u00e1j\u00e9koztatni kell. A hozz\u00e1j\u00e1rul\u00e1s visszavon\u00e1s\u00e1nak ugyanolyan egyszer\u0171nek kell lennie, mint a hozz\u00e1j\u00e1rul\u00e1s megad\u00e1s\u00e1nak.<\/p>\n<p>A visszavon\u00e1st k\u00e9rheti szem\u00e9lyesen az Alarm automatika d.o.o. irod\u00e1j\u00e1ban, postai \u00faton a fenti c\u00edmen vagy e-mailben a <a href=\"mailto:gdpr@alarmautomatika.com\">gdpr@alarmautomatika.com<\/a> c\u00edmen.<\/p>\n<p>A jelen Nyilatkozatban foglalt inform\u00e1ci\u00f3k gondos elolvas\u00e1sa \u00e9s meg\u00e9rt\u00e9se ut\u00e1n \u00d6n enged\u00e9lyezi, hogy az Alarm Automatika d.o.o., mint a szem\u00e9lyes adatok gy\u0171jt\u00e9s\u00e9nek \u00e9s felhaszn\u00e1l\u00e1s\u00e1nak kezel\u0151je, feldolgozza \u00e9s felhaszn\u00e1lja az \u00d6n ezen weboldalakon gy\u0171jt\u00f6tt szem\u00e9lyes adatait, hogy megk\u00f6nny\u00edtse a hozz\u00e1f\u00e9r\u00e9st \u00e9s az ezeken kereszt\u00fcl k\u00edn\u00e1lt kezdem\u00e9nyez\u00e9seket piackutat\u00e1s, inform\u00e1ci\u00f3k, aj\u00e1nlatok \u00e9s rekl\u00e1manyagok k\u00fcld\u00e9se c\u00e9lj\u00e1b\u00f3l az Alarm automatika d.o.o. portf\u00f3li\u00f3j\u00e1ban el\u00e9rhet\u0151 \u00faj szolg\u00e1ltat\u00e1sokr\u00f3l \u00e9s\/vagy term\u00e9kekr\u0151l.<\/p>\n<p>Ez\u00e1ltal \u00d6n kijelenti, hogy bet\u00f6lt\u00f6tte a 18. \u00e9let\u00e9v\u00e9t, \u00e9s jogszer\u0171en meg tudja adni a hozz\u00e1j\u00e1rul\u00e1s\u00e1t, mellyel egy\u00fattal elismeri, hogy elfogadja a Alarm automatika d.o.o. weboldal\u00e1nak tartalm\u00e1ra vonatkoz\u00f3 jogi felhaszn\u00e1l\u00e1si felt\u00e9teleket \u00e9s a Alarm automatika d.o.o. weboldal\u00e1n tal\u00e1lhat\u00f3 adatv\u00e9delmi nyilatkozatot, amelynek tartalm\u00e1r\u00f3l \u00d6nt t\u00e1j\u00e9koztattuk.<\/p>\n<p>[\/et_pb_text][\/et_pb_column][\/et_pb_row][\/et_pb_section]<\/p>\n","protected":false},"excerpt":{"rendered":"<p>Az adatok bizalmas kezel\u00e9s\u00e9re vonatkoz\u00f3 k\u00f6telezetts\u00e9g Az Alarm Automatika d.o.o. v\u00e1llalat sz\u00e1m\u00e1ra fontos a szem\u00e9lyes adatok biztons\u00e1g\u00e1nak \u00e9s bizalmass\u00e1g\u00e1nak v\u00e9delme, ez\u00e9rt tev\u00e9kenys\u00e9g\u00e9t a hat\u00e1lyos adatv\u00e9delmi \u00e9s biztons\u00e1gi t\u00f6rv\u00e9nyekkel \u00f6sszhangban v\u00e9gzi. Az al\u00e1bbiakban felsoroljuk, hogy az Alarm automatika d.o.o. milyen adatokat gy\u0171jthet, hogyan haszn\u00e1lja \u00e9s t\u00e1rolja ezeket az adatokat, \u00e9s kinek adhatja ki azokat. Szem\u00e9lyes adatok [&hellip;]<\/p>\n","protected":false},"author":9,"featured_media":0,"parent":0,"menu_order":0,"comment_status":"closed","ping_status":"closed","template":"","meta":{"_et_pb_use_builder":"on","_et_pb_old_content":"","_et_gb_content_width":"","footnotes":""},"class_list":["post-16039","page","type-page","status-publish","hentry"],"_links":{"self":[{"href":"https:\/\/www.dvc.video\/hu\/wp-json\/wp\/v2\/pages\/16039","targetHints":{"allow":["GET"]}}],"collection":[{"href":"https:\/\/www.dvc.video\/hu\/wp-json\/wp\/v2\/pages"}],"about":[{"href":"https:\/\/www.dvc.video\/hu\/wp-json\/wp\/v2\/types\/page"}],"author":[{"embeddable":true,"href":"https:\/\/www.dvc.video\/hu\/wp-json\/wp\/v2\/users\/9"}],"replies":[{"embeddable":true,"href":"https:\/\/www.dvc.video\/hu\/wp-json\/wp\/v2\/comments?post=16039"}],"version-history":[{"count":0,"href":"https:\/\/www.dvc.video\/hu\/wp-json\/wp\/v2\/pages\/16039\/revisions"}],"wp:attachment":[{"href":"https:\/\/www.dvc.video\/hu\/wp-json\/wp\/v2\/media?parent=16039"}],"curies":[{"name":"wp","href":"https:\/\/api.w.org\/{rel}","templated":true}]}}