{"id":15975,"date":"2021-03-09T11:23:32","date_gmt":"2021-03-09T10:23:32","guid":{"rendered":"https:\/\/www.dvc.video\/interkom-rendszerek\/"},"modified":"2023-04-11T13:52:08","modified_gmt":"2023-04-11T11:52:08","slug":"interkom-rendszerek","status":"publish","type":"page","link":"https:\/\/www.dvc.video\/hu\/interkom-rendszerek\/","title":{"rendered":"Interkom rendszerek"},"content":{"rendered":"<p>[et_pb_section fb_built=&#8221;1&#8243; _builder_version=&#8221;4.20.2&#8243; _module_preset=&#8221;default&#8221; background_enable_color=&#8221;off&#8221; background_image=&#8221;https:\/\/www.dvc.video\/wp-content\/uploads\/2021\/03\/bcg-red-triangle.jpg&#8221; height=&#8221;150px&#8221; height_last_edited=&#8221;off|desktop&#8221; custom_padding=&#8221;34px||34px||true|false&#8221; global_module=&#8221;793&#8243; saved_tabs=&#8221;all&#8221; global_colors_info=&#8221;{}&#8221;][et_pb_row _builder_version=&#8221;4.16&#8243; _module_preset=&#8221;default&#8221; global_colors_info=&#8221;{}&#8221;][et_pb_column type=&#8221;4_4&#8243; _builder_version=&#8221;4.16&#8243; _module_preset=&#8221;default&#8221; global_colors_info=&#8221;{}&#8221;][et_pb_text _builder_version=&#8221;4.20.0&#8243; _dynamic_attributes=&#8221;content&#8221; _module_preset=&#8221;default&#8221; header_text_color=&#8221;#FFFFFF&#8221; header_line_height=&#8221;1.3em&#8221; header_font_size_tablet=&#8221;&#8221; header_font_size_phone=&#8221;&#8221; header_font_size_last_edited=&#8221;on|desktop&#8221; global_colors_info=&#8221;{}&#8221;]@ET-DC@eyJkeW5hbWljIjp0cnVlLCJjb250ZW50IjoicG9zdF90aXRsZSIsInNldHRpbmdzIjp7ImJlZm9yZSI6IjxoMT4iLCJhZnRlciI6IjxcL2gxPiJ9fQ==@[\/et_pb_text][\/et_pb_column][\/et_pb_row][\/et_pb_section][et_pb_section fb_built=&#8221;1&#8243; _builder_version=&#8221;4.16&#8243; _module_preset=&#8221;default&#8221; global_colors_info=&#8221;{}&#8221;][et_pb_row _builder_version=&#8221;4.16&#8243; _module_preset=&#8221;default&#8221; global_colors_info=&#8221;{}&#8221;][et_pb_column type=&#8221;4_4&#8243; _builder_version=&#8221;4.16&#8243; _module_preset=&#8221;default&#8221; global_colors_info=&#8221;{}&#8221;][et_pb_text _builder_version=&#8221;4.20.2&#8243; _module_preset=&#8221;default&#8221; hover_enabled=&#8221;0&#8243; global_colors_info=&#8221;{}&#8221; sticky_enabled=&#8221;0&#8243;]<\/p>\n<p>A DVC a vide\u00f3 kaputelefonok sz\u00e9les v\u00e1laszt\u00e9k\u00e1t k\u00edn\u00e1lja, amelyek praktikus \u00e9s egyszer\u0171 k\u00e9tir\u00e1ny\u00fa audio- \u00e9s videokommunik\u00e1ci\u00f3t biztos\u00edtanak a felhaszn\u00e1l\u00f3nak. V\u00e1lasszon nagy teljes\u00edtm\u00e9ny\u0171 IP vagy 2 vezet\u00e9kes video kaputelefon term\u00e9kcsal\u00e1dunkb\u00f3l, amely b\u00e1rmilyen alkalmaz\u00e1shoz igazodik.<\/p>\n<p>[\/et_pb_text][et_pb_text _builder_version=&#8221;4.20.2&#8243; _module_preset=&#8221;default&#8221; hover_enabled=&#8221;0&#8243; global_colors_info=&#8221;{}&#8221; sticky_enabled=&#8221;0&#8243;]<\/p>\n<h2>IP video kaputelefon rendszerek<\/h2>\n<p>A DVC IP vide\u00f3 kaputelefon rendszere stabil, alkalmazkod\u00f3, gazdas\u00e1gos, k\u00f6nnyen telep\u00edthet\u0151 \u00e9s haszn\u00e1lhat\u00f3.<\/p>\n<ul>\n<li>Csatlakoz\u00e1s wifin kereszt\u00fcl<\/li>\n<li>IP kamer\u00e1k megfigyel\u00e9se<\/li>\n<li>Integr\u00e1ci\u00f3 szinte minden gy\u00e1rt\u00f3 kamer\u00e1j\u00e1val<\/li>\n<li>N\u00e9gyes n\u00e9zet \u00e9s k\u00e9p a k\u00e9pben<\/li>\n<li>H\u00edv\u00e1s\u00e1tir\u00e1ny\u00edt\u00e1s az alkalmaz\u00e1sba<\/li>\n<\/ul>\n<p>Az IP video kaputelefon rendszer alkalmas kis, k\u00f6zepes \u00e9s nagy telep\u00edt\u00e9sekhez, a h\u00e1zakt\u00f3l \u00e9s vill\u00e1kt\u00f3l kezdve a t\u00f6bb bej\u00e1rat\u00fa \u00e9p\u00fcletekig vagy \u00f6sszetett rendszerekig.<\/p>\n<p>[\/et_pb_text][et_pb_text _builder_version=&#8221;4.20.2&#8243; _module_preset=&#8221;default&#8221; hover_enabled=&#8221;0&#8243; global_colors_info=&#8221;{}&#8221; sticky_enabled=&#8221;0&#8243;]<\/p>\n<h2>2 vezet\u00e9kes video kaputelefon rendszerek<\/h2>\n<p>A k\u00f6nny\u0171 bek\u00f6t\u00e9s \u00e9s a rugalmass\u00e1g a DVC 2 vezet\u00e9kes video kaputelefon rendszert min\u0151s\u00e9gi v\u00e1laszt\u00e1ss\u00e1 teszi mind a telep\u00edt\u0151, mind a v\u00e9gfelhaszn\u00e1l\u00f3 sz\u00e1m\u00e1ra. Ennek a rendszernek a legnagyobb el\u0151nye a telep\u00edt\u0151 sz\u00e1m\u00e1ra a m\u00e1r megl\u00e9v\u0151, r\u00e9gi telep\u00edt\u00e9s haszn\u00e1lat\u00e1nak lehet\u0151s\u00e9ge vagy az \u00faj telep\u00edt\u00e9s\u00e9nek egyszer\u0171s\u00e9ge, ami alacsonyabb k\u00f6lts\u00e9geket jelent a v\u00e9gfelhaszn\u00e1l\u00f3 sz\u00e1m\u00e1ra.<\/p>\n<ul>\n<li>A rendszer kapacit\u00e1sa ak\u00e1r 256 lak\u00e1s<\/li>\n<li>Egyszer\u0171 konfigur\u00e1ci\u00f3 \u00e9s a rendszer elemeinek automatikus felismer\u00e9se<\/li>\n<li>Csatlakoz\u00e1s Wifi-n kereszt\u00fcl<\/li>\n<li>N\u00e9gyes n\u00e9zet \u00e9s k\u00e9p a k\u00e9pben<\/li>\n<li>H\u00edv\u00e1s\u00e1tir\u00e1ny\u00edt\u00e1s az alkalmaz\u00e1sba<\/li>\n<\/ul>\n<p>[\/et_pb_text][et_pb_text _builder_version=&#8221;4.20.2&#8243; _module_preset=&#8221;default&#8221; hover_enabled=&#8221;0&#8243; global_colors_info=&#8221;{}&#8221; sticky_enabled=&#8221;0&#8243;]<\/p>\n<h2>A rendszer modularit\u00e1sa<\/h2>\n<p>A DVC vide\u00f3 kaputelefon rendszerek modularit\u00e1sa lehet\u0151v\u00e9 teszi a felhaszn\u00e1l\u00f3 egyedi k\u00edv\u00e1ns\u00e1gaihoz \u00e9s anyagi lehet\u0151s\u00e9geihez val\u00f3 alkalmazkod\u00e1st, valamint sz\u00fcks\u00e9g eset\u00e9n egyszer\u0171bb b\u0151v\u00edt\u00e9st.[\/et_pb_text][et_pb_text _builder_version=&#8221;4.20.2&#8243; _module_preset=&#8221;default&#8221; hover_enabled=&#8221;0&#8243; global_colors_info=&#8221;{}&#8221; sticky_enabled=&#8221;0&#8243;]<\/p>\n<h2>K\u00e9pmin\u0151s\u00e9g<\/h2>\n<p>A legt\u00f6bb DVC video kaputelefon k\u00fclt\u00e9ri egys\u00e9g sz\u00e9les l\u00e1t\u00f3sz\u00f6g\u0171 (FishEye) sz\u00ednes kamer\u00e1val van felszerelve, amely 170\u02da (v\u00edzszintes) \u00e9s 130\u02da (f\u00fcgg\u0151leges) l\u00e1t\u00f3sz\u00f6get fed le. Ezek a jellemz\u0151k lehet\u0151v\u00e9 teszik a felhaszn\u00e1l\u00f3 sz\u00e1m\u00e1ra, hogy sokkal k\u00f6nnyebben azonos\u00edtsa az embereket, \u00e9s jobban l\u00e1ssa a r\u00e9szleteket.<\/p>\n<p>[\/et_pb_text][et_pb_text _builder_version=&#8221;4.20.2&#8243; _module_preset=&#8221;default&#8221; hover_enabled=&#8221;0&#8243; global_colors_info=&#8221;{}&#8221; sticky_enabled=&#8221;0&#8243;]<\/p>\n<h2>VDP Connect alkalmaz\u00e1s<\/h2>\n<p>A VDP Connect alkalmaz\u00e1s lehet\u0151v\u00e9 teszi a felhaszn\u00e1l\u00f3 sz\u00e1m\u00e1ra a DVC vide\u00f3 kaputelefon rendszer\u00e9nek egyszer\u0171 kezel\u00e9s\u00e9t. A VDP alkalmaz\u00e1ssal a felhaszn\u00e1l\u00f3 fogadhat h\u00edv\u00e1st a k\u00fclt\u00e9ri egys\u00e9gr\u0151l, besz\u00e9lhet a l\u00e1togat\u00f3kkal mobileszk\u00f6z\u00f6n kereszt\u00fcl, \u00e9s vez\u00e9relheti a kapunyit\u00e1st.<\/p>\n<p>[\/et_pb_text][\/et_pb_column][\/et_pb_row][\/et_pb_section]<\/p>\n","protected":false},"excerpt":{"rendered":"<p>A DVC a vide\u00f3 kaputelefonok sz\u00e9les v\u00e1laszt\u00e9k\u00e1t k\u00edn\u00e1lja, amelyek praktikus \u00e9s egyszer\u0171 k\u00e9tir\u00e1ny\u00fa audio- \u00e9s videokommunik\u00e1ci\u00f3t biztos\u00edtanak a felhaszn\u00e1l\u00f3nak. V\u00e1lasszon nagy teljes\u00edtm\u00e9ny\u0171 IP vagy 2 vezet\u00e9kes video kaputelefon term\u00e9kcsal\u00e1dunkb\u00f3l, amely b\u00e1rmilyen alkalmaz\u00e1shoz igazodik.IP video kaputelefon rendszerek A DVC IP vide\u00f3 kaputelefon rendszere stabil, alkalmazkod\u00f3, gazdas\u00e1gos, k\u00f6nnyen telep\u00edthet\u0151 \u00e9s haszn\u00e1lhat\u00f3. Csatlakoz\u00e1s wifin kereszt\u00fcl IP kamer\u00e1k megfigyel\u00e9se [&hellip;]<\/p>\n","protected":false},"author":9,"featured_media":0,"parent":0,"menu_order":0,"comment_status":"closed","ping_status":"closed","template":"","meta":{"_et_pb_use_builder":"on","_et_pb_old_content":"","_et_gb_content_width":"","footnotes":""},"class_list":["post-15975","page","type-page","status-publish","hentry"],"_links":{"self":[{"href":"https:\/\/www.dvc.video\/hu\/wp-json\/wp\/v2\/pages\/15975","targetHints":{"allow":["GET"]}}],"collection":[{"href":"https:\/\/www.dvc.video\/hu\/wp-json\/wp\/v2\/pages"}],"about":[{"href":"https:\/\/www.dvc.video\/hu\/wp-json\/wp\/v2\/types\/page"}],"author":[{"embeddable":true,"href":"https:\/\/www.dvc.video\/hu\/wp-json\/wp\/v2\/users\/9"}],"replies":[{"embeddable":true,"href":"https:\/\/www.dvc.video\/hu\/wp-json\/wp\/v2\/comments?post=15975"}],"version-history":[{"count":0,"href":"https:\/\/www.dvc.video\/hu\/wp-json\/wp\/v2\/pages\/15975\/revisions"}],"wp:attachment":[{"href":"https:\/\/www.dvc.video\/hu\/wp-json\/wp\/v2\/media?parent=15975"}],"curies":[{"name":"wp","href":"https:\/\/api.w.org\/{rel}","templated":true}]}}