{"id":15972,"date":"2021-03-09T11:21:34","date_gmt":"2021-03-09T10:21:34","guid":{"rendered":"https:\/\/www.dvc.video\/nagyvallalati-rendszerek\/"},"modified":"2022-05-19T11:17:51","modified_gmt":"2022-05-19T09:17:51","slug":"nagyvallalati-rendszerek","status":"publish","type":"page","link":"https:\/\/www.dvc.video\/hu\/nagyvallalati-rendszerek\/","title":{"rendered":"Nagyv\u00e1llalati rendszerek"},"content":{"rendered":"<p>[et_pb_section fb_built=&#8221;1&#8243; _builder_version=&#8221;4.9.2&#8243; _module_preset=&#8221;default&#8221; background_enable_color=&#8221;off&#8221; background_image=&#8221;https:\/\/www.dvc.video\/wp-content\/uploads\/2021\/03\/bcg-red-triangle.jpg&#8221; height=&#8221;150px&#8221; height_last_edited=&#8221;off|desktop&#8221; custom_padding=&#8221;0px||0px||true|false&#8221; global_module=&#8221;793&#8243;][et_pb_row _builder_version=&#8221;4.9.2&#8243; _module_preset=&#8221;default&#8221;][et_pb_column type=&#8221;4_4&#8243; _builder_version=&#8221;4.9.2&#8243; _module_preset=&#8221;default&#8221;][et_pb_text _builder_version=&#8221;4.9.7&#8243; _dynamic_attributes=&#8221;content&#8221; _module_preset=&#8221;default&#8221; header_text_color=&#8221;#FFFFFF&#8221; header_line_height=&#8221;1.3em&#8221; header_font_size_tablet=&#8221;&#8221; header_font_size_phone=&#8221;&#8221; header_font_size_last_edited=&#8221;on|desktop&#8221;]@ET-DC@eyJkeW5hbWljIjp0cnVlLCJjb250ZW50IjoicG9zdF90aXRsZSIsInNldHRpbmdzIjp7ImJlZm9yZSI6IjxoMT4iLCJhZnRlciI6IjxcL2gxPiJ9fQ==@[\/et_pb_text][\/et_pb_column][\/et_pb_row][\/et_pb_section][et_pb_section fb_built=&#8221;1&#8243; _builder_version=&#8221;4.9.2&#8243; _module_preset=&#8221;default&#8221;][et_pb_row _builder_version=&#8221;4.9.2&#8243; _module_preset=&#8221;default&#8221;][et_pb_column type=&#8221;4_4&#8243; _builder_version=&#8221;4.9.2&#8243; _module_preset=&#8221;default&#8221;][et_pb_text _builder_version=&#8221;4.9.2&#8243; _module_preset=&#8221;default&#8221;]<\/p>\n<p>Az ipari l\u00e9tes\u00edtm\u00e9nyek \u00e9s az \u00fczleti rendszerek magas szint\u0171 biztons\u00e1got, \u00e9s \u00edgy a telep\u00edtett vide\u00f3megfigyel\u00e9si rendszerek magas szint\u0171 megb\u00edzhat\u00f3s\u00e1g\u00e1t ig\u00e9nylik.<\/p>\n<p>[\/et_pb_text][\/et_pb_column][\/et_pb_row][et_pb_row _builder_version=&#8221;4.9.4&#8243; _module_preset=&#8221;default&#8221;][et_pb_column type=&#8221;4_4&#8243; _builder_version=&#8221;4.9.4&#8243; _module_preset=&#8221;default&#8221;][et_pb_text _builder_version=&#8221;4.9.2&#8243; _module_preset=&#8221;default&#8221;]<\/p>\n<h2>Ak\u00e1r 30.000 kamera<\/h2>\n<p>A DVC vide\u00f3fel\u00fcgyeleti term\u00e9kcsal\u00e1d sz\u00e9les v\u00e1laszt\u00e9ka \u00e9s rugalmass\u00e1ga lehet\u0151v\u00e9 teszi a k\u00fcl\u00f6nb\u00f6z\u0151 m\u00e9ret\u0171 \u00e9s rendeltet\u00e9s\u0171 \u00e9p\u00fcletekben val\u00f3 alkalmaz\u00e1st &#8211; a lak\u00f3- \u00e9s kisebb irodahelyis\u00e9gekt\u0151l a nagysz\u00e1m\u00fa ember \u00e1ltal haszn\u00e1lt komplex, nagy kock\u00e1zat\u00fa l\u00e9tes\u00edtm\u00e9nyekig. A rendszer komplexit\u00e1sa el\u00e9ri a potenci\u00e1lisan 30.000 csatorn\u00e1t (kamer\u00e1t).<\/p>\n<p>[\/et_pb_text][\/et_pb_column][\/et_pb_row][et_pb_row _builder_version=&#8221;4.9.4&#8243; _module_preset=&#8221;default&#8221;][et_pb_column type=&#8221;4_4&#8243; _builder_version=&#8221;4.9.4&#8243; _module_preset=&#8221;default&#8221;][et_pb_text _builder_version=&#8221;4.9.2&#8243; _module_preset=&#8221;default&#8221;]<\/p>\n<h2>Integr\u00e1ci\u00f3s szoftver<\/h2>\n<p>A vesz\u00e9lyeztetettebb \u00e9p\u00fcletekben sz\u00fcks\u00e9g van a k\u00fcl\u00f6nb\u00f6z\u0151 t\u00edpus\u00fa m\u0171szaki biztons\u00e1gi rendszerek kombin\u00e1l\u00e1s\u00e1ra. Ezek k\u00f6lcs\u00f6n\u00f6s k\u00f6zpontos\u00edt\u00e1sa \u00e9s integr\u00e1l\u00e1sa maximaliz\u00e1lja a v\u00e9dett objektum biztons\u00e1gi szintj\u00e9t. A vide\u00f3fel\u00fcgyeleti rendszer a megel\u0151z\u00e9st \u00e9s az ut\u00f3lagos azonos\u00edt\u00e1st is jelent\u0151sen seg\u00edti, k\u00fcl\u00f6n\u00f6sen a DVC NVMS 2.0 szerverszoftver haszn\u00e1lat\u00e1val. Ez egy kifejezetten IP-alap\u00fa rendszerekhez tervezett vide\u00f3fel\u00fcgyeleti rendszermenedzsment (CMS) szoftver, amellyel a rendszergazda ak\u00e1r 30.000 kamer\u00e1t is kezelhet \u00e9s fel\u00fcgyelhet val\u00f3s id\u0151ben.<\/p>\n<p>[\/et_pb_text][\/et_pb_column][\/et_pb_row][et_pb_row _builder_version=&#8221;4.9.4&#8243; _module_preset=&#8221;default&#8221;][et_pb_column type=&#8221;4_4&#8243; _builder_version=&#8221;4.9.4&#8243; _module_preset=&#8221;default&#8221;][et_pb_text _builder_version=&#8221;4.9.2&#8243; _module_preset=&#8221;default&#8221;]<\/p>\n<h2>H\u0151m\u00e9rs\u00e9kletfigyel\u0151 kamer\u00e1k<\/h2>\n<p>A felel\u0151ss\u00e9gteljes cselekv\u00e9s azt jelenti, hogy minden alkalmazott, l\u00e1togat\u00f3 vagy \u00fcgyf\u00e9l v\u00e9delm\u00e9t \u00e9s gondatlans\u00e1g\u00e1t biztos\u00edtani kell. Ez n\u00e9gy innovat\u00edv DVC rendszerrel lehets\u00e9ges az \u00e9rint\u00e9smentes l\u00e1z\u00e9rz\u00e9kel\u00e9shez.<\/p>\n<p>A k\u00e9sz\u00fcl\u00e9kek els\u0151sorban abban k\u00fcl\u00f6nb\u00f6znek, hogy mennyi adatot k\u00e9pesek feldolgozni egy adott id\u0151szak alatt. A leggyorsabb feldolgoz\u00e1ssal \u00e9s intelligens vide\u00f3elemz\u00e9ssel rendelkez\u0151 k\u00e9sz\u00fcl\u00e9kek ide\u00e1lisak a nagyon nagy frekvenci\u00e1j\u00fa \u00e1tj\u00e1r\u00f3khoz, p\u00e9ld\u00e1ul nagy bev\u00e1s\u00e1rl\u00f3k\u00f6zpontokhoz, rep\u00fcl\u0151terekhez, vas\u00fat- \u00e9s busz\u00e1llom\u00e1sokhoz, kompkik\u00f6t\u0151kh\u00f6z \u00e9s m\u00e1s k\u00f6zleked\u00e9si csom\u00f3pontokhoz.<\/p>\n<p>[\/et_pb_text][\/et_pb_column][\/et_pb_row][\/et_pb_section]<\/p>\n","protected":false},"excerpt":{"rendered":"<p>Az ipari l\u00e9tes\u00edtm\u00e9nyek \u00e9s az \u00fczleti rendszerek magas szint\u0171 biztons\u00e1got, \u00e9s \u00edgy a telep\u00edtett vide\u00f3megfigyel\u00e9si rendszerek magas szint\u0171 megb\u00edzhat\u00f3s\u00e1g\u00e1t ig\u00e9nylik.Ak\u00e1r 30.000 kamera A DVC vide\u00f3fel\u00fcgyeleti term\u00e9kcsal\u00e1d sz\u00e9les v\u00e1laszt\u00e9ka \u00e9s rugalmass\u00e1ga lehet\u0151v\u00e9 teszi a k\u00fcl\u00f6nb\u00f6z\u0151 m\u00e9ret\u0171 \u00e9s rendeltet\u00e9s\u0171 \u00e9p\u00fcletekben val\u00f3 alkalmaz\u00e1st &#8211; a lak\u00f3- \u00e9s kisebb irodahelyis\u00e9gekt\u0151l a nagysz\u00e1m\u00fa ember \u00e1ltal haszn\u00e1lt komplex, nagy kock\u00e1zat\u00fa l\u00e9tes\u00edtm\u00e9nyekig. [&hellip;]<\/p>\n","protected":false},"author":9,"featured_media":0,"parent":0,"menu_order":0,"comment_status":"closed","ping_status":"closed","template":"","meta":{"_et_pb_use_builder":"on","_et_pb_old_content":"","_et_gb_content_width":"","footnotes":""},"class_list":["post-15972","page","type-page","status-publish","hentry"],"_links":{"self":[{"href":"https:\/\/www.dvc.video\/hu\/wp-json\/wp\/v2\/pages\/15972","targetHints":{"allow":["GET"]}}],"collection":[{"href":"https:\/\/www.dvc.video\/hu\/wp-json\/wp\/v2\/pages"}],"about":[{"href":"https:\/\/www.dvc.video\/hu\/wp-json\/wp\/v2\/types\/page"}],"author":[{"embeddable":true,"href":"https:\/\/www.dvc.video\/hu\/wp-json\/wp\/v2\/users\/9"}],"replies":[{"embeddable":true,"href":"https:\/\/www.dvc.video\/hu\/wp-json\/wp\/v2\/comments?post=15972"}],"version-history":[{"count":0,"href":"https:\/\/www.dvc.video\/hu\/wp-json\/wp\/v2\/pages\/15972\/revisions"}],"wp:attachment":[{"href":"https:\/\/www.dvc.video\/hu\/wp-json\/wp\/v2\/media?parent=15972"}],"curies":[{"name":"wp","href":"https:\/\/api.w.org\/{rel}","templated":true}]}}