{"id":15960,"date":"2021-03-09T11:21:14","date_gmt":"2021-03-09T10:21:14","guid":{"rendered":"https:\/\/www.dvc.video\/kozepes-meretu-vallalatok\/"},"modified":"2022-05-19T11:12:46","modified_gmt":"2022-05-19T09:12:46","slug":"kozepes-meretu-vallalatok","status":"publish","type":"page","link":"https:\/\/www.dvc.video\/hu\/kozepes-meretu-vallalatok\/","title":{"rendered":"K\u00f6zepes m\u00e9ret\u0171 v\u00e1llalatok"},"content":{"rendered":"<p>[et_pb_section fb_built=&#8221;1&#8243; _builder_version=&#8221;4.9.2&#8243; _module_preset=&#8221;default&#8221; background_enable_color=&#8221;off&#8221; background_image=&#8221;https:\/\/www.dvc.video\/wp-content\/uploads\/2021\/03\/bcg-red-triangle.jpg&#8221; height=&#8221;150px&#8221; height_last_edited=&#8221;off|desktop&#8221; custom_padding=&#8221;0px||0px||true|false&#8221; global_module=&#8221;793&#8243;][et_pb_row _builder_version=&#8221;4.9.2&#8243; _module_preset=&#8221;default&#8221;][et_pb_column type=&#8221;4_4&#8243; _builder_version=&#8221;4.9.2&#8243; _module_preset=&#8221;default&#8221;][et_pb_text _builder_version=&#8221;4.9.7&#8243; _dynamic_attributes=&#8221;content&#8221; _module_preset=&#8221;default&#8221; header_text_color=&#8221;#FFFFFF&#8221; header_line_height=&#8221;1.3em&#8221; header_font_size_tablet=&#8221;&#8221; header_font_size_phone=&#8221;&#8221; header_font_size_last_edited=&#8221;on|desktop&#8221;]@ET-DC@eyJkeW5hbWljIjp0cnVlLCJjb250ZW50IjoicG9zdF90aXRsZSIsInNldHRpbmdzIjp7ImJlZm9yZSI6IjxoMT4iLCJhZnRlciI6IjxcL2gxPiJ9fQ==@[\/et_pb_text][\/et_pb_column][\/et_pb_row][\/et_pb_section][et_pb_section fb_built=&#8221;1&#8243; _builder_version=&#8221;4.9.2&#8243; _module_preset=&#8221;default&#8221;][et_pb_row _builder_version=&#8221;4.9.2&#8243; _module_preset=&#8221;default&#8221;][et_pb_column type=&#8221;4_4&#8243; _builder_version=&#8221;4.9.2&#8243; _module_preset=&#8221;default&#8221;][et_pb_text _builder_version=&#8221;4.9.2&#8243; _module_preset=&#8221;default&#8221;]<\/p>\n<p>Ahogy n\u0151 a v\u00e1llalkoz\u00e1s, \u00fagy n\u0151 az ig\u00e9ny egy \u00f6sszetettebb biztons\u00e1gi megold\u00e1sra.<\/p>\n<p>[\/et_pb_text][\/et_pb_column][\/et_pb_row][et_pb_row _builder_version=&#8221;4.9.4&#8243; _module_preset=&#8221;default&#8221;][et_pb_column type=&#8221;4_4&#8243; _builder_version=&#8221;4.9.4&#8243; _module_preset=&#8221;default&#8221;][et_pb_text _builder_version=&#8221;4.9.2&#8243; _module_preset=&#8221;default&#8221;]<\/p>\n<h2>Rugalmass\u00e1g<\/h2>\n<p>A biztons\u00e1gi rendszer k\u00fcl\u00f6nb\u00f6z\u0151 technol\u00f3gi\u00e1kat foglalhat mag\u00e1ban, a telep\u00edtett videofel\u00fcgyelett\u0151l kezdve a kamer\u00e1k \u00e9s m\u00e1s biztons\u00e1gi eszk\u00f6z\u00f6k, p\u00e9ld\u00e1ul riaszt\u00f3rendszerek, bel\u00e9ptet\u0151- vagy munkaid\u0151-nyilv\u00e1ntart\u00f3 rendszerek kombin\u00e1ci\u00f3j\u00e1ig. \u00c9s mi van, ha a felhaszn\u00e1l\u00f3k ig\u00e9nyei \u00e9s elv\u00e1r\u00e1sai megv\u00e1ltoznak? A DVC integr\u00e1lt megold\u00e1sai k\u00f6nnyen alkalmazkodnak a n\u00f6vekv\u0151 \u00fczleti tev\u00e9kenys\u00e9ghez \u00e9s a v\u00e1ltoz\u00f3 ig\u00e9nyekhez.<\/p>\n<p>[\/et_pb_text][\/et_pb_column][\/et_pb_row][et_pb_row _builder_version=&#8221;4.9.4&#8243; _module_preset=&#8221;default&#8221;][et_pb_column type=&#8221;4_4&#8243; _builder_version=&#8221;4.9.4&#8243; _module_preset=&#8221;default&#8221;][et_pb_text _builder_version=&#8221;4.9.2&#8243; _module_preset=&#8221;default&#8221;]<\/p>\n<h2>Intelligens vide\u00f3elemz\u00e9s<\/h2>\n<p>A DVC vide\u00f3elemz\u00e9s lehet\u0151v\u00e9 teszi, hogy val\u00f3s id\u0151ben reag\u00e1ljon egy esem\u00e9nyre, \u00e9s csak a riaszt\u00e1si esem\u00e9nyt r\u00f6gz\u00edtse, ami jelent\u0151sen k\u00edm\u00e9li a t\u00e1rhelyet. A peremv\u00e9delem \u00e9s a t\u00e1rgyak helysz\u00edni k\u00f6vet\u00e9se az AI videoanalitikai funkci\u00f3k seg\u00edts\u00e9g\u00e9vel val\u00f3sul meg. A kamera t\u00edpus\u00e1t\u00f3l f\u00fcgg\u0151en a l\u00e1t\u00f3t\u00e9rben l\u00e9v\u0151 objektumok k\u00f6vet\u00e9se, a meghat\u00e1rozott vonalak keresztez\u00e9s\u00e9nek \u00e9szlel\u00e9se, a t\u00e9rbe val\u00f3 behatol\u00e1s \u00e9szlel\u00e9se, az emberek sz\u00e1mol\u00e1sa, az emberek \u00e9s j\u00e1rm\u0171vek felismer\u00e9se, az arcfelismer\u00e9s vagy a rendsz\u00e1mt\u00e1bla-felismer\u00e9s funkci\u00f3i lehets\u00e9gesek.<\/p>\n<p>[\/et_pb_text][\/et_pb_column][\/et_pb_row][et_pb_row _builder_version=&#8221;4.9.4&#8243; _module_preset=&#8221;default&#8221;][et_pb_column type=&#8221;4_4&#8243; _builder_version=&#8221;4.9.4&#8243; _module_preset=&#8221;default&#8221;][et_pb_text _builder_version=&#8221;4.9.2&#8243; _module_preset=&#8221;default&#8221;]<\/p>\n<h2>IP-technol\u00f3gia<\/h2>\n<p>Az IP-kamer\u00e1k sz\u00e9les v\u00e1laszt\u00e9ka lehet\u0151v\u00e9 teszi, hogy pontosan azt v\u00e1lassza ki, amelyik megfelel az egyes ter\u00fcletek v\u00e9delm\u00e9nek. A nagy felbont\u00e1st\u00f3l az ultranagy felbont\u00e1sig, vezet\u00e9kes \u00e9s vezet\u00e9k n\u00e9lk\u00fcli telep\u00edt\u00e9s, bullet vagy dome h\u00e1z, valamint fix vagy motoros objekt\u00edvvel.<\/p>\n<p>A DVC IP-kamer\u00e1k \u00f6t k\u00fcl\u00f6nb\u00f6z\u0151 kateg\u00f3ri\u00e1ba \u00e9s m\u00e1rkacsal\u00e1dba &#8211; Special, Supreme, Smart, Smart, Start \u00e9s Speed &#8211; sorolhat\u00f3k, \u00e9s minden felhaszn\u00e1l\u00f3i ig\u00e9nyt kiel\u00e9g\u00edtenek \u00e1r, min\u0151s\u00e9g \u00e9s funkci\u00f3k tekintet\u00e9ben.<\/p>\n<p>A Special oszt\u00e1lyban kiemelkedik a Starlight technol\u00f3gi\u00e1val ell\u00e1tott panor\u00e1makamera, amely n\u00e9gy kamer\u00e1t tartalmaz, amelyek k\u00e9pei egy speci\u00e1lis szoftver seg\u00edts\u00e9g\u00e9vel egyetlen k\u00e9pp\u00e9 egyes\u00fclnek. A Starlight \u00e9rz\u00e9kel\u0151 lehet\u0151v\u00e9 teszi az \u00e9jszakai sz\u00ednes m\u0171k\u00f6d\u00e9st kiv\u00e1l\u00f3 k\u00e9ppel, m\u00e9g nagyon gyenge f\u00e9nyviszonyok k\u00f6z\u00f6tt is.<\/p>\n<p>[\/et_pb_text][\/et_pb_column][\/et_pb_row][\/et_pb_section]<\/p>\n","protected":false},"excerpt":{"rendered":"<p>Ahogy n\u0151 a v\u00e1llalkoz\u00e1s, \u00fagy n\u0151 az ig\u00e9ny egy \u00f6sszetettebb biztons\u00e1gi megold\u00e1sra.Rugalmass\u00e1g A biztons\u00e1gi rendszer k\u00fcl\u00f6nb\u00f6z\u0151 technol\u00f3gi\u00e1kat foglalhat mag\u00e1ban, a telep\u00edtett videofel\u00fcgyelett\u0151l kezdve a kamer\u00e1k \u00e9s m\u00e1s biztons\u00e1gi eszk\u00f6z\u00f6k, p\u00e9ld\u00e1ul riaszt\u00f3rendszerek, bel\u00e9ptet\u0151- vagy munkaid\u0151-nyilv\u00e1ntart\u00f3 rendszerek kombin\u00e1ci\u00f3j\u00e1ig. \u00c9s mi van, ha a felhaszn\u00e1l\u00f3k ig\u00e9nyei \u00e9s elv\u00e1r\u00e1sai megv\u00e1ltoznak? A DVC integr\u00e1lt megold\u00e1sai k\u00f6nnyen alkalmazkodnak a n\u00f6vekv\u0151 \u00fczleti [&hellip;]<\/p>\n","protected":false},"author":9,"featured_media":0,"parent":0,"menu_order":0,"comment_status":"closed","ping_status":"closed","template":"","meta":{"_et_pb_use_builder":"on","_et_pb_old_content":"","_et_gb_content_width":"","footnotes":""},"class_list":["post-15960","page","type-page","status-publish","hentry"],"_links":{"self":[{"href":"https:\/\/www.dvc.video\/hu\/wp-json\/wp\/v2\/pages\/15960","targetHints":{"allow":["GET"]}}],"collection":[{"href":"https:\/\/www.dvc.video\/hu\/wp-json\/wp\/v2\/pages"}],"about":[{"href":"https:\/\/www.dvc.video\/hu\/wp-json\/wp\/v2\/types\/page"}],"author":[{"embeddable":true,"href":"https:\/\/www.dvc.video\/hu\/wp-json\/wp\/v2\/users\/9"}],"replies":[{"embeddable":true,"href":"https:\/\/www.dvc.video\/hu\/wp-json\/wp\/v2\/comments?post=15960"}],"version-history":[{"count":0,"href":"https:\/\/www.dvc.video\/hu\/wp-json\/wp\/v2\/pages\/15960\/revisions"}],"wp:attachment":[{"href":"https:\/\/www.dvc.video\/hu\/wp-json\/wp\/v2\/media?parent=15960"}],"curies":[{"name":"wp","href":"https:\/\/api.w.org\/{rel}","templated":true}]}}