{"id":15724,"date":"2021-03-09T11:24:43","date_gmt":"2021-03-09T10:24:43","guid":{"rendered":"https:\/\/www.dvc.video\/arcfelismeres\/"},"modified":"2022-05-17T12:44:59","modified_gmt":"2022-05-17T10:44:59","slug":"arcfelismeres","status":"publish","type":"page","link":"https:\/\/www.dvc.video\/hu\/arcfelismeres\/","title":{"rendered":"Arcfelismer\u00e9s"},"content":{"rendered":"<p>[et_pb_section fb_built=&#8221;1&#8243; _builder_version=&#8221;4.9.2&#8243; _module_preset=&#8221;default&#8221; background_enable_color=&#8221;off&#8221; background_image=&#8221;https:\/\/www.dvc.video\/wp-content\/uploads\/2021\/03\/bcg-red-triangle.jpg&#8221; height=&#8221;150px&#8221; height_last_edited=&#8221;off|desktop&#8221; custom_padding=&#8221;0px||0px||true|false&#8221; global_module=&#8221;793&#8243;][et_pb_row _builder_version=&#8221;4.9.2&#8243; _module_preset=&#8221;default&#8221;][et_pb_column type=&#8221;4_4&#8243; _builder_version=&#8221;4.9.2&#8243; _module_preset=&#8221;default&#8221;][et_pb_text _builder_version=&#8221;4.9.7&#8243; _dynamic_attributes=&#8221;content&#8221; _module_preset=&#8221;default&#8221; header_text_color=&#8221;#FFFFFF&#8221; header_line_height=&#8221;1.3em&#8221; header_font_size_tablet=&#8221;&#8221; header_font_size_phone=&#8221;&#8221; header_font_size_last_edited=&#8221;on|desktop&#8221;]@ET-DC@eyJkeW5hbWljIjp0cnVlLCJjb250ZW50IjoicG9zdF90aXRsZSIsInNldHRpbmdzIjp7ImJlZm9yZSI6IjxoMT4iLCJhZnRlciI6IjxcL2gxPiJ9fQ==@[\/et_pb_text][\/et_pb_column][\/et_pb_row][\/et_pb_section][et_pb_section fb_built=&#8221;1&#8243; _builder_version=&#8221;4.9.2&#8243; _module_preset=&#8221;default&#8221;][et_pb_row _builder_version=&#8221;4.9.2&#8243; _module_preset=&#8221;default&#8221;][et_pb_column type=&#8221;4_4&#8243; _builder_version=&#8221;4.9.2&#8243; _module_preset=&#8221;default&#8221;][et_pb_text _builder_version=&#8221;4.9.2&#8243; _module_preset=&#8221;default&#8221;]<\/p>\n<p>A DVC IP arcfelismer\u0151 kamer\u00e1k a Special IP sorozat DVC vide\u00f3megfigyel\u0151 term\u00e9kcsal\u00e1dj\u00e1nak r\u00e9sz\u00e9t k\u00e9pezik, \u00e9s az arcok adatb\u00e1zisb\u00f3l t\u00f6rt\u00e9n\u0151 felismer\u00e9s\u00e9re szolg\u00e1lnak, val\u00f3s id\u0151ben. Az arcfelismer\u0151 funkci\u00f3val rendelkez\u0151 kamer\u00e1kat leggyakrabban a telephelyek bej\u00e1rat\u00e1n\u00e1l helyezik el az alkalmazottak \u00e9s a l\u00e1togat\u00f3k azonos\u00edt\u00e1s\u00e1ra. \u00cdgy a v\u00e9dett ter\u00fcletre val\u00f3 bel\u00e9p\u00e9s szab\u00e1lyozhat\u00f3. Ezeket a kamer\u00e1kat \u00fczletekben, bev\u00e1s\u00e1rl\u00f3k\u00f6zpontokban, \u00e9ttermekben vagy kaszin\u00f3kban aj\u00e1nlott haszn\u00e1lni, \u00e9s minden\u00fctt, ahol arcazonos\u00edt\u00e1sra van sz\u00fcks\u00e9g.<\/p>\n<p>[\/et_pb_text][et_pb_video src=&#8221;https:\/\/youtu.be\/FO4nKSC4vp0&#8243; _builder_version=&#8221;4.9.4&#8243; _module_preset=&#8221;default&#8221; width=&#8221;50%&#8221; width_tablet=&#8221;100%&#8221; width_phone=&#8221;&#8221; width_last_edited=&#8221;on|phone&#8221; module_alignment=&#8221;center&#8221; width__hover_enabled=&#8221;off|desktop&#8221;][\/et_pb_video][et_pb_text _builder_version=&#8221;4.9.2&#8243; _module_preset=&#8221;default&#8221;]<\/p>\n<h2>M\u0171szaki jellemz\u0151k<\/h2>\n<p>Az IP arcfelismer\u0151 kamer\u00e1k \u00f6n\u00e1ll\u00f3an, felvev\u0151 n\u00e9lk\u00fcl is haszn\u00e1lhat\u00f3k, az adatb\u00e1zis helyi SD-k\u00e1rty\u00e1n t\u00f6rt\u00e9n\u0151 t\u00e1rol\u00e1s\u00e1ra alkalmasak, \u00e9s Sony Starlight technol\u00f3gi\u00e1t, feh\u00e9r f\u00e9ny\u0171 l\u00e1t\u00f3t\u00e1vols\u00e1g-vil\u00e1g\u00edt\u00e1st, True WDR 120dB \u00e9s 7-22 mm-es motozoom objekt\u00edvet tartalmaznak.<\/p>\n<p>[\/et_pb_text][et_pb_text _builder_version=&#8221;4.9.2&#8243; _module_preset=&#8221;default&#8221;]<\/p>\n<h2>NVMS 2.0<\/h2>\n<p>Az NVMS 2.0 egy platform a DVC videorendszerek kezel\u00e9s\u00e9re \u00e9s fel\u00fcgyelet\u00e9re. T\u00e1mogatja a val\u00f3s idej\u0171 megtekint\u00e9st, a felv\u00e9telek t\u00e1rol\u00e1s\u00e1t, lej\u00e1tsz\u00e1s\u00e1t \u00e9s let\u00f6lt\u00e9s\u00e9t, a TV-falon t\u00f6rt\u00e9n\u0151 dek\u00f3dol\u00e1st, a billenty\u0171zetvez\u00e9rl\u00e9st, a riaszt\u00e1si be- \u00e9s kimenetek vez\u00e9rl\u00e9s\u00e9t, valamint az intelligens vide\u00f3elemz\u00e9st. Ez\u00e9rt az NVMS 2.0 megfelel az \u00fcgyfelek k\u00f6zponti videokezel\u00e9sre vonatkoz\u00f3 k\u00f6vetelm\u00e9nyeinek, \u00e9s sz\u00e9les k\u00f6rben haszn\u00e1lhat\u00f3 ipari parkok, oktat\u00e1si kampuszok, banki irod\u00e1k, \u00fczletl\u00e1ncok \u00e9s \u00e9p\u00fcletkomplexumok vide\u00f3fel\u00fcgyelet\u00e9ben.<\/p>\n<p>[\/et_pb_text][\/et_pb_column][\/et_pb_row][\/et_pb_section]<\/p>\n","protected":false},"excerpt":{"rendered":"<p>A DVC IP arcfelismer\u0151 kamer\u00e1k a Special IP sorozat DVC vide\u00f3megfigyel\u0151 term\u00e9kcsal\u00e1dj\u00e1nak r\u00e9sz\u00e9t k\u00e9pezik, \u00e9s az arcok adatb\u00e1zisb\u00f3l t\u00f6rt\u00e9n\u0151 felismer\u00e9s\u00e9re szolg\u00e1lnak, val\u00f3s id\u0151ben. Az arcfelismer\u0151 funkci\u00f3val rendelkez\u0151 kamer\u00e1kat leggyakrabban a telephelyek bej\u00e1rat\u00e1n\u00e1l helyezik el az alkalmazottak \u00e9s a l\u00e1togat\u00f3k azonos\u00edt\u00e1s\u00e1ra. \u00cdgy a v\u00e9dett ter\u00fcletre val\u00f3 bel\u00e9p\u00e9s szab\u00e1lyozhat\u00f3. Ezeket a kamer\u00e1kat \u00fczletekben, bev\u00e1s\u00e1rl\u00f3k\u00f6zpontokban, \u00e9ttermekben vagy kaszin\u00f3kban [&hellip;]<\/p>\n","protected":false},"author":9,"featured_media":0,"parent":0,"menu_order":0,"comment_status":"closed","ping_status":"closed","template":"","meta":{"_et_pb_use_builder":"on","_et_pb_old_content":"","_et_gb_content_width":"","footnotes":""},"class_list":["post-15724","page","type-page","status-publish","hentry"],"_links":{"self":[{"href":"https:\/\/www.dvc.video\/hu\/wp-json\/wp\/v2\/pages\/15724","targetHints":{"allow":["GET"]}}],"collection":[{"href":"https:\/\/www.dvc.video\/hu\/wp-json\/wp\/v2\/pages"}],"about":[{"href":"https:\/\/www.dvc.video\/hu\/wp-json\/wp\/v2\/types\/page"}],"author":[{"embeddable":true,"href":"https:\/\/www.dvc.video\/hu\/wp-json\/wp\/v2\/users\/9"}],"replies":[{"embeddable":true,"href":"https:\/\/www.dvc.video\/hu\/wp-json\/wp\/v2\/comments?post=15724"}],"version-history":[{"count":0,"href":"https:\/\/www.dvc.video\/hu\/wp-json\/wp\/v2\/pages\/15724\/revisions"}],"wp:attachment":[{"href":"https:\/\/www.dvc.video\/hu\/wp-json\/wp\/v2\/media?parent=15724"}],"curies":[{"name":"wp","href":"https:\/\/api.w.org\/{rel}","templated":true}]}}