{"id":15718,"date":"2021-03-09T11:26:05","date_gmt":"2021-03-09T10:26:05","guid":{"rendered":"https:\/\/www.dvc.video\/rendszamfelismeres\/"},"modified":"2022-05-17T12:42:19","modified_gmt":"2022-05-17T10:42:19","slug":"rendszamfelismeres","status":"publish","type":"page","link":"https:\/\/www.dvc.video\/hu\/rendszamfelismeres\/","title":{"rendered":"Rendsz\u00e1mfelismer\u00e9s"},"content":{"rendered":"<p>[et_pb_section fb_built=&#8221;1&#8243; _builder_version=&#8221;4.9.2&#8243; _module_preset=&#8221;default&#8221; background_enable_color=&#8221;off&#8221; background_image=&#8221;https:\/\/www.dvc.video\/wp-content\/uploads\/2021\/03\/bcg-red-triangle.jpg&#8221; height=&#8221;150px&#8221; height_last_edited=&#8221;off|desktop&#8221; custom_padding=&#8221;0px||0px||true|false&#8221; global_module=&#8221;793&#8243;][et_pb_row _builder_version=&#8221;4.9.2&#8243; _module_preset=&#8221;default&#8221;][et_pb_column type=&#8221;4_4&#8243; _builder_version=&#8221;4.9.2&#8243; _module_preset=&#8221;default&#8221;][et_pb_text _builder_version=&#8221;4.9.7&#8243; _dynamic_attributes=&#8221;content&#8221; _module_preset=&#8221;default&#8221; header_text_color=&#8221;#FFFFFF&#8221; header_line_height=&#8221;1.3em&#8221; header_font_size_tablet=&#8221;&#8221; header_font_size_phone=&#8221;&#8221; header_font_size_last_edited=&#8221;on|desktop&#8221;]@ET-DC@eyJkeW5hbWljIjp0cnVlLCJjb250ZW50IjoicG9zdF90aXRsZSIsInNldHRpbmdzIjp7ImJlZm9yZSI6IjxoMT4iLCJhZnRlciI6IjxcL2gxPiJ9fQ==@[\/et_pb_text][\/et_pb_column][\/et_pb_row][\/et_pb_section][et_pb_section fb_built=&#8221;1&#8243; _builder_version=&#8221;4.9.2&#8243; _module_preset=&#8221;default&#8221;][et_pb_row _builder_version=&#8221;4.9.2&#8243; _module_preset=&#8221;default&#8221;][et_pb_column type=&#8221;4_4&#8243; _builder_version=&#8221;4.9.2&#8243; _module_preset=&#8221;default&#8221;][et_pb_text _builder_version=&#8221;4.9.2&#8243; _module_preset=&#8221;default&#8221;]<\/p>\n<p>A DVC LPR kamer\u00e1k a DVC Special IP kamerasorozat r\u00e9sz\u00e9t k\u00e9pezik. Az LPR kamer\u00e1k automatikusan felismerik a rendsz\u00e1mt\u00e1bl\u00e1kat, ez\u00e9rt ide\u00e1lisak v\u00e9dett vagy mag\u00e1nparkol\u00f3kban, oktat\u00e1si int\u00e9zm\u00e9nyekbe val\u00f3 bel\u00e9p\u00e9skor, valamint benzinkutakn\u00e1l t\u00f6rt\u00e9n\u0151 haszn\u00e1latra.<\/p>\n<p>A szakszer\u0171 \u00e9s pontos telep\u00edt\u00e9s \u00e9s \u00fczembe helyez\u00e9s nagy jelent\u0151s\u00e9ggel b\u00edr ahhoz, hogy egy LPR kamera megfelel\u0151en m\u0171k\u00f6dj\u00f6n. F\u00fcggetlen\u00fcl mag\u00e1t\u00f3l a kamera \u00e9s a megfelel\u0151 szoftver min\u0151s\u00e9g\u00e9t\u0151l, a t\u00e1blafelismer\u00e9s \u00e9s az adatfeldolgoz\u00e1s min\u0151s\u00e9ge nagym\u00e9rt\u00e9kben f\u00fcgg a helysz\u00edni k\u00f6r\u00fclm\u00e9nyekt\u0151l \u00e9s az LPR-kamera elhelyez\u00e9s\u00e9t\u0151l.<\/p>\n<p>[\/et_pb_text][et_pb_video src=&#8221;https:\/\/youtu.be\/Vvs2c6yEN6Q&#8221; _builder_version=&#8221;4.9.4&#8243; _module_preset=&#8221;default&#8221; width=&#8221;50%&#8221; width_tablet=&#8221;100%&#8221; width_phone=&#8221;&#8221; width_last_edited=&#8221;on|desktop&#8221; module_alignment=&#8221;center&#8221;][\/et_pb_video][et_pb_text _builder_version=&#8221;4.9.2&#8243; _module_preset=&#8221;default&#8221;]<\/p>\n<h2>M\u0171szaki jellemz\u0151k<\/h2>\n<p>LPR Bullet IP videokamera, 2Mpx \/ 25fps felbont\u00e1s, 7 &#8211; 22 mm-es objekt\u00edv, 0.0026Lux@F1.2, SMART H.265, IR LED hat\u00f3t\u00e1vols\u00e1g 50-70 m, True WDR 120dB, 12VDC \/ PoE, Onvif, IP67 v\u00e9delem.<\/p>\n<p>[\/et_pb_text][et_pb_text _builder_version=&#8221;4.9.2&#8243; _module_preset=&#8221;default&#8221;]<\/p>\n<h2>DVC LPR kamera telep\u00edt\u00e9se<\/h2>\n<p>[\/et_pb_text][et_pb_video src=&#8221;https:\/\/youtu.be\/afy-Q-HIpT0&#8243; image_src=&#8221;\/\/i.ytimg.com\/vi\/afy-Q-HIpT0\/hqdefault.jpg&#8221; _builder_version=&#8221;4.9.4&#8243; _module_preset=&#8221;default&#8221; width=&#8221;50%&#8221; width_tablet=&#8221;100%&#8221; width_phone=&#8221;&#8221; width_last_edited=&#8221;on|tablet&#8221; module_alignment=&#8221;center&#8221;][\/et_pb_video][\/et_pb_column][\/et_pb_row][\/et_pb_section]<\/p>\n","protected":false},"excerpt":{"rendered":"<p>A DVC LPR kamer\u00e1k a DVC Special IP kamerasorozat r\u00e9sz\u00e9t k\u00e9pezik. Az LPR kamer\u00e1k automatikusan felismerik a rendsz\u00e1mt\u00e1bl\u00e1kat, ez\u00e9rt ide\u00e1lisak v\u00e9dett vagy mag\u00e1nparkol\u00f3kban, oktat\u00e1si int\u00e9zm\u00e9nyekbe val\u00f3 bel\u00e9p\u00e9skor, valamint benzinkutakn\u00e1l t\u00f6rt\u00e9n\u0151 haszn\u00e1latra. A szakszer\u0171 \u00e9s pontos telep\u00edt\u00e9s \u00e9s \u00fczembe helyez\u00e9s nagy jelent\u0151s\u00e9ggel b\u00edr ahhoz, hogy egy LPR kamera megfelel\u0151en m\u0171k\u00f6dj\u00f6n. F\u00fcggetlen\u00fcl mag\u00e1t\u00f3l a kamera \u00e9s a [&hellip;]<\/p>\n","protected":false},"author":9,"featured_media":0,"parent":0,"menu_order":0,"comment_status":"closed","ping_status":"closed","template":"","meta":{"_et_pb_use_builder":"on","_et_pb_old_content":"","_et_gb_content_width":"","footnotes":""},"class_list":["post-15718","page","type-page","status-publish","hentry"],"_links":{"self":[{"href":"https:\/\/www.dvc.video\/hu\/wp-json\/wp\/v2\/pages\/15718","targetHints":{"allow":["GET"]}}],"collection":[{"href":"https:\/\/www.dvc.video\/hu\/wp-json\/wp\/v2\/pages"}],"about":[{"href":"https:\/\/www.dvc.video\/hu\/wp-json\/wp\/v2\/types\/page"}],"author":[{"embeddable":true,"href":"https:\/\/www.dvc.video\/hu\/wp-json\/wp\/v2\/users\/9"}],"replies":[{"embeddable":true,"href":"https:\/\/www.dvc.video\/hu\/wp-json\/wp\/v2\/comments?post=15718"}],"version-history":[{"count":0,"href":"https:\/\/www.dvc.video\/hu\/wp-json\/wp\/v2\/pages\/15718\/revisions"}],"wp:attachment":[{"href":"https:\/\/www.dvc.video\/hu\/wp-json\/wp\/v2\/media?parent=15718"}],"curies":[{"name":"wp","href":"https:\/\/api.w.org\/{rel}","templated":true}]}}