{"id":15634,"date":"2021-03-09T12:14:03","date_gmt":"2021-03-09T11:14:03","guid":{"rendered":"https:\/\/www.dvc.video\/blog\/"},"modified":"2023-11-08T10:04:08","modified_gmt":"2023-11-08T09:04:08","slug":"hirek","status":"publish","type":"page","link":"https:\/\/www.dvc.video\/hu\/hirek\/","title":{"rendered":"H\u00edrek"},"content":{"rendered":"<p>[et_pb_section fb_built=&#8221;1&#8243; _builder_version=&#8221;4.9.2&#8243; _module_preset=&#8221;default&#8221; background_enable_color=&#8221;off&#8221; background_image=&#8221;https:\/\/www.dvc.video\/wp-content\/uploads\/2021\/03\/bcg-red-triangle.jpg&#8221; height_last_edited=&#8221;off|desktop&#8221; global_module=&#8221;793&#8243; global_colors_info=&#8221;{}&#8221;][et_pb_row _builder_version=&#8221;4.16&#8243; _module_preset=&#8221;default&#8221; global_colors_info=&#8221;{}&#8221;][et_pb_column type=&#8221;4_4&#8243; _builder_version=&#8221;4.16&#8243; _module_preset=&#8221;default&#8221; global_colors_info=&#8221;{}&#8221;][et_pb_text _builder_version=&#8221;4.16&#8243; _dynamic_attributes=&#8221;content&#8221; _module_preset=&#8221;default&#8221; header_text_color=&#8221;#FFFFFF&#8221; header_line_height=&#8221;1.3em&#8221; header_font_size_tablet=&#8221;&#8221; header_font_size_phone=&#8221;&#8221; header_font_size_last_edited=&#8221;on|desktop&#8221; global_colors_info=&#8221;{}&#8221;]@ET-DC@eyJkeW5hbWljIjp0cnVlLCJjb250ZW50IjoicG9zdF90aXRsZSIsInNldHRpbmdzIjp7ImJlZm9yZSI6IjxoMT4iLCJhZnRlciI6IjxcL2gxPiJ9fQ==@[\/et_pb_text][\/et_pb_column][\/et_pb_row][\/et_pb_section][et_pb_section fb_built=&#8221;1&#8243; _builder_version=&#8221;4.16&#8243; _module_preset=&#8221;default&#8221; background_color=&#8221;#F9F9F9&#8243; global_colors_info=&#8221;{}&#8221;][et_pb_row _builder_version=&#8221;4.16&#8243; _module_preset=&#8221;default&#8221; global_colors_info=&#8221;{}&#8221;][et_pb_column type=&#8221;4_4&#8243; _builder_version=&#8221;4.16&#8243; _module_preset=&#8221;default&#8221; global_colors_info=&#8221;{}&#8221;][et_pb_blog fullwidth=&#8221;off&#8221; posts_number=&#8221;9&#8243; include_categories=&#8221;all&#8221; meta_date=&#8221;d.m.Y.&#8221; use_manual_excerpt=&#8221;off&#8221; show_author=&#8221;off&#8221; show_categories=&#8221;off&#8221; show_excerpt=&#8221;off&#8221; module_class=&#8221;blog-image-16-9&#8243; _builder_version=&#8221;4.17.4&#8243; _module_preset=&#8221;default&#8221; header_line_height=&#8221;1.3em&#8221; meta_text_color=&#8221;#ED1C24&#8243; meta_font_size=&#8221;12px&#8221; hover_enabled=&#8221;0&#8243; border_style_all=&#8221;none&#8221; global_colors_info=&#8221;{}&#8221; sticky_enabled=&#8221;0&#8243;][\/et_pb_blog][\/et_pb_column][\/et_pb_row][\/et_pb_section][et_pb_section fb_built=&#8221;1&#8243; fullwidth=&#8221;on&#8221; _builder_version=&#8221;4.10.8&#8243; _module_preset=&#8221;default&#8221; global_module=&#8221;722&#8243; saved_tabs=&#8221;all&#8221; global_colors_info=&#8221;{}&#8221;][et_pb_fullwidth_header title=&#8221;Szeretn\u00e9l DVC partner lenni?&#8221; subhead=&#8221;Legyen tagja a DVC vide\u00f3 megfigyel\u0151 \u00e9s vide\u00f3 kaputelefon megold\u00e1sok telep\u00edt\u0151i \u00e9s forgalmaz\u00f3i region\u00e1lis k\u00f6z\u00f6ss\u00e9g\u00e9nek!&#8221; button_one_text=&#8221;l\u00e9pjen kapcsolatba vel\u00fcnk&#8221; button_one_url=&#8221;@ET-DC@eyJkeW5hbWljIjp0cnVlLCJjb250ZW50IjoicG9zdF9saW5rX3VybF9wYWdlIiwic2V0dGluZ3MiOnsicG9zdF9pZCI6IjMwIn19@&#8221; button_two_text=&#8221;Hol lehet megvenni?&#8221; button_two_url=&#8221;@ET-DC@eyJkeW5hbWljIjp0cnVlLCJjb250ZW50IjoicG9zdF9saW5rX3VybF9wYWdlIiwic2V0dGluZ3MiOnsicG9zdF9pZCI6IjIzNiJ9fQ==@&#8221; header_image_url=&#8221;https:\/\/www.dvc.video\/wp-content\/uploads\/2021\/04\/instalater.png&#8221; image_orientation=&#8221;bottom&#8221; _builder_version=&#8221;4.16&#8243; _dynamic_attributes=&#8221;button_one_url,button_two_url&#8221; _module_preset=&#8221;default&#8221; title_level=&#8221;h2&#8243; title_font_size=&#8221;42px&#8221; title_line_height=&#8221;1.3em&#8221; content_font_size=&#8221;15px&#8221; subhead_font=&#8221;|700|||||||&#8221; subhead_font_size=&#8221;17px&#8221; background_enable_color=&#8221;off&#8221; background_image=&#8221;https:\/\/www.dvc.video\/wp-content\/uploads\/2021\/03\/bcg-red-triangle.jpg&#8221; custom_button_one=&#8221;on&#8221; button_one_text_color=&#8221;#242424&#8243; button_one_bg_color=&#8221;#FFFFFF&#8221; button_one_font=&#8221;|600|||||||&#8221; button_one_use_icon=&#8221;off&#8221; button_one_custom_padding=&#8221;18px|48px|18px|48px|true|true&#8221; custom_button_two=&#8221;on&#8221; button_two_bg_color=&#8221;#FBB040&#8243; button_two_font=&#8221;|600|||||||&#8221; button_two_use_icon=&#8221;off&#8221; button_two_custom_padding=&#8221;18px|48px|18px|48px|true|true&#8221; custom_padding=&#8221;||0px||false|false&#8221; custom_css_logo=&#8221;width: 200px;||padding-bottom: 20px;&#8221; custom_css_title=&#8221;padding-bottom: 20px;&#8221; custom_css_subtitle=&#8221;padding-bottom: 15px;&#8221; global_colors_info=&#8221;{}&#8221; button_one_text_color__hover_enabled=&#8221;on|desktop&#8221; button_one_text_color__hover=&#8221;#FFFFFF&#8221; button_one_bg_color__hover_enabled=&#8221;on|desktop&#8221; button_one_bg_color__hover=&#8221;#9E0B0F&#8221; button_one_bg_enable_color__hover=&#8221;on&#8221; button_two_text_color__hover_enabled=&#8221;on|hover&#8221; button_two_bg_color__hover_enabled=&#8221;on|desktop&#8221; button_two_bg_color__hover=&#8221;#9E0B0F&#8221; button_two_bg_enable_color__hover=&#8221;on&#8221;]<\/p>\n<p> A DVC term\u00e9kek a legmodernebb technol\u00f3gi\u00e1kon, megb\u00edzhat\u00f3 alkatr\u00e9szeken alapulnak, \u00e9s a legmagasabb teljes\u00edtm\u00e9nyt ny\u00fajtj\u00e1k, alkalmasak k\u00fcl\u00f6nb\u00f6z\u0151 m\u00e9ret\u0171 \u00e9s rendeltet\u00e9s\u0171 \u00e9p\u00fcletekben val\u00f3 haszn\u00e1latra. <\/p>\n<p>[\/et_pb_fullwidth_header][\/et_pb_section]<\/p>\n","protected":false},"excerpt":{"rendered":"<p>A DVC term\u00e9kek a legmodernebb technol\u00f3gi\u00e1kon, megb\u00edzhat\u00f3 alkatr\u00e9szeken alapulnak, \u00e9s a legmagasabb teljes\u00edtm\u00e9nyt ny\u00fajtj\u00e1k, alkalmasak k\u00fcl\u00f6nb\u00f6z\u0151 m\u00e9ret\u0171 \u00e9s rendeltet\u00e9s\u0171 \u00e9p\u00fcletekben val\u00f3 haszn\u00e1latra.<\/p>\n","protected":false},"author":9,"featured_media":0,"parent":0,"menu_order":0,"comment_status":"closed","ping_status":"closed","template":"","meta":{"_et_pb_use_builder":"on","_et_pb_old_content":"","_et_gb_content_width":"","footnotes":""},"class_list":["post-15634","page","type-page","status-publish","hentry"],"_links":{"self":[{"href":"https:\/\/www.dvc.video\/hu\/wp-json\/wp\/v2\/pages\/15634","targetHints":{"allow":["GET"]}}],"collection":[{"href":"https:\/\/www.dvc.video\/hu\/wp-json\/wp\/v2\/pages"}],"about":[{"href":"https:\/\/www.dvc.video\/hu\/wp-json\/wp\/v2\/types\/page"}],"author":[{"embeddable":true,"href":"https:\/\/www.dvc.video\/hu\/wp-json\/wp\/v2\/users\/9"}],"replies":[{"embeddable":true,"href":"https:\/\/www.dvc.video\/hu\/wp-json\/wp\/v2\/comments?post=15634"}],"version-history":[{"count":2,"href":"https:\/\/www.dvc.video\/hu\/wp-json\/wp\/v2\/pages\/15634\/revisions"}],"predecessor-version":[{"id":24696,"href":"https:\/\/www.dvc.video\/hu\/wp-json\/wp\/v2\/pages\/15634\/revisions\/24696"}],"wp:attachment":[{"href":"https:\/\/www.dvc.video\/hu\/wp-json\/wp\/v2\/media?parent=15634"}],"curies":[{"name":"wp","href":"https:\/\/api.w.org\/{rel}","templated":true}]}}