{"id":15631,"date":"2021-03-09T11:23:02","date_gmt":"2021-03-09T10:23:02","guid":{"rendered":"https:\/\/www.dvc.video\/ip-videofelugyelet\/"},"modified":"2022-05-25T14:18:19","modified_gmt":"2022-05-25T12:18:19","slug":"ip-videofelugyelet","status":"publish","type":"page","link":"https:\/\/www.dvc.video\/hu\/ip-videofelugyelet\/","title":{"rendered":"IP-vide\u00f3fel\u00fcgyelet"},"content":{"rendered":"<p>[et_pb_section fb_built=&#8221;1&#8243; _builder_version=&#8221;4.9.2&#8243; _module_preset=&#8221;default&#8221; background_enable_color=&#8221;off&#8221; background_image=&#8221;https:\/\/www.dvc.video\/wp-content\/uploads\/2021\/03\/bcg-red-triangle.jpg&#8221; height=&#8221;150px&#8221; height_last_edited=&#8221;off|desktop&#8221; custom_padding=&#8221;0px||0px||true|false&#8221; global_module=&#8221;793&#8243;][et_pb_row _builder_version=&#8221;4.9.2&#8243; _module_preset=&#8221;default&#8221;][et_pb_column type=&#8221;4_4&#8243; _builder_version=&#8221;4.9.2&#8243; _module_preset=&#8221;default&#8221;][et_pb_text _builder_version=&#8221;4.9.7&#8243; _dynamic_attributes=&#8221;content&#8221; _module_preset=&#8221;default&#8221; header_text_color=&#8221;#FFFFFF&#8221; header_line_height=&#8221;1.3em&#8221; header_font_size_tablet=&#8221;&#8221; header_font_size_phone=&#8221;&#8221; header_font_size_last_edited=&#8221;on|desktop&#8221;]@ET-DC@eyJkeW5hbWljIjp0cnVlLCJjb250ZW50IjoicG9zdF90aXRsZSIsInNldHRpbmdzIjp7ImJlZm9yZSI6IjxoMT4iLCJhZnRlciI6IjxcL2gxPiJ9fQ==@[\/et_pb_text][\/et_pb_column][\/et_pb_row][\/et_pb_section][et_pb_section fb_built=&#8221;1&#8243; _builder_version=&#8221;4.9.2&#8243; _module_preset=&#8221;default&#8221;][et_pb_row _builder_version=&#8221;4.9.2&#8243; _module_preset=&#8221;default&#8221;][et_pb_column type=&#8221;4_4&#8243; _builder_version=&#8221;4.9.2&#8243; _module_preset=&#8221;default&#8221;][et_pb_text _builder_version=&#8221;4.9.2&#8243; _module_preset=&#8221;default&#8221;]<\/p>\n<p>A DVC IP-vide\u00f3fel\u00fcgyeleti rendszerek jobb k\u00e9pmin\u0151s\u00e9ggel rendelkeznek, lehet\u0151v\u00e9 teszik a szem\u00e9lyek azonos\u00edt\u00e1s\u00e1t \u00e9s a r\u00e9szletek jobb \u00e9rz\u00e9kel\u00e9s\u00e9t a felv\u00e9telen. Ez\u00e9rt els\u0151sorban az \u00f6sszetettebb, kock\u00e1zatosabb \u00e9p\u00fcletek \u00e9s ny\u00edlt ter\u00fcletek v\u00e9delm\u00e9re haszn\u00e1lj\u00e1k \u0151ket. Az IP-vide\u00f3fel\u00fcgyelet legnagyobb el\u0151nye a h\u00e1l\u00f3zatba kapcsol\u00e1s lehet\u0151s\u00e9ge, az \u00e9p\u00fclet egy\u00e9b m\u0171szaki rendszereivel val\u00f3 integr\u00e1ci\u00f3, a t\u00e1vfel\u00fcgyelet, az ultranagy felbont\u00e1s \u00e9s a vide\u00f3elemz\u00e9s. Az intelligens H.265 t\u00f6m\u00f6r\u00edt\u00e9s jobb vide\u00f3min\u0151s\u00e9get, a H.265+-hoz k\u00e9pest l\u00e9nyegesen nagyobb adatt\u00f6m\u00f6r\u00edt\u00e9st, a bitr\u00e1ta ak\u00e1r 50%-kal val\u00f3 cs\u00f6kkent\u00e9s\u00e9t, kisebb vide\u00f3jel-k\u00e9sleltet\u00e9st, a vide\u00f3t\u00e1rol\u00e1shoz, a param\u00e9terek be\u00e1ll\u00edt\u00e1s\u00e1hoz \u00e9s az \u00f6sszes kamera NVR-en kereszt\u00fcli vez\u00e9rl\u00e9s\u00e9hez kevesebb t\u00e1rhelyet helyet haszn\u00e1l.<\/p>\n<p>[\/et_pb_text][et_pb_text _builder_version=&#8221;4.9.2&#8243; _module_preset=&#8221;default&#8221;]<\/p>\n<h2>Ak\u00e1r 8Mpx felbont\u00e1s<\/h2>\n<p>Az \u00faj Smart H.265 t\u00f6m\u00f6r\u00edt\u00e9si szabv\u00e1ny bevezet\u00e9s\u00e9vel, amely az \u00faj 4K (UltraHD) szabv\u00e1nynak megfelel\u0151en a nagy felbont\u00e1s\u00fa k\u00e9pek ak\u00e1r 8Mpx-es h\u00e1l\u00f3zati tov\u00e1bb\u00edt\u00e1s\u00e1hoz igazodik, a DVC IP-kamer\u00e1k lehet\u0151v\u00e9 teszik a megjelen\u00edt\u00e9st a felbont\u00e1sok sz\u00e9les sk\u00e1l\u00e1j\u00e1n. A k\u00fcl\u00f6nb\u00f6z\u0151 kamer\u00e1k kombin\u00e1ci\u00f3ja megfelel a felhaszn\u00e1l\u00f3k t\u00f6bb vagy kevesebb r\u00e9szlet megjelen\u00edt\u00e9s\u00e9re vonatkoz\u00f3 ig\u00e9nyeinek.<\/p>\n<p>[\/et_pb_text][et_pb_text _builder_version=&#8221;4.9.2&#8243; _module_preset=&#8221;default&#8221;]<\/p>\n<h2>PoE t\u00e1pegys\u00e9g<\/h2>\n<p>A DVC IP kamer\u00e1k kett\u0151s t\u00e1pell\u00e1t\u00e1sa lehet\u0151v\u00e9 teszi, hogy a kamer\u00e1k vagy k\u00fcls\u0151 12V DC t\u00e1pegys\u00e9gr\u0151l, vagy a felvev\u0151 PoE-j\u00e9n kereszt\u00fcl k\u00f6zvetlen\u00fcl az RJ45 csatlakoz\u00f3hoz UTP-k\u00e1bellel csatlakoztatott UTP-k\u00e1belen kereszt\u00fcl t\u00e1pl\u00e1lhat\u00f3k legyenek, ami nagyban leegyszer\u0171s\u00edti a telep\u00edt\u00e9st. A PoE-vel nem rendelkez\u0151 r\u00f6gz\u00edt\u0151k eset\u00e9ben a kamer\u00e1k \u00e1ramell\u00e1t\u00e1sa tov\u00e1bbi PoE switch  csatlakoztat\u00e1ssal t\u00f6rt\u00e9nik.<\/p>\n<p>[\/et_pb_text][et_pb_text _builder_version=&#8221;4.9.2&#8243; _module_preset=&#8221;default&#8221;]<\/p>\n<h2>Vide\u00f3elemz\u00e9s<\/h2>\n<p>A vide\u00f3elemz\u00e9s gyorsabb keres\u00e9st \u00e9s a vide\u00f3k elemz\u00e9s\u00e9t teszi lehet\u0151v\u00e9 a biztons\u00e1g szempontj\u00e1b\u00f3l kritikus esem\u00e9nyek gyors megtal\u00e1l\u00e1sa \u00e9rdek\u00e9ben. A vide\u00f3analitika lehet\u0151v\u00e9 teszi az emberek vagy j\u00e1rm\u0171vek pontos felismer\u00e9s\u00e9t is, mik\u00f6zben az \u00e1llatok \u00e9s m\u00e1s gyakori t\u00e1rgyak figyelmen k\u00edv\u00fcl hagyhat\u00f3k. \u00cdgy a t\u00e9ves riaszt\u00e1sok, azaz az egy\u00e9b t\u00e1rgyak \u00e1ltal kezdem\u00e9nyezett esem\u00e9nyek \u00e1ltal kezdem\u00e9nyezett r\u00f6gz\u00edtett esem\u00e9nyek gyakorlatilag semleges\u00edt\u00e9sre ker\u00fclnek. A fejlett videoanalitikai funkci\u00f3k lehet\u0151v\u00e9 teszik az arcfelismer\u00e9st, a j\u00e1rm\u0171 rendsz\u00e1mt\u00e1bl\u00e1j\u00e1nak felismer\u00e9s\u00e9t, valamint a szem\u00e9lyek vagy j\u00e1rm\u0171vek be- \u00e9s kil\u00e9p\u00e9s\u00e9nek sz\u00e1ml\u00e1l\u00e1s\u00e1t is.<\/p>\n<p>[\/et_pb_text][et_pb_text _builder_version=&#8221;4.9.2&#8243; _module_preset=&#8221;default&#8221;]<\/p>\n<h2>Extreme Dark, Starlight \u00e9s FishEye DVC IP kamer\u00e1k<\/h2>\n<p>Az Extreme Dark technol\u00f3gia lehet\u0151v\u00e9 teszi a DVC IP sz\u00ednes kamer\u00e1k k\u00e9p\u00e9nek megtekint\u00e9s\u00e9t rendk\u00edv\u00fcl gyenge f\u00e9nyviszonyok k\u00f6z\u00f6tt. Ehhez F1.0 maxim\u00e1lis rekesz\u00e9rt\u00e9kkel rendelkez\u0151 video\u00e9rz\u00e9kel\u0151ket \u00e9s kieg\u00e9sz\u00edt\u0151 LED-vil\u00e1g\u00edt\u00e1st haszn\u00e1lnak, amely automatikusan bekapcsol, amikor a k\u00fcls\u0151 f\u00e9ny szintje a l\u00e1that\u00f3 szint al\u00e1 cs\u00f6kken.<\/p>\n<p>A Sony STARVIS vagy &#8222;Starlight&#8221; technol\u00f3gia min\u0151s\u00e9gi sz\u00ednes k\u00e9pet biztos\u00edt \u00e9jszaka \u00e9s gyenge f\u00e9nyviszonyok k\u00f6z\u00f6tt, a nagy \u00e9rz\u00e9kenys\u00e9g\u0171 vide\u00f3\u00e9rz\u00e9kel\u0151 0,002Lux-os \u00e9rz\u00e9kenys\u00e9g\u00e9vel.<\/p>\n<p>A mennyezetre szerelt sz\u00e9les l\u00e1t\u00f3sz\u00f6g\u0171 FishEye kamera 360\u02da-os t\u00e9rfel\u00fcgyeletet tesz lehet\u0151v\u00e9. Ez egy hat\u00e9kony, k\u00f6nnyen telep\u00edthet\u0151 megold\u00e1s, amelyet \u00fagy terveztek, hogy egyetlen kamer\u00e1val nagy ter\u00fcletet fedjen le.\n<\/p>\n<p>[\/et_pb_text][et_pb_text _builder_version=&#8221;4.9.2&#8243; _module_preset=&#8221;default&#8221;]<\/p>\n<h2>Igazi WDR<\/h2>\n<p>Egyes DVC kamer\u00e1k fejlett, sz\u00e9les dinamikatartom\u00e1ny\u00fa (True WDR) funkci\u00f3val rendelkeznek, amely ak\u00e1r 120dB (60dB a szabv\u00e1ny), \u00e9s tiszta k\u00e9pet biztos\u00edt k\u00fcl\u00f6nb\u00f6z\u0151 form\u00e1tumok eset\u00e9n, m\u00e9g akkor is, ha a h\u00e1tt\u00e9rvil\u00e1g\u00edt\u00e1s rendk\u00edv\u00fcl intenz\u00edv. Ha a True WDR kamera egy ablakra vagy bej\u00e1ratra van ir\u00e1ny\u00edtva, akkor kiegyenl\u00edti a f\u00e9nyer\u0151t, \u00e9s \u00edgy a l\u00e1t\u00f3t\u00e9r minden r\u00e9szlet\u00e9vel reproduk\u00e1lja a felv\u00e9telt.<\/p>\n<p>[\/et_pb_text][et_pb_text _builder_version=&#8221;4.9.2&#8243; _module_preset=&#8221;default&#8221;]<\/p>\n<h2>Moto zoom objekt\u00edv<\/h2>\n<p>A motoros zoom- vagy varifok\u00e1lis objekt\u00edv egy olyan, a kamer\u00e1ban tal\u00e1lhat\u00f3 lencse, amely egy motor seg\u00edts\u00e9g\u00e9vel a l\u00e1t\u00f3t\u00e9r egy adott r\u00e9sz\u00e9re ir\u00e1ny\u00edtja a kamer\u00e1t. Ez lehet\u0151v\u00e9 teszi, hogy a kamera a felvett ter\u00fclet k\u00fcl\u00f6nb\u00f6z\u0151 r\u00e9szeinek r\u00f6gz\u00edt\u00e9s\u00e9re ir\u00e1ny\u00edtsa a felv\u00e9telt, t\u00e1volr\u00f3l egy felvev\u0151n (DVR, NVR) kereszt\u00fcl, vagy szoftveresen az interneten \u00e9s mobilalkalmaz\u00e1sokon kereszt\u00fcl. R\u00f6viden, f\u00fcggetlen\u00fcl a kamer\u00e1t\u00f3l val\u00f3 t\u00e1vols\u00e1gt\u00f3l, a felhaszn\u00e1l\u00f3 egy egyszer\u0171 gombnyom\u00e1ssal be\u00e1ll\u00edthatja a kamera objekt\u00edvj\u00e9t.<\/p>\n<p>[\/et_pb_text][\/et_pb_column][\/et_pb_row][\/et_pb_section]<\/p>\n","protected":false},"excerpt":{"rendered":"<p>A DVC IP-vide\u00f3fel\u00fcgyeleti rendszerek jobb k\u00e9pmin\u0151s\u00e9ggel rendelkeznek, lehet\u0151v\u00e9 teszik a szem\u00e9lyek azonos\u00edt\u00e1s\u00e1t \u00e9s a r\u00e9szletek jobb \u00e9rz\u00e9kel\u00e9s\u00e9t a felv\u00e9telen. Ez\u00e9rt els\u0151sorban az \u00f6sszetettebb, kock\u00e1zatosabb \u00e9p\u00fcletek \u00e9s ny\u00edlt ter\u00fcletek v\u00e9delm\u00e9re haszn\u00e1lj\u00e1k \u0151ket. Az IP-vide\u00f3fel\u00fcgyelet legnagyobb el\u0151nye a h\u00e1l\u00f3zatba kapcsol\u00e1s lehet\u0151s\u00e9ge, az \u00e9p\u00fclet egy\u00e9b m\u0171szaki rendszereivel val\u00f3 integr\u00e1ci\u00f3, a t\u00e1vfel\u00fcgyelet, az ultranagy felbont\u00e1s \u00e9s a vide\u00f3elemz\u00e9s. Az [&hellip;]<\/p>\n","protected":false},"author":9,"featured_media":0,"parent":0,"menu_order":0,"comment_status":"closed","ping_status":"closed","template":"","meta":{"_et_pb_use_builder":"on","_et_pb_old_content":"","_et_gb_content_width":"","footnotes":""},"class_list":["post-15631","page","type-page","status-publish","hentry"],"_links":{"self":[{"href":"https:\/\/www.dvc.video\/hu\/wp-json\/wp\/v2\/pages\/15631","targetHints":{"allow":["GET"]}}],"collection":[{"href":"https:\/\/www.dvc.video\/hu\/wp-json\/wp\/v2\/pages"}],"about":[{"href":"https:\/\/www.dvc.video\/hu\/wp-json\/wp\/v2\/types\/page"}],"author":[{"embeddable":true,"href":"https:\/\/www.dvc.video\/hu\/wp-json\/wp\/v2\/users\/9"}],"replies":[{"embeddable":true,"href":"https:\/\/www.dvc.video\/hu\/wp-json\/wp\/v2\/comments?post=15631"}],"version-history":[{"count":0,"href":"https:\/\/www.dvc.video\/hu\/wp-json\/wp\/v2\/pages\/15631\/revisions"}],"wp:attachment":[{"href":"https:\/\/www.dvc.video\/hu\/wp-json\/wp\/v2\/media?parent=15631"}],"curies":[{"name":"wp","href":"https:\/\/api.w.org\/{rel}","templated":true}]}}