{"id":15622,"date":"2021-03-09T11:23:17","date_gmt":"2021-03-09T10:23:17","guid":{"rendered":"https:\/\/www.dvc.video\/analog-hd-videofelugyelet\/"},"modified":"2023-04-24T08:05:54","modified_gmt":"2023-04-24T06:05:54","slug":"analog-hd-videofelugyelet","status":"publish","type":"page","link":"https:\/\/www.dvc.video\/hu\/analog-hd-videofelugyelet\/","title":{"rendered":"Anal\u00f3g HD videofel\u00fcgyelet"},"content":{"rendered":"<p>[et_pb_section fb_built=&#8221;1&#8243; _builder_version=&#8221;4.20.2&#8243; _module_preset=&#8221;default&#8221; background_enable_color=&#8221;off&#8221; background_image=&#8221;https:\/\/www.dvc.video\/wp-content\/uploads\/2021\/03\/bcg-red-triangle.jpg&#8221; height=&#8221;150px&#8221; height_last_edited=&#8221;off|desktop&#8221; custom_padding=&#8221;34px||34px||true|false&#8221; global_module=&#8221;793&#8243; saved_tabs=&#8221;all&#8221; global_colors_info=&#8221;{}&#8221;][et_pb_row _builder_version=&#8221;4.16&#8243; _module_preset=&#8221;default&#8221; global_colors_info=&#8221;{}&#8221;][et_pb_column type=&#8221;4_4&#8243; _builder_version=&#8221;4.16&#8243; _module_preset=&#8221;default&#8221; global_colors_info=&#8221;{}&#8221;][et_pb_text _builder_version=&#8221;4.20.0&#8243; _dynamic_attributes=&#8221;content&#8221; _module_preset=&#8221;default&#8221; header_text_color=&#8221;#FFFFFF&#8221; header_line_height=&#8221;1.3em&#8221; header_font_size_tablet=&#8221;&#8221; header_font_size_phone=&#8221;&#8221; header_font_size_last_edited=&#8221;on|desktop&#8221; global_colors_info=&#8221;{}&#8221;]@ET-DC@eyJkeW5hbWljIjp0cnVlLCJjb250ZW50IjoicG9zdF90aXRsZSIsInNldHRpbmdzIjp7ImJlZm9yZSI6IjxoMT4iLCJhZnRlciI6IjxcL2gxPiJ9fQ==@[\/et_pb_text][\/et_pb_column][\/et_pb_row][\/et_pb_section][et_pb_section fb_built=&#8221;1&#8243; _builder_version=&#8221;4.16&#8243; _module_preset=&#8221;default&#8221; global_colors_info=&#8221;{}&#8221;][et_pb_row _builder_version=&#8221;4.16&#8243; _module_preset=&#8221;default&#8221; global_colors_info=&#8221;{}&#8221;][et_pb_column type=&#8221;4_4&#8243; _builder_version=&#8221;4.16&#8243; _module_preset=&#8221;default&#8221; global_colors_info=&#8221;{}&#8221;][et_pb_text _builder_version=&#8221;4.16&#8243; _module_preset=&#8221;default&#8221; global_colors_info=&#8221;{}&#8221;]<\/p>\n<p>A DVC AHD vide\u00f3megfigyel\u00e9si rendszereket leggyakrabban olyan felhaszn\u00e1l\u00f3k lak\u00f3- \u00e9s kereskedelmi helyis\u00e9geinek biztos\u00edt\u00e1s\u00e1ra haszn\u00e1lj\u00e1k, akik a megl\u00e9v\u0151 anal\u00f3g rendszert a megl\u00e9v\u0151 koaxi\u00e1lis k\u00e1belrendszerek cser\u00e9je n\u00e9lk\u00fcl szeretn\u00e9k fejleszteni.<\/p>\n<p>A koaxi\u00e1lis k\u00e1belen kereszt\u00fcl ak\u00e1r 500 m-es t\u00e1vols\u00e1gon kereszt\u00fcl t\u00f6rt\u00e9n\u0151 anal\u00f3g videojelek anal\u00f3g \u00e1tvitel\u00e9t alkalmaz\u00f3 anal\u00f3g HD technol\u00f3gia egy anal\u00f3g videofel\u00fcgyeleti rendszerhez k\u00e9sz\u00fclt, amely azonban nagy ter\u00fcletet k\u00e9pes lefedni nagy felbont\u00e1s\u00fa k\u00e9pekkel.<\/p>\n<p>[\/et_pb_text][et_pb_text _builder_version=&#8221;4.20.4&#8243; _module_preset=&#8221;default&#8221; hover_enabled=&#8221;0&#8243; global_colors_info=&#8221;{}&#8221; sticky_enabled=&#8221;0&#8243;]<\/p>\n<h2>Ak\u00e1r 8Mpx felbont\u00e1s koaxi\u00e1lis k\u00e1belen kereszt\u00fcl<\/h2>\n<p>A 8Mpx-es felbont\u00e1ssal az anal\u00f3g HD technol\u00f3gia megk\u00f6zel\u00edtette az IP-vide\u00f3t. A koaxi\u00e1lis k\u00e1belen kereszt\u00fcli anal\u00f3g videojel\u00e1tvitelt haszn\u00e1lva az anal\u00f3g HD technol\u00f3gia lehet\u0151v\u00e9 teszi egy olyan videofel\u00fcgyeleti rendszer l\u00e9trehoz\u00e1s\u00e1t, amely 8Mpx, 5Mpx, 4Mpx, 2Mpx vagy 1Mpx felbont\u00e1ssal nagy ter\u00fcletet k\u00e9pes lefedni, kiv\u00e1l\u00f3 k\u00e9pmin\u0151s\u00e9ggel.<\/p>\n<p>[\/et_pb_text][et_pb_text _builder_version=&#8221;4.20.4&#8243; _module_preset=&#8221;default&#8221; hover_enabled=&#8221;0&#8243; global_colors_info=&#8221;{}&#8221; sticky_enabled=&#8221;0&#8243;]<\/p>\n<h2>Pentabrid DVC anal\u00f3g HD r\u00f6gz\u00edt\u0151k<\/h2>\n<p>A HD (AHD, CVI \u00e9s TVI) \u00e9s anal\u00f3g kamer\u00e1k mellett tov\u00e1bbi 1-8 DVC IP kamera csatlakoztathat\u00f3 DVC anal\u00f3g HD r\u00f6gz\u00edt\u0151kh\u00f6z. \u00cdgy a felvev\u0151n l\u00e9v\u0151 tov\u00e1bbi vide\u00f3csatorn\u00e1k mellett a rugalmass\u00e1g \u00e9s az IP-technol\u00f3gia haszn\u00e1lata az anal\u00f3g HD-rendszerekben is lehet\u0151v\u00e9 v\u00e1lik. A pentabrid DVC anal\u00f3g HD r\u00f6gz\u00edt\u0151kh\u00f6z csatlakoztathat\u00f3 DVC IP kamer\u00e1k felbont\u00e1sa 8Mpx, 5Mpx, 4Mpx, 3Mpx \u00e9s 2Mpx, H.265+ \u00e9s H.264+ t\u00f6m\u00f6r\u00edt\u00e9ssel. Ez hasznos lehet abban az esetben, ha a felhaszn\u00e1l\u00f3 a megl\u00e9v\u0151 rendszert \u00fagy k\u00edv\u00e1nja korszer\u0171s\u00edteni, hogy t\u00f6bb anal\u00f3g kamer\u00e1t kieg\u00e9sz\u00edt anal\u00f3g HD \u00e9s IP kamer\u00e1kkal egy pentabrid DVC anal\u00f3g HD felvev\u0151 haszn\u00e1lat\u00e1val.<\/p>\n<p>[\/et_pb_text][et_pb_text _builder_version=&#8221;4.16&#8243; _module_preset=&#8221;default&#8221; global_colors_info=&#8221;{}&#8221;]<\/p>\n<h2>4 az 1-ben technol\u00f3gia<\/h2>\n<p>A 4 az 1-ben technol\u00f3gia lehet\u0151v\u00e9 teszi, hogy az \u00f6sszes DVC anal\u00f3g HD kamera a 4 \u00fczemm\u00f3d valamelyik\u00e9ben m\u0171k\u00f6dj\u00f6n. Ez azt jelenti, hogy ezek a HD kamer\u00e1k kompatibilisek az \u00f6sszes HD anal\u00f3g felvev\u0151vel: AHD, HD-TVI, HD CVI, valamint a r\u00e9gebbi gener\u00e1ci\u00f3s anal\u00f3g r\u00f6gz\u00edt\u0151kkel.<\/p>\n<p>[\/et_pb_text][et_pb_text _builder_version=&#8221;4.16&#8243; _module_preset=&#8221;default&#8221; global_colors_info=&#8221;{}&#8221;]<\/p>\n<h2>Felv\u00e9tel s\u00f6t\u00e9tben<\/h2>\n<p>A teljes s\u00f6t\u00e9ts\u00e9gben t\u00f6rt\u00e9n\u0151 felv\u00e9telk\u00e9sz\u00edt\u00e9shez infrav\u00f6r\u00f6s f\u00e9nyt kibocs\u00e1t\u00f3 IR LED-eket haszn\u00e1lnak, amelyek infrav\u00f6r\u00f6s f\u00e9nyt bocs\u00e1tanak ki. Az ilyen vil\u00e1g\u00edt\u00e1s az emberi szem sz\u00e1m\u00e1ra l\u00e1thatatlan, de az ezt haszn\u00e1l\u00f3 kamer\u00e1k \u00e9rz\u00e9kenyek r\u00e1. A DVC k\u00fclt\u00e9ri IR kamer\u00e1k a szok\u00e1sos mellett k\u00fcl\u00f6nb\u00f6z\u0151 t\u00edpus\u00fa \u00faj IR LED-eket haszn\u00e1lnak, mint p\u00e9ld\u00e1ul az Array LED (kevesebb mint 10 LED-del rendelkezik, hosszabb \u00e9lettartam\u00fa, nagy tisztas\u00e1g\u00fa tiszta k\u00e9pet ad \u00e9s kisebb m\u00e9retekkel rendelkezik), vagy a Black Glass LED, amely olyan kompozit anyagb\u00f3l k\u00e9sz\u00fclt, amely a l\u00e1that\u00f3 f\u00e9ny blokkol\u00e1sa mellett \u00e1tereszti a vil\u00e1g\u00edt\u00e1s infrav\u00f6r\u00f6s spektrum\u00e1t.<\/p>\n<p>[\/et_pb_text][et_pb_text _builder_version=&#8221;4.16&#8243; _module_preset=&#8221;default&#8221; global_colors_info=&#8221;{}&#8221;]<\/p>\n<h2>COC (Control Over Coax)<\/h2>\n<p>A DVC anal\u00f3g HD kamer\u00e1k koaxi\u00e1lis k\u00e1belen kereszt\u00fcli vez\u00e9rl\u00e9se lehet\u0151v\u00e9 teszi az OSD b\u00f6ng\u00e9sz\u0151h\u00f6z val\u00f3 hozz\u00e1f\u00e9r\u00e9st mag\u00e1r\u00f3l a felvev\u0151b\u0151l. Tov\u00e1bb\u00e1, csak egy koaxi\u00e1lis k\u00e1bel haszn\u00e1lat\u00e1val lehet\u0151s\u00e9g van a DVC anal\u00f3g HD PTZ kamer\u00e1k vez\u00e9rl\u00e9s\u00e9re an\u00e9lk\u00fcl, hogy tov\u00e1bbi kommunik\u00e1ci\u00f3ra lenne sz\u00fcks\u00e9g a vez\u00e9rl\u0151 billenty\u0171zetekkel egy k\u00e9tvezet\u00e9kes k\u00e1belen kereszt\u00fcl, RS485 protokollt haszn\u00e1lva. A kamer\u00e1k vez\u00e9rl\u00e9s\u00e9nek ez a m\u00f3dja egyszer\u0171bb, mivel nincs sz\u00fcks\u00e9g a kamer\u00e1khoz val\u00f3 fizikai hozz\u00e1f\u00e9r\u00e9sre, \u00e9s olcs\u00f3bb, mivel a PTZ-kamer\u00e1k vez\u00e9rl\u00e9s\u00e9hez nem sz\u00fcks\u00e9ges tov\u00e1bbi k\u00e1belt h\u00fazni.<\/p>\n<p>[\/et_pb_text][\/et_pb_column][\/et_pb_row][\/et_pb_section]<\/p>\n","protected":false},"excerpt":{"rendered":"<p>A DVC AHD vide\u00f3megfigyel\u00e9si rendszereket leggyakrabban olyan felhaszn\u00e1l\u00f3k lak\u00f3- \u00e9s kereskedelmi helyis\u00e9geinek biztos\u00edt\u00e1s\u00e1ra haszn\u00e1lj\u00e1k, akik a megl\u00e9v\u0151 anal\u00f3g rendszert a megl\u00e9v\u0151 koaxi\u00e1lis k\u00e1belrendszerek cser\u00e9je n\u00e9lk\u00fcl szeretn\u00e9k fejleszteni.A koaxi\u00e1lis k\u00e1belen kereszt\u00fcl ak\u00e1r 500 m-es t\u00e1vols\u00e1gon kereszt\u00fcl t\u00f6rt\u00e9n\u0151 anal\u00f3g videojelek anal\u00f3g \u00e1tvitel\u00e9t alkalmaz\u00f3 anal\u00f3g HD technol\u00f3gia egy anal\u00f3g videofel\u00fcgyeleti rendszerhez k\u00e9sz\u00fclt, amely azonban nagy ter\u00fcletet k\u00e9pes lefedni [&hellip;]<\/p>\n","protected":false},"author":9,"featured_media":0,"parent":0,"menu_order":0,"comment_status":"closed","ping_status":"closed","template":"","meta":{"_et_pb_use_builder":"on","_et_pb_old_content":"","_et_gb_content_width":"","footnotes":""},"class_list":["post-15622","page","type-page","status-publish","hentry"],"_links":{"self":[{"href":"https:\/\/www.dvc.video\/hu\/wp-json\/wp\/v2\/pages\/15622","targetHints":{"allow":["GET"]}}],"collection":[{"href":"https:\/\/www.dvc.video\/hu\/wp-json\/wp\/v2\/pages"}],"about":[{"href":"https:\/\/www.dvc.video\/hu\/wp-json\/wp\/v2\/types\/page"}],"author":[{"embeddable":true,"href":"https:\/\/www.dvc.video\/hu\/wp-json\/wp\/v2\/users\/9"}],"replies":[{"embeddable":true,"href":"https:\/\/www.dvc.video\/hu\/wp-json\/wp\/v2\/comments?post=15622"}],"version-history":[{"count":0,"href":"https:\/\/www.dvc.video\/hu\/wp-json\/wp\/v2\/pages\/15622\/revisions"}],"wp:attachment":[{"href":"https:\/\/www.dvc.video\/hu\/wp-json\/wp\/v2\/media?parent=15622"}],"curies":[{"name":"wp","href":"https:\/\/api.w.org\/{rel}","templated":true}]}}