{"id":33884,"date":"2025-05-06T09:32:21","date_gmt":"2025-05-06T07:32:21","guid":{"rendered":"https:\/\/www.dvc.video\/proizvod\/Bez%20kategorije\/dvc-dt-dbc4f\/"},"modified":"2026-04-18T05:03:40","modified_gmt":"2026-04-18T03:03:40","slug":"dvc-dt-dbc4f","status":"publish","type":"product","link":"https:\/\/www.dvc.video\/hr\/proizvod\/interfoni-i-videointerfoni\/komponente-sustava\/dvc-dt-dbc4f\/","title":{"rendered":"DVC DT-DBC4F"},"content":{"rendered":"","protected":false},"excerpt":{"rendered":"<p>Distributor sa 4 izlaza za monitore (NIJE za vanjske jedinice) na ugradnju na din \u0161inu sa mogu\u0107no\u0161\u0107u specijaliziranja DIP sklopkama. Koristi se za povezivanje ili DX monitora ili DT\/DF monitora; ne podr\u017eava kombiniranje<\/p>\n","protected":false},"featured_media":34468,"template":"","meta":{"_et_pb_use_builder":"","_et_pb_old_content":"","_et_gb_content_width":""},"product_brand":[],"product_cat":[107,138],"product_tag":[],"class_list":{"0":"post-33884","1":"product","2":"type-product","3":"status-publish","4":"has-post-thumbnail","6":"product_cat-interfoni-i-videointerfoni","7":"product_cat-komponente-sustava","9":"first","10":"instock","11":"shipping-taxable","12":"product-type-simple"},"_links":{"self":[{"href":"https:\/\/www.dvc.video\/hr\/wp-json\/wp\/v2\/product\/33884","targetHints":{"allow":["GET"]}}],"collection":[{"href":"https:\/\/www.dvc.video\/hr\/wp-json\/wp\/v2\/product"}],"about":[{"href":"https:\/\/www.dvc.video\/hr\/wp-json\/wp\/v2\/types\/product"}],"wp:featuredmedia":[{"embeddable":true,"href":"https:\/\/www.dvc.video\/hr\/wp-json\/wp\/v2\/media\/34468"}],"wp:attachment":[{"href":"https:\/\/www.dvc.video\/hr\/wp-json\/wp\/v2\/media?parent=33884"}],"wp:term":[{"taxonomy":"product_brand","embeddable":true,"href":"https:\/\/www.dvc.video\/hr\/wp-json\/wp\/v2\/product_brand?post=33884"},{"taxonomy":"product_cat","embeddable":true,"href":"https:\/\/www.dvc.video\/hr\/wp-json\/wp\/v2\/product_cat?post=33884"},{"taxonomy":"product_tag","embeddable":true,"href":"https:\/\/www.dvc.video\/hr\/wp-json\/wp\/v2\/product_tag?post=33884"}],"curies":[{"name":"wp","href":"https:\/\/api.w.org\/{rel}","templated":true}]}}