{"id":32470,"date":"2025-01-21T14:31:22","date_gmt":"2025-01-21T13:31:22","guid":{"rendered":"https:\/\/www.dvc.video\/proizvod\/Bez%20kategorije\/dosn-78\/"},"modified":"2026-05-09T05:04:46","modified_gmt":"2026-05-09T03:04:46","slug":"dosn-78","status":"publish","type":"product","link":"https:\/\/www.dvc.video\/hr\/proizvod\/videonadzor\/serveri-i-oprema\/dosn-78\/","title":{"rendered":"DOSN-78"},"content":{"rendered":"","protected":false},"excerpt":{"rendered":"<p>DVC VMS Server sa ugra\u0111enim NVMS2.0 STANDARD, podr\u0161ka za do 1000 kanala, 256 snima\u010da, 300 IP kamera direktno, 4 x HDMI video izlaza, 8 x HDD pohrana.<\/p>\n","protected":false},"featured_media":32878,"template":"","meta":{"_et_pb_use_builder":"","_et_pb_old_content":"","_et_gb_content_width":""},"product_brand":[],"product_cat":[154,106],"product_tag":[],"class_list":{"0":"post-32470","1":"product","2":"type-product","3":"status-publish","4":"has-post-thumbnail","6":"product_cat-serveri-i-oprema","7":"product_cat-videonadzor","9":"first","10":"instock","11":"shipping-taxable","12":"product-type-simple"},"_links":{"self":[{"href":"https:\/\/www.dvc.video\/hr\/wp-json\/wp\/v2\/product\/32470","targetHints":{"allow":["GET"]}}],"collection":[{"href":"https:\/\/www.dvc.video\/hr\/wp-json\/wp\/v2\/product"}],"about":[{"href":"https:\/\/www.dvc.video\/hr\/wp-json\/wp\/v2\/types\/product"}],"wp:featuredmedia":[{"embeddable":true,"href":"https:\/\/www.dvc.video\/hr\/wp-json\/wp\/v2\/media\/32878"}],"wp:attachment":[{"href":"https:\/\/www.dvc.video\/hr\/wp-json\/wp\/v2\/media?parent=32470"}],"wp:term":[{"taxonomy":"product_brand","embeddable":true,"href":"https:\/\/www.dvc.video\/hr\/wp-json\/wp\/v2\/product_brand?post=32470"},{"taxonomy":"product_cat","embeddable":true,"href":"https:\/\/www.dvc.video\/hr\/wp-json\/wp\/v2\/product_cat?post=32470"},{"taxonomy":"product_tag","embeddable":true,"href":"https:\/\/www.dvc.video\/hr\/wp-json\/wp\/v2\/product_tag?post=32470"}],"curies":[{"name":"wp","href":"https:\/\/api.w.org\/{rel}","templated":true}]}}