{"id":3110,"date":"2021-05-18T12:40:49","date_gmt":"2021-05-18T10:40:49","guid":{"rendered":"https:\/\/www.dvc.video\/proizvod\/Bez%20kategorije\/dvc-ix850\/"},"modified":"2026-05-09T05:04:09","modified_gmt":"2026-05-09T03:04:09","slug":"dvc-ix850","status":"publish","type":"product","link":"https:\/\/www.dvc.video\/hr\/proizvod\/interfoni-i-videointerfoni\/vanjske-jedinice\/dvc-ix850\/","title":{"rendered":"DVC IX850"},"content":{"rendered":"","protected":false},"excerpt":{"rendered":"<p>Vanjska IP video pozivna jedinica s 720p fish-eye kamerom u boji i 5&#8221; TFT ekranom. Ugra\u0111ena tipkovnica i RFID \u010dita\u010d kartica (125kHz i 13,56MHz). IP 65 za\u0161tita. Odabir stanara odabirom iz imenika putem TFT zaslona ili  unosom pozivne \u0161ifre. Nad\u017ebukna ugradnja.<\/p>\n","protected":false},"featured_media":3108,"template":"","meta":{"_et_pb_use_builder":"","_et_pb_old_content":"","_et_gb_content_width":""},"product_brand":[],"product_cat":[107,143],"product_tag":[],"class_list":{"0":"post-3110","1":"product","2":"type-product","3":"status-publish","4":"has-post-thumbnail","6":"product_cat-interfoni-i-videointerfoni","7":"product_cat-vanjske-jedinice","9":"first","10":"instock","11":"shipping-taxable","12":"product-type-simple"},"_links":{"self":[{"href":"https:\/\/www.dvc.video\/hr\/wp-json\/wp\/v2\/product\/3110","targetHints":{"allow":["GET"]}}],"collection":[{"href":"https:\/\/www.dvc.video\/hr\/wp-json\/wp\/v2\/product"}],"about":[{"href":"https:\/\/www.dvc.video\/hr\/wp-json\/wp\/v2\/types\/product"}],"wp:featuredmedia":[{"embeddable":true,"href":"https:\/\/www.dvc.video\/hr\/wp-json\/wp\/v2\/media\/3108"}],"wp:attachment":[{"href":"https:\/\/www.dvc.video\/hr\/wp-json\/wp\/v2\/media?parent=3110"}],"wp:term":[{"taxonomy":"product_brand","embeddable":true,"href":"https:\/\/www.dvc.video\/hr\/wp-json\/wp\/v2\/product_brand?post=3110"},{"taxonomy":"product_cat","embeddable":true,"href":"https:\/\/www.dvc.video\/hr\/wp-json\/wp\/v2\/product_cat?post=3110"},{"taxonomy":"product_tag","embeddable":true,"href":"https:\/\/www.dvc.video\/hr\/wp-json\/wp\/v2\/product_tag?post=3110"}],"curies":[{"name":"wp","href":"https:\/\/api.w.org\/{rel}","templated":true}]}}