{"id":3077,"date":"2021-05-18T12:38:33","date_gmt":"2021-05-18T10:38:33","guid":{"rendered":"https:\/\/www.dvc.video\/proizvod\/Bez%20kategorije\/dvc-dt607-fe-id-s4-rh\/"},"modified":"2026-04-18T05:03:19","modified_gmt":"2026-04-18T03:03:19","slug":"dvc-dt607-fe-id-s4-rh","status":"publish","type":"product","link":"https:\/\/www.dvc.video\/hr\/proizvod\/interfoni-i-videointerfoni\/vanjske-jedinice\/dvc-dt607-fe-id-s4-rh\/","title":{"rendered":"DVC DT607\/FE\/ID\/S4\/RH"},"content":{"rendered":"","protected":false},"excerpt":{"rendered":"<p>Vanjska pozivna jedinica s Fisheye kamerom u boji (170\u00b0) i 4 pozivne tipke. Izra\u0111ena od nehr\u0111aju\u0107eg \u010delika. IP54 za\u0161tita. Ugra\u0111en RFID \u010dita\u010d. Nad\u017ebukna ugradnja. Napajanje 24 VDC. U kompletu dolazi 7 kom RFID privjesaka.Nad\u017ebukna ugradnja.<\/p>\n","protected":false},"featured_media":3075,"template":"","meta":{"_et_pb_use_builder":"","_et_pb_old_content":"","_et_gb_content_width":""},"product_brand":[],"product_cat":[107,143],"product_tag":[],"class_list":{"0":"post-3077","1":"product","2":"type-product","3":"status-publish","4":"has-post-thumbnail","6":"product_cat-interfoni-i-videointerfoni","7":"product_cat-vanjske-jedinice","9":"first","10":"instock","11":"shipping-taxable","12":"product-type-simple"},"_links":{"self":[{"href":"https:\/\/www.dvc.video\/hr\/wp-json\/wp\/v2\/product\/3077","targetHints":{"allow":["GET"]}}],"collection":[{"href":"https:\/\/www.dvc.video\/hr\/wp-json\/wp\/v2\/product"}],"about":[{"href":"https:\/\/www.dvc.video\/hr\/wp-json\/wp\/v2\/types\/product"}],"wp:featuredmedia":[{"embeddable":true,"href":"https:\/\/www.dvc.video\/hr\/wp-json\/wp\/v2\/media\/3075"}],"wp:attachment":[{"href":"https:\/\/www.dvc.video\/hr\/wp-json\/wp\/v2\/media?parent=3077"}],"wp:term":[{"taxonomy":"product_brand","embeddable":true,"href":"https:\/\/www.dvc.video\/hr\/wp-json\/wp\/v2\/product_brand?post=3077"},{"taxonomy":"product_cat","embeddable":true,"href":"https:\/\/www.dvc.video\/hr\/wp-json\/wp\/v2\/product_cat?post=3077"},{"taxonomy":"product_tag","embeddable":true,"href":"https:\/\/www.dvc.video\/hr\/wp-json\/wp\/v2\/product_tag?post=3077"}],"curies":[{"name":"wp","href":"https:\/\/api.w.org\/{rel}","templated":true}]}}