{"id":3008,"date":"2021-05-18T12:34:04","date_gmt":"2021-05-18T10:34:04","guid":{"rendered":"https:\/\/www.dvc.video\/proizvod\/Bez%20kategorije\/dvc-821-3x1-s\/"},"modified":"2026-04-25T05:05:44","modified_gmt":"2026-04-25T03:05:44","slug":"dvc-821-3x1-s","status":"publish","type":"product","link":"https:\/\/www.dvc.video\/hr\/proizvod\/interfoni-i-videointerfoni\/okviri-kutije\/dvc-821-3x1-s\/","title":{"rendered":"DVC 821\/3X1-S"},"content":{"rendered":"","protected":false},"excerpt":{"rendered":"<p>Okvir serije DVC 821 za smje\u0161taj 3 modula u jednom stupcu, uklju\u010duje prednjicu od ner\u0111aju\u0107eg \u010delika, kutiju i okvir za za\u0161titu od ki\u0161e, nad\u017ebukna ugradnja<\/p>\n","protected":false},"featured_media":34519,"template":"","meta":{"_et_pb_use_builder":"","_et_pb_old_content":"","_et_gb_content_width":""},"product_brand":[],"product_cat":[107,141],"product_tag":[],"class_list":{"0":"post-3008","1":"product","2":"type-product","3":"status-publish","4":"has-post-thumbnail","6":"product_cat-interfoni-i-videointerfoni","7":"product_cat-okviri-kutije","9":"first","10":"instock","11":"shipping-taxable","12":"product-type-simple"},"_links":{"self":[{"href":"https:\/\/www.dvc.video\/hr\/wp-json\/wp\/v2\/product\/3008","targetHints":{"allow":["GET"]}}],"collection":[{"href":"https:\/\/www.dvc.video\/hr\/wp-json\/wp\/v2\/product"}],"about":[{"href":"https:\/\/www.dvc.video\/hr\/wp-json\/wp\/v2\/types\/product"}],"wp:featuredmedia":[{"embeddable":true,"href":"https:\/\/www.dvc.video\/hr\/wp-json\/wp\/v2\/media\/34519"}],"wp:attachment":[{"href":"https:\/\/www.dvc.video\/hr\/wp-json\/wp\/v2\/media?parent=3008"}],"wp:term":[{"taxonomy":"product_brand","embeddable":true,"href":"https:\/\/www.dvc.video\/hr\/wp-json\/wp\/v2\/product_brand?post=3008"},{"taxonomy":"product_cat","embeddable":true,"href":"https:\/\/www.dvc.video\/hr\/wp-json\/wp\/v2\/product_cat?post=3008"},{"taxonomy":"product_tag","embeddable":true,"href":"https:\/\/www.dvc.video\/hr\/wp-json\/wp\/v2\/product_tag?post=3008"}],"curies":[{"name":"wp","href":"https:\/\/api.w.org\/{rel}","templated":true}]}}