{"id":2963,"date":"2021-05-18T12:30:19","date_gmt":"2021-05-18T10:30:19","guid":{"rendered":"https:\/\/www.dvc.video\/proizvod\/Bez%20kategorije\/dvc-821-m4-1\/"},"modified":"2026-05-09T05:01:41","modified_gmt":"2026-05-09T03:01:41","slug":"dvc-821-m4-1","status":"publish","type":"product","link":"https:\/\/www.dvc.video\/hr\/proizvod\/interfoni-i-videointerfoni\/moduli-za-vanjske-jedinice\/dvc-821-m4-1\/","title":{"rendered":"DVC 821\/M4-1"},"content":{"rendered":"","protected":false},"excerpt":{"rendered":"<p>Modul s 1. mehani\u010dkom pozivnom tipkom i pozadinskim osvjetljenjem, za smje\u0161taj u okvir serije DVC 821.  Vanjska jedinca podr\u017eava do 64 pozivne tipke. IP54<\/p>\n","protected":false},"featured_media":2961,"template":"","meta":{"_et_pb_use_builder":"","_et_pb_old_content":"","_et_gb_content_width":""},"product_brand":[],"product_cat":[107,139],"product_tag":[],"class_list":{"0":"post-2963","1":"product","2":"type-product","3":"status-publish","4":"has-post-thumbnail","6":"product_cat-interfoni-i-videointerfoni","7":"product_cat-moduli-za-vanjske-jedinice","9":"first","10":"instock","11":"shipping-taxable","12":"product-type-simple"},"_links":{"self":[{"href":"https:\/\/www.dvc.video\/hr\/wp-json\/wp\/v2\/product\/2963","targetHints":{"allow":["GET"]}}],"collection":[{"href":"https:\/\/www.dvc.video\/hr\/wp-json\/wp\/v2\/product"}],"about":[{"href":"https:\/\/www.dvc.video\/hr\/wp-json\/wp\/v2\/types\/product"}],"wp:featuredmedia":[{"embeddable":true,"href":"https:\/\/www.dvc.video\/hr\/wp-json\/wp\/v2\/media\/2961"}],"wp:attachment":[{"href":"https:\/\/www.dvc.video\/hr\/wp-json\/wp\/v2\/media?parent=2963"}],"wp:term":[{"taxonomy":"product_brand","embeddable":true,"href":"https:\/\/www.dvc.video\/hr\/wp-json\/wp\/v2\/product_brand?post=2963"},{"taxonomy":"product_cat","embeddable":true,"href":"https:\/\/www.dvc.video\/hr\/wp-json\/wp\/v2\/product_cat?post=2963"},{"taxonomy":"product_tag","embeddable":true,"href":"https:\/\/www.dvc.video\/hr\/wp-json\/wp\/v2\/product_tag?post=2963"}],"curies":[{"name":"wp","href":"https:\/\/api.w.org\/{rel}","templated":true}]}}