{"id":2906,"date":"2021-05-18T12:25:59","date_gmt":"2021-05-18T10:25:59","guid":{"rendered":"https:\/\/www.dvc.video\/proizvod\/Bez%20kategorije\/dvc-ix-dj401\/"},"modified":"2026-04-27T08:19:31","modified_gmt":"2026-04-27T06:19:31","slug":"dvc-ix-dj401","status":"publish","type":"product","link":"https:\/\/www.dvc.video\/hr\/proizvod\/interfoni-i-videointerfoni\/dodaci-za-unutarnje-jedinice\/dvc-ix-dj401\/","title":{"rendered":"DVC IX-DJ401"},"content":{"rendered":"","protected":false},"excerpt":{"rendered":"<p>Audio slu\u0161alica za DVC IP interfonske sustave, koristi se za pretvaranje hands-free monitora DVC IX471 u monitor sa slu\u0161alicom.Preporu\u010deno kori\u0161tenje dodatnog nosa\u010da DVC IX-Bracket<\/p>\n","protected":false},"featured_media":2904,"template":"","meta":{"_et_pb_use_builder":"","_et_pb_old_content":"","_et_gb_content_width":""},"product_brand":[],"product_cat":[136,107],"product_tag":[],"class_list":{"0":"post-2906","1":"product","2":"type-product","3":"status-publish","4":"has-post-thumbnail","6":"product_cat-dodaci-za-unutarnje-jedinice","7":"product_cat-interfoni-i-videointerfoni","9":"first","10":"instock","11":"shipping-taxable","12":"product-type-simple"},"_links":{"self":[{"href":"https:\/\/www.dvc.video\/hr\/wp-json\/wp\/v2\/product\/2906","targetHints":{"allow":["GET"]}}],"collection":[{"href":"https:\/\/www.dvc.video\/hr\/wp-json\/wp\/v2\/product"}],"about":[{"href":"https:\/\/www.dvc.video\/hr\/wp-json\/wp\/v2\/types\/product"}],"wp:featuredmedia":[{"embeddable":true,"href":"https:\/\/www.dvc.video\/hr\/wp-json\/wp\/v2\/media\/2904"}],"wp:attachment":[{"href":"https:\/\/www.dvc.video\/hr\/wp-json\/wp\/v2\/media?parent=2906"}],"wp:term":[{"taxonomy":"product_brand","embeddable":true,"href":"https:\/\/www.dvc.video\/hr\/wp-json\/wp\/v2\/product_brand?post=2906"},{"taxonomy":"product_cat","embeddable":true,"href":"https:\/\/www.dvc.video\/hr\/wp-json\/wp\/v2\/product_cat?post=2906"},{"taxonomy":"product_tag","embeddable":true,"href":"https:\/\/www.dvc.video\/hr\/wp-json\/wp\/v2\/product_tag?post=2906"}],"curies":[{"name":"wp","href":"https:\/\/api.w.org\/{rel}","templated":true}]}}