{"id":21784,"date":"2023-06-05T10:34:27","date_gmt":"2023-06-05T08:34:27","guid":{"rendered":"https:\/\/www.dvc.video\/proizvod\/Bez%20kategorije\/dvc-dx470\/"},"modified":"2026-04-11T05:03:37","modified_gmt":"2026-04-11T03:03:37","slug":"dvc-dx470","status":"publish","type":"product","link":"https:\/\/www.dvc.video\/hr\/proizvod\/interfoni-i-videointerfoni\/unutarnje-jedinice\/dvc-dx470\/","title":{"rendered":"DVC DX470"},"content":{"rendered":"","protected":false},"excerpt":{"rendered":"<p>7&#8221; hands-free monitor za DVC 2-wire interfonske sustave. Izbornik na hrvatskom jeziku, Interna memorija poziva, mogu\u0107nost pro\u0161irenja kori\u0161tenjem SD kartice, mogu\u0107nost preusmjeravanja poziva na aplikaciju, mogu\u0107nost vodoravne i okomite ugradnje. Podr\u017eava funkcije slika-u-slici i quad view. Izravno povezivanje na internet putem WiFi-a. Nije potreban DVC DT-IPG modul.<\/p>\n","protected":false},"featured_media":21774,"template":"","meta":{"_et_pb_use_builder":"","_et_pb_old_content":"","_et_gb_content_width":""},"product_brand":[],"product_cat":[107,142],"product_tag":[],"class_list":{"0":"post-21784","1":"product","2":"type-product","3":"status-publish","4":"has-post-thumbnail","6":"product_cat-interfoni-i-videointerfoni","7":"product_cat-unutarnje-jedinice","9":"first","10":"instock","11":"shipping-taxable","12":"product-type-simple"},"_links":{"self":[{"href":"https:\/\/www.dvc.video\/hr\/wp-json\/wp\/v2\/product\/21784","targetHints":{"allow":["GET"]}}],"collection":[{"href":"https:\/\/www.dvc.video\/hr\/wp-json\/wp\/v2\/product"}],"about":[{"href":"https:\/\/www.dvc.video\/hr\/wp-json\/wp\/v2\/types\/product"}],"wp:featuredmedia":[{"embeddable":true,"href":"https:\/\/www.dvc.video\/hr\/wp-json\/wp\/v2\/media\/21774"}],"wp:attachment":[{"href":"https:\/\/www.dvc.video\/hr\/wp-json\/wp\/v2\/media?parent=21784"}],"wp:term":[{"taxonomy":"product_brand","embeddable":true,"href":"https:\/\/www.dvc.video\/hr\/wp-json\/wp\/v2\/product_brand?post=21784"},{"taxonomy":"product_cat","embeddable":true,"href":"https:\/\/www.dvc.video\/hr\/wp-json\/wp\/v2\/product_cat?post=21784"},{"taxonomy":"product_tag","embeddable":true,"href":"https:\/\/www.dvc.video\/hr\/wp-json\/wp\/v2\/product_tag?post=21784"}],"curies":[{"name":"wp","href":"https:\/\/api.w.org\/{rel}","templated":true}]}}